{"id":33,"date":"2022-08-04T10:24:33","date_gmt":"2022-08-04T10:24:33","guid":{"rendered":"http:\/\/padelakustik2022.test\/?page_id=33"},"modified":"2023-03-13T12:14:29","modified_gmt":"2023-03-13T12:14:29","slug":"uber-uns","status":"publish","type":"page","link":"https:\/\/padelacoustics.com\/de\/uber-uns\/","title":{"rendered":"\u00dcber uns"},"content":{"rendered":"<div \n    class=\"align wp-block-two-columns py-12\">\n    <div class=\"overflow-hidden\">\n        <div\n            class=\" border-none  relative mx-auto max-w-7xl px-4 py-6 sm:px-6 lg:px-8\">\n                            <div class=\"mx-auto text-base\">\n                    <h2\n                        class=\"mt-2 text-3xl font-extrabold leading-8 tracking-tight text-gray-900 sm:text-4xl\">\n                        Wir stehen hinter Padelakustik!\n                        <\/h2>\n                <\/div>\n                        <div class=\"mt-4 flex items-baseline justify-start gap-6\">\n                \n                            <\/div>\n            <div class=\"mt-4 lg:grid lg:grid-cols-2 lg:gap-16\">\n                <div class=\"relative lg:col-start-2 lg:row-start-1\">\n                    <div class=\"relative mx-auto max-w-prose lg:max-w-none\">\n                        <div class=\"container\">\n                                                    <\/div>\n                    <\/div>\n                <\/div>\n                <div class=\"mt-8 lg:mt-0\">\n                    <div class=\"mx-auto max-w-prose text-base lg:max-w-none\">\n                                                                                                                        <div\n                                        class=\"prose mx-auto mt-5 text-gray-500 lg:col-start-1 lg:row-start-1 lg:max-w-none\">\n                                        <span class=\"wysiwyg-text\"><p>Padelakustik ist ein marktf\u00fchrendes Unternehmen mit Sitz im schwedischen J\u00f6nk\u00f6ping, das sich auf stilvolle akustische L\u00f6sungen f\u00fcr alle Arten von Umgebungen konzentriert. Mit unserer langj\u00e4hrigen Erfahrung im Studiobau und in der Schalld\u00e4mpfung von gro\u00dfen Veranstaltungsr\u00e4umen arbeiten wir nun auch uneingeschr\u00e4nkt an der Verbesserung der Akustik in Padel- und Sporthallen.<\/p>\n<\/span>\n                                    <\/div>\n                                                                                                                                <div\n                                        class=\"prose mx-auto mt-5 text-gray-500 lg:col-start-1 lg:row-start-1 lg:max-w-none\">\n                                        <span class=\"wysiwyg-text\"><p class=\"p1\">Wir entwerfen, liefern und montieren in ganz Europa und haben bereits 100 Padelhallen schallged\u00e4mpft: Von Haparanda in Nordschweden bis Madrid in Spanien \u2013 kein Projekt ist uns zu gro\u00df oder zu klein!<\/p>\n<\/span>\n                                    <\/div>\n                                                                                                                                <div\n                                        class=\"prose mx-auto mt-5 text-gray-500 lg:col-start-1 lg:row-start-1 lg:max-w-none\">\n                                        <span class=\"wysiwyg-text\"><p>Unsere St\u00e4rke liegt im Projektmanagement und darin, Ihnen als Kunde individuell zu helfen, bez\u00fcglich Budget, Bed\u00fcrfnisse und R\u00e4umlichkeiten in die richtigen Akustikl\u00f6sungen zu investieren. Wir stehen Ihnen von Anfang bis Ende unterst\u00fctzend zur Seite und bieten Ihnen Produkte ohne Zwischenh\u00e4ndler.<\/p>\n<\/span>\n                                    <\/div>\n                                                                                                                                <div\n                                        class=\"prose mx-auto mt-5 text-gray-500 lg:col-start-1 lg:row-start-1 lg:max-w-none\">\n                                        <span class=\"wysiwyg-text\"><p>Ein wichtiger Bestandteil unserer Gesch\u00e4ftsentwicklung ist die Nachhaltigkeit, weshalb wir stets auf der Suche nach Produkten mit einem geringeren \u00f6kologischen Fu\u00dfabdruck sind. Zahlreiche unserer Akustikstoffe sind GRS-zertifiziert und aus recycelten Materialien gewebt. Unsere Akustikstoffe werden zudem von Experten gem\u00e4\u00df ISO 354 und ISO 11654 im Labor getestet, um die Qualit\u00e4t hinsichtlich der D\u00e4mpfung von Hall und Echo zu gew\u00e4hrleisten.<\/p>\n<\/span>\n                                    <\/div>\n                                                                                                                                <div\n                                        class=\"prose mx-auto mt-5 text-gray-500 lg:col-start-1 lg:row-start-1 lg:max-w-none\">\n                                        <span class=\"wysiwyg-text\"><p>Eigent\u00fcmer und Gesch\u00e4ftsf\u00fchrer des Unternehmens sind Filip Jenv\u00e9n und M\u00e5ns Brorsson.<\/p>\n<\/span>\n                                    <\/div>\n                                                                                                        <\/div>\n                <\/div>\n            <\/div>\n        <\/div>\n    <\/div>\n<\/div>\n","protected":false},"excerpt":{"rendered":"","protected":false},"author":1,"featured_media":0,"parent":0,"menu_order":0,"comment_status":"closed","ping_status":"closed","template":"","meta":{"_acf_changed":false,"footnotes":""},"class_list":["post-33","page","type-page","status-publish","hentry"],"acf":[],"yoast_head":"<!-- This site is optimized with the Yoast SEO plugin v25.1 - https:\/\/yoast.com\/wordpress\/plugins\/seo\/ -->\n<title>\u00dcber uns - Padelacoustics<\/title>\n<meta name=\"robots\" content=\"index, follow, max-snippet:-1, max-image-preview:large, max-video-preview:-1\" \/>\n<link rel=\"canonical\" href=\"https:\/\/padelacoustics.com\/de\/uber-uns\/\" \/>\n<meta property=\"og:locale\" content=\"en_US\" \/>\n<meta property=\"og:type\" content=\"article\" \/>\n<meta property=\"og:title\" content=\"\u00dcber uns - Padelacoustics\" \/>\n<meta property=\"og:url\" content=\"https:\/\/padelacoustics.com\/de\/uber-uns\/\" \/>\n<meta property=\"og:site_name\" content=\"Padelakustik\" \/>\n<meta property=\"article:modified_time\" content=\"2023-03-13T12:14:29+00:00\" \/>\n<meta name=\"twitter:card\" content=\"summary_large_image\" \/>\n<script type=\"application\/ld+json\" class=\"yoast-schema-graph\">{\"@context\":\"https:\/\/schema.org\",\"@graph\":[{\"@type\":\"WebPage\",\"@id\":\"https:\/\/padelacoustics.com\/de\/uber-uns\/\",\"url\":\"https:\/\/padelacoustics.com\/de\/uber-uns\/\",\"name\":\"\u00dcber uns - Padelacoustics\",\"isPartOf\":{\"@id\":\"https:\/\/padelacoustics.com\/de\/#website\"},\"datePublished\":\"2022-08-04T10:24:33+00:00\",\"dateModified\":\"2023-03-13T12:14:29+00:00\",\"breadcrumb\":{\"@id\":\"https:\/\/padelacoustics.com\/de\/uber-uns\/#breadcrumb\"},\"inLanguage\":\"en-US\",\"potentialAction\":[{\"@type\":\"ReadAction\",\"target\":[\"https:\/\/padelacoustics.com\/de\/uber-uns\/\"]}]},{\"@type\":\"BreadcrumbList\",\"@id\":\"https:\/\/padelacoustics.com\/de\/uber-uns\/#breadcrumb\",\"itemListElement\":[{\"@type\":\"ListItem\",\"position\":1,\"name\":\"Home\",\"item\":\"https:\/\/padelacoustics.com\/de\/\"},{\"@type\":\"ListItem\",\"position\":2,\"name\":\"\u00dcber uns\"}]},{\"@type\":\"WebSite\",\"@id\":\"https:\/\/padelacoustics.com\/de\/#website\",\"url\":\"https:\/\/padelacoustics.com\/de\/\",\"name\":\"Padelakustik\",\"description\":\"Akustikl\u00f6sningar till din padelhall\",\"potentialAction\":[{\"@type\":\"SearchAction\",\"target\":{\"@type\":\"EntryPoint\",\"urlTemplate\":\"https:\/\/padelacoustics.com\/de\/?s={search_term_string}\"},\"query-input\":{\"@type\":\"PropertyValueSpecification\",\"valueRequired\":true,\"valueName\":\"search_term_string\"}}],\"inLanguage\":\"en-US\"}]}<\/script>\n<!-- \/ Yoast SEO plugin. -->","yoast_head_json":{"title":"\u00dcber uns - Padelacoustics","robots":{"index":"index","follow":"follow","max-snippet":"max-snippet:-1","max-image-preview":"max-image-preview:large","max-video-preview":"max-video-preview:-1"},"canonical":"https:\/\/padelacoustics.com\/de\/uber-uns\/","og_locale":"en_US","og_type":"article","og_title":"\u00dcber uns - Padelacoustics","og_url":"https:\/\/padelacoustics.com\/de\/uber-uns\/","og_site_name":"Padelakustik","article_modified_time":"2023-03-13T12:14:29+00:00","twitter_card":"summary_large_image","schema":{"@context":"https:\/\/schema.org","@graph":[{"@type":"WebPage","@id":"https:\/\/padelacoustics.com\/de\/uber-uns\/","url":"https:\/\/padelacoustics.com\/de\/uber-uns\/","name":"\u00dcber uns - Padelacoustics","isPartOf":{"@id":"https:\/\/padelacoustics.com\/de\/#website"},"datePublished":"2022-08-04T10:24:33+00:00","dateModified":"2023-03-13T12:14:29+00:00","breadcrumb":{"@id":"https:\/\/padelacoustics.com\/de\/uber-uns\/#breadcrumb"},"inLanguage":"en-US","potentialAction":[{"@type":"ReadAction","target":["https:\/\/padelacoustics.com\/de\/uber-uns\/"]}]},{"@type":"BreadcrumbList","@id":"https:\/\/padelacoustics.com\/de\/uber-uns\/#breadcrumb","itemListElement":[{"@type":"ListItem","position":1,"name":"Home","item":"https:\/\/padelacoustics.com\/de\/"},{"@type":"ListItem","position":2,"name":"\u00dcber uns"}]},{"@type":"WebSite","@id":"https:\/\/padelacoustics.com\/de\/#website","url":"https:\/\/padelacoustics.com\/de\/","name":"Padelakustik","description":"Akustikl\u00f6sningar till din padelhall","potentialAction":[{"@type":"SearchAction","target":{"@type":"EntryPoint","urlTemplate":"https:\/\/padelacoustics.com\/de\/?s={search_term_string}"},"query-input":{"@type":"PropertyValueSpecification","valueRequired":true,"valueName":"search_term_string"}}],"inLanguage":"en-US"}]}},"_links":{"self":[{"href":"https:\/\/padelacoustics.com\/de\/wp-json\/wp\/v2\/pages\/33","targetHints":{"allow":["GET"]}}],"collection":[{"href":"https:\/\/padelacoustics.com\/de\/wp-json\/wp\/v2\/pages"}],"about":[{"href":"https:\/\/padelacoustics.com\/de\/wp-json\/wp\/v2\/types\/page"}],"author":[{"embeddable":true,"href":"https:\/\/padelacoustics.com\/de\/wp-json\/wp\/v2\/users\/1"}],"replies":[{"embeddable":true,"href":"https:\/\/padelacoustics.com\/de\/wp-json\/wp\/v2\/comments?post=33"}],"version-history":[{"count":20,"href":"https:\/\/padelacoustics.com\/de\/wp-json\/wp\/v2\/pages\/33\/revisions"}],"predecessor-version":[{"id":724,"href":"https:\/\/padelacoustics.com\/de\/wp-json\/wp\/v2\/pages\/33\/revisions\/724"}],"wp:attachment":[{"href":"https:\/\/padelacoustics.com\/de\/wp-json\/wp\/v2\/media?parent=33"}],"curies":[{"name":"wp","href":"https:\/\/api.w.org\/{rel}","templated":true}]}}