{"id":33,"date":"2022-08-04T10:24:33","date_gmt":"2022-08-04T10:24:33","guid":{"rendered":"http:\/\/padelakustik2022.test\/?page_id=33"},"modified":"2023-04-12T20:53:00","modified_gmt":"2023-04-12T20:53:00","slug":"om-os","status":"publish","type":"page","link":"https:\/\/padelacoustics.com\/dk\/om-os\/","title":{"rendered":"Om os"},"content":{"rendered":"<div \n    class=\"align wp-block-two-columns py-12\">\n    <div class=\"overflow-hidden\">\n        <div\n            class=\" border-none  relative mx-auto max-w-7xl px-4 py-6 sm:px-6 lg:px-8\">\n                            <div class=\"mx-auto text-base\">\n                    <h2\n                        class=\"mt-2 text-3xl font-extrabold leading-8 tracking-tight text-gray-900 sm:text-4xl\">\n                        Vi er Padelakustik! \n                        <\/h2>\n                <\/div>\n                        <div class=\"mt-4 flex items-baseline justify-start gap-6\">\n                \n                            <\/div>\n            <div class=\"mt-4 lg:grid lg:grid-cols-2 lg:gap-16\">\n                <div class=\"relative lg:col-start-2 lg:row-start-1\">\n                    <div class=\"relative mx-auto max-w-prose lg:max-w-none\">\n                        <div class=\"container\">\n                                                    <\/div>\n                    <\/div>\n                <\/div>\n                <div class=\"mt-8 lg:mt-0\">\n                    <div class=\"mx-auto max-w-prose text-base lg:max-w-none\">\n                                                                                                                        <div\n                                        class=\"prose mx-auto mt-5 text-gray-500 lg:col-start-1 lg:row-start-1 lg:max-w-none\">\n                                        <span class=\"wysiwyg-text\"><p>Padelakustik er en markedsledende virksomhed, der ligger i J\u00f6nk\u00f6ping, Sverige. Vores specialistomr\u00e5det er stilrene akustikl\u00f8sninger til alle typer af milj\u00f8er. Vi har mange \u00e5rs erfaring i at bygge studiemilj\u00f8er og lydd\u00e6mpning i eventlokaler. I dag arbejder vi udelukkende med at forbedre lydmilj\u00f8et i padel- og idr\u00e6tshaller.<\/p>\n<\/span>\n                                    <\/div>\n                                                                                                                                <div\n                                        class=\"prose mx-auto mt-5 text-gray-500 lg:col-start-1 lg:row-start-1 lg:max-w-none\">\n                                        <span class=\"wysiwyg-text\"><p>Vi projekterer, leverer og monterer p\u00e5 tv\u00e6rs af Europa og har d\u00e6mpet lyd i over 100 padelhaller fra Haparanda i Nordsverige til Madrid i Spanien \u2013 intet projekt er for stort eller for lille!<\/p>\n<\/span>\n                                    <\/div>\n                                                                                                                                <div\n                                        class=\"prose mx-auto mt-5 text-gray-500 lg:col-start-1 lg:row-start-1 lg:max-w-none\">\n                                        <span class=\"wysiwyg-text\"><p>Vores styrke ligger i projektledelse og at hj\u00e6lpe dig til at investere i den rigtige akustikl\u00f8sning i forhold til budget, behov og lokaler. Vi tilbyder produkter, helt uden mellemled og er med dig, fra start til det endelige resultat.<\/p>\n<\/span>\n                                    <\/div>\n                                                                                                                                <div\n                                        class=\"prose mx-auto mt-5 text-gray-500 lg:col-start-1 lg:row-start-1 lg:max-w-none\">\n                                        <span class=\"wysiwyg-text\"><p>Vi er ogs\u00e5 fokuseret p\u00e5 at levere b\u00e6redygtige og effektive l\u00f8sninger med en minimal milj\u00f8p\u00e5virkning og vi holder os ajour med den seneste udvikling p\u00e5 omr\u00e5det. For eksempel er flere af vores akustikstoffer GRS-certificeret og v\u00e6vet med genbrugsmateriale. For at sikre kvalitet med hensyn til d\u00e6mpning af rumklang og ekko er alle vores akustiskstoffer laboratorietestet af eksperter i henhold til ISO 354 og ISO 11654.<\/p>\n<\/span>\n                                    <\/div>\n                                                                                                                                <div\n                                        class=\"prose mx-auto mt-5 text-gray-500 lg:col-start-1 lg:row-start-1 lg:max-w-none\">\n                                        <span class=\"wysiwyg-text\"><p>Virksomheden ejes og ledes af Filip Jenv\u00e9n og M\u00e5ns Brorsson.<\/p>\n<\/span>\n                                    <\/div>\n                                                                                                        <\/div>\n                <\/div>\n            <\/div>\n        <\/div>\n    <\/div>\n<\/div>\n","protected":false},"excerpt":{"rendered":"","protected":false},"author":1,"featured_media":0,"parent":0,"menu_order":0,"comment_status":"closed","ping_status":"closed","template":"","meta":{"_acf_changed":false,"footnotes":""},"class_list":["post-33","page","type-page","status-publish","hentry"],"acf":[],"yoast_head":"<!-- This site is optimized with the Yoast SEO plugin v25.1 - https:\/\/yoast.com\/wordpress\/plugins\/seo\/ -->\n<title>Om os - Padelakustik<\/title>\n<meta name=\"robots\" content=\"index, follow, max-snippet:-1, max-image-preview:large, max-video-preview:-1\" \/>\n<link rel=\"canonical\" href=\"https:\/\/padelacoustics.com\/dk\/om-os\/\" \/>\n<meta property=\"og:locale\" content=\"en_US\" \/>\n<meta property=\"og:type\" content=\"article\" \/>\n<meta property=\"og:title\" content=\"Om os - Padelakustik\" \/>\n<meta property=\"og:url\" content=\"https:\/\/padelacoustics.com\/dk\/om-os\/\" \/>\n<meta property=\"og:site_name\" content=\"Padelakustik\" \/>\n<meta property=\"article:modified_time\" content=\"2023-04-12T20:53:00+00:00\" \/>\n<meta name=\"twitter:card\" content=\"summary_large_image\" \/>\n<script type=\"application\/ld+json\" class=\"yoast-schema-graph\">{\"@context\":\"https:\/\/schema.org\",\"@graph\":[{\"@type\":\"WebPage\",\"@id\":\"https:\/\/padelacoustics.com\/dk\/om-os\/\",\"url\":\"https:\/\/padelacoustics.com\/dk\/om-os\/\",\"name\":\"Om os - Padelakustik\",\"isPartOf\":{\"@id\":\"https:\/\/padelacoustics.com\/dk\/#website\"},\"datePublished\":\"2022-08-04T10:24:33+00:00\",\"dateModified\":\"2023-04-12T20:53:00+00:00\",\"breadcrumb\":{\"@id\":\"https:\/\/padelacoustics.com\/dk\/om-os\/#breadcrumb\"},\"inLanguage\":\"en-US\",\"potentialAction\":[{\"@type\":\"ReadAction\",\"target\":[\"https:\/\/padelacoustics.com\/dk\/om-os\/\"]}]},{\"@type\":\"BreadcrumbList\",\"@id\":\"https:\/\/padelacoustics.com\/dk\/om-os\/#breadcrumb\",\"itemListElement\":[{\"@type\":\"ListItem\",\"position\":1,\"name\":\"Home\",\"item\":\"https:\/\/padelacoustics.com\/dk\/\"},{\"@type\":\"ListItem\",\"position\":2,\"name\":\"Om os\"}]},{\"@type\":\"WebSite\",\"@id\":\"https:\/\/padelacoustics.com\/dk\/#website\",\"url\":\"https:\/\/padelacoustics.com\/dk\/\",\"name\":\"Padelakustik\",\"description\":\"Akustikl\u00f6sningar till din padelhall\",\"potentialAction\":[{\"@type\":\"SearchAction\",\"target\":{\"@type\":\"EntryPoint\",\"urlTemplate\":\"https:\/\/padelacoustics.com\/dk\/?s={search_term_string}\"},\"query-input\":{\"@type\":\"PropertyValueSpecification\",\"valueRequired\":true,\"valueName\":\"search_term_string\"}}],\"inLanguage\":\"en-US\"}]}<\/script>\n<!-- \/ Yoast SEO plugin. -->","yoast_head_json":{"title":"Om os - Padelakustik","robots":{"index":"index","follow":"follow","max-snippet":"max-snippet:-1","max-image-preview":"max-image-preview:large","max-video-preview":"max-video-preview:-1"},"canonical":"https:\/\/padelacoustics.com\/dk\/om-os\/","og_locale":"en_US","og_type":"article","og_title":"Om os - Padelakustik","og_url":"https:\/\/padelacoustics.com\/dk\/om-os\/","og_site_name":"Padelakustik","article_modified_time":"2023-04-12T20:53:00+00:00","twitter_card":"summary_large_image","schema":{"@context":"https:\/\/schema.org","@graph":[{"@type":"WebPage","@id":"https:\/\/padelacoustics.com\/dk\/om-os\/","url":"https:\/\/padelacoustics.com\/dk\/om-os\/","name":"Om os - Padelakustik","isPartOf":{"@id":"https:\/\/padelacoustics.com\/dk\/#website"},"datePublished":"2022-08-04T10:24:33+00:00","dateModified":"2023-04-12T20:53:00+00:00","breadcrumb":{"@id":"https:\/\/padelacoustics.com\/dk\/om-os\/#breadcrumb"},"inLanguage":"en-US","potentialAction":[{"@type":"ReadAction","target":["https:\/\/padelacoustics.com\/dk\/om-os\/"]}]},{"@type":"BreadcrumbList","@id":"https:\/\/padelacoustics.com\/dk\/om-os\/#breadcrumb","itemListElement":[{"@type":"ListItem","position":1,"name":"Home","item":"https:\/\/padelacoustics.com\/dk\/"},{"@type":"ListItem","position":2,"name":"Om os"}]},{"@type":"WebSite","@id":"https:\/\/padelacoustics.com\/dk\/#website","url":"https:\/\/padelacoustics.com\/dk\/","name":"Padelakustik","description":"Akustikl\u00f6sningar till din padelhall","potentialAction":[{"@type":"SearchAction","target":{"@type":"EntryPoint","urlTemplate":"https:\/\/padelacoustics.com\/dk\/?s={search_term_string}"},"query-input":{"@type":"PropertyValueSpecification","valueRequired":true,"valueName":"search_term_string"}}],"inLanguage":"en-US"}]}},"_links":{"self":[{"href":"https:\/\/padelacoustics.com\/dk\/wp-json\/wp\/v2\/pages\/33","targetHints":{"allow":["GET"]}}],"collection":[{"href":"https:\/\/padelacoustics.com\/dk\/wp-json\/wp\/v2\/pages"}],"about":[{"href":"https:\/\/padelacoustics.com\/dk\/wp-json\/wp\/v2\/types\/page"}],"author":[{"embeddable":true,"href":"https:\/\/padelacoustics.com\/dk\/wp-json\/wp\/v2\/users\/1"}],"replies":[{"embeddable":true,"href":"https:\/\/padelacoustics.com\/dk\/wp-json\/wp\/v2\/comments?post=33"}],"version-history":[{"count":24,"href":"https:\/\/padelacoustics.com\/dk\/wp-json\/wp\/v2\/pages\/33\/revisions"}],"predecessor-version":[{"id":846,"href":"https:\/\/padelacoustics.com\/dk\/wp-json\/wp\/v2\/pages\/33\/revisions\/846"}],"wp:attachment":[{"href":"https:\/\/padelacoustics.com\/dk\/wp-json\/wp\/v2\/media?parent=33"}],"curies":[{"name":"wp","href":"https:\/\/api.w.org\/{rel}","templated":true}]}}