{"id":342,"date":"2022-11-02T13:36:55","date_gmt":"2022-11-02T13:36:55","guid":{"rendered":"https:\/\/merlin.templweb.com\/?page_id=342"},"modified":"2023-04-12T20:46:04","modified_gmt":"2023-04-12T20:46:04","slug":"akustikstof","status":"publish","type":"page","link":"https:\/\/padelacoustics.com\/dk\/akustikstof\/","title":{"rendered":"Akustikstof"},"content":{"rendered":"<div \n    class=\"align wp-block-two-columns py-12\">\n    <div class=\"overflow-hidden\">\n        <div\n            class=\" border-none  relative mx-auto max-w-7xl px-4 py-6 sm:px-6 lg:px-8\">\n                            <div class=\"mx-auto text-base\">\n                    <h1\n                        class=\"mt-2 text-3xl font-extrabold leading-8 tracking-tight text-gray-900 sm:text-4xl\">\n                        Akustikstof\n                        <\/h1>\n                <\/div>\n                        <div class=\"mt-4 flex items-baseline justify-start gap-6\">\n                \n                            <\/div>\n            <div class=\"mt-4 lg:grid lg:grid-cols-2 lg:gap-16\">\n                <div class=\"relative lg:col-start-2 lg:row-start-1\">\n                    <div class=\"relative mx-auto max-w-prose lg:max-w-none\">\n                        <div class=\"container\">\n                                                            <img decoding=\"async\" class=\"rounded-lg object-cover object-center shadow-lg lg:h-full\"\n                                    src=\"https:\/\/padelacoustics.com\/dk\/app\/uploads\/2022\/08\/Akustiktyg-Molton-mo\u0308rk-gra\u030a.jpeg\" alt=\"Akustiktyg-Molton-mo\u0308rk-gra\u030a\">\n                                                    <\/div>\n                    <\/div>\n                <\/div>\n                <div class=\"mt-8 lg:mt-0\">\n                    <div class=\"mx-auto max-w-prose text-base lg:max-w-none\">\n                                                                                                                        <div\n                                        class=\"prose mx-auto mt-5 text-gray-500 lg:col-start-1 lg:row-start-1 lg:max-w-none\">\n                                        <span class=\"wysiwyg-text\"><p class=\"p1\">De vertikale glaspartier i en padelhal skaber \u201csm\u00e5 rum i rummet\u201d og f\u00e5r lyden til at reflektere med en ubehagelig lang efterklang (rumklang og ekko). Akustikstof er den mest omkostningseffektive metode til at d\u00e6mpe lyd og er med til at skabe et behageligt milj\u00f8 i padelhallen. Tekstilet er b\u00f8rstet (loddent) p\u00e5 begge sider. Det betyder, at lydb\u00f8lgerne forvandles til varme, n\u00e5r de transporteres gennem stoffet, hvilket skaber en lydabsorberende effekt.<\/p>\n<\/span>\n                                    <\/div>\n                                                                                                                                <div\n                                        class=\"prose mx-auto mt-5 text-gray-500 lg:col-start-1 lg:row-start-1 lg:max-w-none\">\n                                        <span class=\"wysiwyg-text\"><p class=\"p1\">Vi arbejder prim\u00e6rt med foldede stoffer, lofth\u00e6ngte i skinner, rundt om p\u00e5 v\u00e6ggene, for at skabe et optimalt resultat og et d\u00e6mpet lydmilj\u00f8. Hvis man placerer akustikstoffet strategisk mellem banerne og lader det stoppe ca. 4\u20135 meter over gulvet, fungerer det b\u00e5de som boldstop samt blokerer for bl\u00e6ndende lys fra omkringliggende baner. Vi hj\u00e6lper dig med r\u00e5dgivning og projektledelse, fra f\u00f8rste kontakt til det endelige resultat!<\/p>\n<\/span>\n                                    <\/div>\n                                                                                                        <\/div>\n                <\/div>\n            <\/div>\n        <\/div>\n    <\/div>\n<\/div>\n\n\n<div  class=\"align wp-block-feature-grid max-w-7xl mx-auto py-4 px-4 sm:px-6 lg:px-8\">\n                          <dl\n              class=\"mt-12 space-y-10 sm:space-y-0 sm:grid sm:grid-cols-2 sm:gap-x-6 sm:gap-y-12 lg:grid-cols-4 lg:gap-x-8\">\n                                <div class=\"relative\">\n                      <dt>\n                          <svg class=\"absolute h-6 w-6 text-black\" xmlns=\"http:\/\/www.w3.org\/2000\/svg\"\n                              fill=\"none\" viewBox=\"0 0 24 24\" stroke-width=\"2\" stroke=\"currentColor\" aria-hidden=\"true\">\n                              <path stroke-linecap=\"round\" stroke-linejoin=\"round\" d=\"M5 13l4 4L19 7\" \/>\n                          <\/svg>\n                                                        <p class=\"ml-9 text-lg leading-6 font-medium text-gray-900\">\n                                  Lydd\u00e6mpning:\n                              <\/p>\n                                                <\/dt>\n                                                <dd class=\"mt-2 ml-9 text-base text-gray-500\">\n                              <p>Reducerer lyden effektivt<\/p>\n\n                          <\/dd>\n                                        <\/div>\n                                <div class=\"relative\">\n                      <dt>\n                          <svg class=\"absolute h-6 w-6 text-black\" xmlns=\"http:\/\/www.w3.org\/2000\/svg\"\n                              fill=\"none\" viewBox=\"0 0 24 24\" stroke-width=\"2\" stroke=\"currentColor\" aria-hidden=\"true\">\n                              <path stroke-linecap=\"round\" stroke-linejoin=\"round\" d=\"M5 13l4 4L19 7\" \/>\n                          <\/svg>\n                                                        <p class=\"ml-9 text-lg leading-6 font-medium text-gray-900\">\n                                  V\u00e6gt:\n                              <\/p>\n                                                <\/dt>\n                                                <dd class=\"mt-2 ml-9 text-base text-gray-500\">\n                              <p>300gr\/m2<\/p>\n\n                          <\/dd>\n                                        <\/div>\n                                <div class=\"relative\">\n                      <dt>\n                          <svg class=\"absolute h-6 w-6 text-black\" xmlns=\"http:\/\/www.w3.org\/2000\/svg\"\n                              fill=\"none\" viewBox=\"0 0 24 24\" stroke-width=\"2\" stroke=\"currentColor\" aria-hidden=\"true\">\n                              <path stroke-linecap=\"round\" stroke-linejoin=\"round\" d=\"M5 13l4 4L19 7\" \/>\n                          <\/svg>\n                                                        <p class=\"ml-9 text-lg leading-6 font-medium text-gray-900\">\n                                  Materiale:\n                              <\/p>\n                                                <\/dt>\n                                                <dd class=\"mt-2 ml-9 text-base text-gray-500\">\n                              <p><span style=\"font-weight: 400;\">100% Bomuld<\/span><\/p>\n\n                          <\/dd>\n                                        <\/div>\n                                <div class=\"relative\">\n                      <dt>\n                          <svg class=\"absolute h-6 w-6 text-black\" xmlns=\"http:\/\/www.w3.org\/2000\/svg\"\n                              fill=\"none\" viewBox=\"0 0 24 24\" stroke-width=\"2\" stroke=\"currentColor\" aria-hidden=\"true\">\n                              <path stroke-linecap=\"round\" stroke-linejoin=\"round\" d=\"M5 13l4 4L19 7\" \/>\n                          <\/svg>\n                                                        <p class=\"ml-9 text-lg leading-6 font-medium text-gray-900\">\n                                  Struktur:\n                              <\/p>\n                                                <\/dt>\n                                                <dd class=\"mt-2 ml-9 text-base text-gray-500\">\n                              <p>B\u00f8rstet p\u00e5 begge sider for \u00f8get lydabsorption<\/p>\n\n                          <\/dd>\n                                        <\/div>\n                                <div class=\"relative\">\n                      <dt>\n                          <svg class=\"absolute h-6 w-6 text-black\" xmlns=\"http:\/\/www.w3.org\/2000\/svg\"\n                              fill=\"none\" viewBox=\"0 0 24 24\" stroke-width=\"2\" stroke=\"currentColor\" aria-hidden=\"true\">\n                              <path stroke-linecap=\"round\" stroke-linejoin=\"round\" d=\"M5 13l4 4L19 7\" \/>\n                          <\/svg>\n                                                        <p class=\"ml-9 text-lg leading-6 font-medium text-gray-900\">\n                                  Farve:\n                              <\/p>\n                                                <\/dt>\n                                                <dd class=\"mt-2 ml-9 text-base text-gray-500\">\n                              <p>Lysegr\u00e5, mellemgr\u00e5, antracit, sort osv<\/p>\n\n                          <\/dd>\n                                        <\/div>\n                                <div class=\"relative\">\n                      <dt>\n                          <svg class=\"absolute h-6 w-6 text-black\" xmlns=\"http:\/\/www.w3.org\/2000\/svg\"\n                              fill=\"none\" viewBox=\"0 0 24 24\" stroke-width=\"2\" stroke=\"currentColor\" aria-hidden=\"true\">\n                              <path stroke-linecap=\"round\" stroke-linejoin=\"round\" d=\"M5 13l4 4L19 7\" \/>\n                          <\/svg>\n                                                        <p class=\"ml-9 text-lg leading-6 font-medium text-gray-900\">\n                                  Flammebeskyttelse:\n                              <\/p>\n                                                <\/dt>\n                                                <dd class=\"mt-2 ml-9 text-base text-gray-500\">\n                              <p><span style=\"font-weight: 400;\">DIN 4102 B1 + M1<\/span><\/p>\n\n                          <\/dd>\n                                        <\/div>\n                      <\/div>\n","protected":false},"excerpt":{"rendered":"","protected":false},"author":1,"featured_media":0,"parent":0,"menu_order":0,"comment_status":"closed","ping_status":"closed","template":"","meta":{"_acf_changed":false,"footnotes":""},"class_list":["post-342","page","type-page","status-publish","hentry"],"acf":[],"yoast_head":"<!-- This site is optimized with the Yoast SEO plugin v25.1 - https:\/\/yoast.com\/wordpress\/plugins\/seo\/ -->\n<title>Akustikstof - Padelakustik<\/title>\n<meta name=\"robots\" content=\"index, follow, max-snippet:-1, max-image-preview:large, max-video-preview:-1\" \/>\n<link rel=\"canonical\" href=\"https:\/\/padelacoustics.com\/dk\/akustikstof\/\" \/>\n<meta property=\"og:locale\" content=\"en_US\" \/>\n<meta property=\"og:type\" content=\"article\" \/>\n<meta property=\"og:title\" content=\"Akustikstof - Padelakustik\" \/>\n<meta property=\"og:url\" content=\"https:\/\/padelacoustics.com\/dk\/akustikstof\/\" \/>\n<meta property=\"og:site_name\" content=\"Padelakustik\" \/>\n<meta property=\"article:modified_time\" content=\"2023-04-12T20:46:04+00:00\" \/>\n<meta name=\"twitter:card\" content=\"summary_large_image\" \/>\n<script type=\"application\/ld+json\" class=\"yoast-schema-graph\">{\"@context\":\"https:\/\/schema.org\",\"@graph\":[{\"@type\":\"WebPage\",\"@id\":\"https:\/\/padelacoustics.com\/dk\/akustikstof\/\",\"url\":\"https:\/\/padelacoustics.com\/dk\/akustikstof\/\",\"name\":\"Akustikstof - Padelakustik\",\"isPartOf\":{\"@id\":\"https:\/\/padelacoustics.com\/dk\/#website\"},\"datePublished\":\"2022-11-02T13:36:55+00:00\",\"dateModified\":\"2023-04-12T20:46:04+00:00\",\"breadcrumb\":{\"@id\":\"https:\/\/padelacoustics.com\/dk\/akustikstof\/#breadcrumb\"},\"inLanguage\":\"en-US\",\"potentialAction\":[{\"@type\":\"ReadAction\",\"target\":[\"https:\/\/padelacoustics.com\/dk\/akustikstof\/\"]}]},{\"@type\":\"BreadcrumbList\",\"@id\":\"https:\/\/padelacoustics.com\/dk\/akustikstof\/#breadcrumb\",\"itemListElement\":[{\"@type\":\"ListItem\",\"position\":1,\"name\":\"Home\",\"item\":\"https:\/\/padelacoustics.com\/dk\/\"},{\"@type\":\"ListItem\",\"position\":2,\"name\":\"Akustikstof\"}]},{\"@type\":\"WebSite\",\"@id\":\"https:\/\/padelacoustics.com\/dk\/#website\",\"url\":\"https:\/\/padelacoustics.com\/dk\/\",\"name\":\"Padelakustik\",\"description\":\"Akustikl\u00f6sningar till din padelhall\",\"potentialAction\":[{\"@type\":\"SearchAction\",\"target\":{\"@type\":\"EntryPoint\",\"urlTemplate\":\"https:\/\/padelacoustics.com\/dk\/?s={search_term_string}\"},\"query-input\":{\"@type\":\"PropertyValueSpecification\",\"valueRequired\":true,\"valueName\":\"search_term_string\"}}],\"inLanguage\":\"en-US\"}]}<\/script>\n<!-- \/ Yoast SEO plugin. -->","yoast_head_json":{"title":"Akustikstof - Padelakustik","robots":{"index":"index","follow":"follow","max-snippet":"max-snippet:-1","max-image-preview":"max-image-preview:large","max-video-preview":"max-video-preview:-1"},"canonical":"https:\/\/padelacoustics.com\/dk\/akustikstof\/","og_locale":"en_US","og_type":"article","og_title":"Akustikstof - Padelakustik","og_url":"https:\/\/padelacoustics.com\/dk\/akustikstof\/","og_site_name":"Padelakustik","article_modified_time":"2023-04-12T20:46:04+00:00","twitter_card":"summary_large_image","schema":{"@context":"https:\/\/schema.org","@graph":[{"@type":"WebPage","@id":"https:\/\/padelacoustics.com\/dk\/akustikstof\/","url":"https:\/\/padelacoustics.com\/dk\/akustikstof\/","name":"Akustikstof - Padelakustik","isPartOf":{"@id":"https:\/\/padelacoustics.com\/dk\/#website"},"datePublished":"2022-11-02T13:36:55+00:00","dateModified":"2023-04-12T20:46:04+00:00","breadcrumb":{"@id":"https:\/\/padelacoustics.com\/dk\/akustikstof\/#breadcrumb"},"inLanguage":"en-US","potentialAction":[{"@type":"ReadAction","target":["https:\/\/padelacoustics.com\/dk\/akustikstof\/"]}]},{"@type":"BreadcrumbList","@id":"https:\/\/padelacoustics.com\/dk\/akustikstof\/#breadcrumb","itemListElement":[{"@type":"ListItem","position":1,"name":"Home","item":"https:\/\/padelacoustics.com\/dk\/"},{"@type":"ListItem","position":2,"name":"Akustikstof"}]},{"@type":"WebSite","@id":"https:\/\/padelacoustics.com\/dk\/#website","url":"https:\/\/padelacoustics.com\/dk\/","name":"Padelakustik","description":"Akustikl\u00f6sningar till din padelhall","potentialAction":[{"@type":"SearchAction","target":{"@type":"EntryPoint","urlTemplate":"https:\/\/padelacoustics.com\/dk\/?s={search_term_string}"},"query-input":{"@type":"PropertyValueSpecification","valueRequired":true,"valueName":"search_term_string"}}],"inLanguage":"en-US"}]}},"_links":{"self":[{"href":"https:\/\/padelacoustics.com\/dk\/wp-json\/wp\/v2\/pages\/342","targetHints":{"allow":["GET"]}}],"collection":[{"href":"https:\/\/padelacoustics.com\/dk\/wp-json\/wp\/v2\/pages"}],"about":[{"href":"https:\/\/padelacoustics.com\/dk\/wp-json\/wp\/v2\/types\/page"}],"author":[{"embeddable":true,"href":"https:\/\/padelacoustics.com\/dk\/wp-json\/wp\/v2\/users\/1"}],"replies":[{"embeddable":true,"href":"https:\/\/padelacoustics.com\/dk\/wp-json\/wp\/v2\/comments?post=342"}],"version-history":[{"count":28,"href":"https:\/\/padelacoustics.com\/dk\/wp-json\/wp\/v2\/pages\/342\/revisions"}],"predecessor-version":[{"id":833,"href":"https:\/\/padelacoustics.com\/dk\/wp-json\/wp\/v2\/pages\/342\/revisions\/833"}],"wp:attachment":[{"href":"https:\/\/padelacoustics.com\/dk\/wp-json\/wp\/v2\/media?parent=342"}],"curies":[{"name":"wp","href":"https:\/\/api.w.org\/{rel}","templated":true}]}}