{"id":33,"date":"2022-08-04T10:24:33","date_gmt":"2022-08-04T10:24:33","guid":{"rendered":"http:\/\/padelakustik2022.test\/?page_id=33"},"modified":"2023-03-24T09:21:14","modified_gmt":"2023-03-24T09:21:14","slug":"meista","status":"publish","type":"page","link":"https:\/\/padelacoustics.com\/fi\/meista\/","title":{"rendered":"Meist\u00e4"},"content":{"rendered":"<div \n    class=\"align wp-block-two-columns py-12\">\n    <div class=\"overflow-hidden\">\n        <div\n            class=\" border-none  relative mx-auto max-w-7xl px-4 py-6 sm:px-6 lg:px-8\">\n                            <div class=\"mx-auto text-base\">\n                    <h2\n                        class=\"mt-2 text-3xl font-extrabold leading-8 tracking-tight text-gray-900 sm:text-4xl\">\n                        Me py\u00f6rit\u00e4mme Padelakustikia!\n                        <\/h2>\n                <\/div>\n                        <div class=\"mt-4 flex items-baseline justify-start gap-6\">\n                \n                            <\/div>\n            <div class=\"mt-4 lg:grid lg:grid-cols-2 lg:gap-16\">\n                <div class=\"relative lg:col-start-2 lg:row-start-1\">\n                    <div class=\"relative mx-auto max-w-prose lg:max-w-none\">\n                        <div class=\"container\">\n                                                    <\/div>\n                    <\/div>\n                <\/div>\n                <div class=\"mt-8 lg:mt-0\">\n                    <div class=\"mx-auto max-w-prose text-base lg:max-w-none\">\n                                                                                                                        <div\n                                        class=\"prose mx-auto mt-5 text-gray-500 lg:col-start-1 lg:row-start-1 lg:max-w-none\">\n                                        <span class=\"wysiwyg-text\"><p>Padelakustik on markkinoiden johtava J\u00f6nk\u00f6pingiss\u00e4 sijaitseva yritys, joka keskittyy tyylikk\u00e4iden akustiikkaratkaisujen luomiseen kaikenlaisiin ymp\u00e4rist\u00f6ihin. Meill\u00e4 on usean vuoden kokemus studioiden rakentamisesta ja suurten tapahtumapaikkojen \u00e4\u00e4nieristyksest\u00e4, ja nyt keskitymme 100-prosenttisesti \u00e4\u00e4niymp\u00e4rist\u00f6n parantamiseen padel- ja urheiluhalleissa.<\/p>\n<\/span>\n                                    <\/div>\n                                                                                                                                <div\n                                        class=\"prose mx-auto mt-5 text-gray-500 lg:col-start-1 lg:row-start-1 lg:max-w-none\">\n                                        <span class=\"wysiwyg-text\"><p>Teemme suunnittelua, toimituksia ja asennuksia kaikkialla Euroopassa, ja olemme huolehtineet yli 100 padelhallin \u00e4\u00e4nieristyksest\u00e4. Aina Pohjois-Ruotsin Haaparannasta Espanjan Madridiin \u2013 yksik\u00e4\u00e4n projekti ei ole liian suuri tai liian pieni!<\/p>\n<\/span>\n                                    <\/div>\n                                                                                                                                <div\n                                        class=\"prose mx-auto mt-5 text-gray-500 lg:col-start-1 lg:row-start-1 lg:max-w-none\">\n                                        <span class=\"wysiwyg-text\"><p>Vahvuutemme on projektinhallinta ja asiakkaan auttaminen investoimaan budjetin, tarpeiden ja tilojen kannalta oikeisiin akustiikkaratkaisuihin. Olemme tukenasi alusta loppuun saakka luodaksemme turvallisuutta ja tarjotaksemme tuotteita t\u00e4ysin ilman v\u00e4lik\u00e4si\u00e4.<\/p>\n<\/span>\n                                    <\/div>\n                                                                                                                                <div\n                                        class=\"prose mx-auto mt-5 text-gray-500 lg:col-start-1 lg:row-start-1 lg:max-w-none\">\n                                        <span class=\"wysiwyg-text\"><p>Kest\u00e4v\u00e4 kehitys on t\u00e4rke\u00e4 osa liiketoimintamme kehitt\u00e4mist\u00e4, ja etsimme jatkuvasti hiilijalanj\u00e4ljelt\u00e4\u00e4n pienempi\u00e4 tuotteita. Monet akustiikkakankaistamme ovat GRS-sertifioituja ja kierr\u00e4tysmateriaaleista kudottuja. Akustiikkakankaamme my\u00f6s testataan vaimennus- ja kaikuominaisuuksiensa laadun osalta laboratoriossa, ISO 354:n ja ISO 11654:n mukaisesti sek\u00e4 asiantuntijoiden toimesta.<\/p>\n<\/span>\n                                    <\/div>\n                                                                                                                                <div\n                                        class=\"prose mx-auto mt-5 text-gray-500 lg:col-start-1 lg:row-start-1 lg:max-w-none\">\n                                        <span class=\"wysiwyg-text\"><p class=\"p1\">Yrityksen omistavat ja sit\u00e4 johtavat Filip Jenv\u00e9n ja M\u00e5ns Brorsson.<\/p>\n<\/span>\n                                    <\/div>\n                                                                                                        <\/div>\n                <\/div>\n            <\/div>\n        <\/div>\n    <\/div>\n<\/div>\n","protected":false},"excerpt":{"rendered":"","protected":false},"author":1,"featured_media":0,"parent":0,"menu_order":0,"comment_status":"closed","ping_status":"closed","template":"","meta":{"_acf_changed":false,"footnotes":""},"class_list":["post-33","page","type-page","status-publish","hentry"],"acf":[],"yoast_head":"<!-- This site is optimized with the Yoast SEO plugin v25.1 - https:\/\/yoast.com\/wordpress\/plugins\/seo\/ -->\n<title>Meist\u00e4 - Padelakustik<\/title>\n<meta name=\"robots\" content=\"index, follow, max-snippet:-1, max-image-preview:large, max-video-preview:-1\" \/>\n<link rel=\"canonical\" href=\"https:\/\/padelacoustics.com\/fi\/meista\/\" \/>\n<meta property=\"og:locale\" content=\"en_US\" \/>\n<meta property=\"og:type\" content=\"article\" \/>\n<meta property=\"og:title\" content=\"Meist\u00e4 - Padelakustik\" \/>\n<meta property=\"og:url\" content=\"https:\/\/padelacoustics.com\/fi\/meista\/\" \/>\n<meta property=\"og:site_name\" content=\"Padelakustik\" \/>\n<meta property=\"article:modified_time\" content=\"2023-03-24T09:21:14+00:00\" \/>\n<meta name=\"twitter:card\" content=\"summary_large_image\" \/>\n<script type=\"application\/ld+json\" class=\"yoast-schema-graph\">{\"@context\":\"https:\/\/schema.org\",\"@graph\":[{\"@type\":\"WebPage\",\"@id\":\"https:\/\/padelacoustics.com\/fi\/meista\/\",\"url\":\"https:\/\/padelacoustics.com\/fi\/meista\/\",\"name\":\"Meist\u00e4 - Padelakustik\",\"isPartOf\":{\"@id\":\"https:\/\/padelacoustics.com\/fi\/#website\"},\"datePublished\":\"2022-08-04T10:24:33+00:00\",\"dateModified\":\"2023-03-24T09:21:14+00:00\",\"breadcrumb\":{\"@id\":\"https:\/\/padelacoustics.com\/fi\/meista\/#breadcrumb\"},\"inLanguage\":\"en-US\",\"potentialAction\":[{\"@type\":\"ReadAction\",\"target\":[\"https:\/\/padelacoustics.com\/fi\/meista\/\"]}]},{\"@type\":\"BreadcrumbList\",\"@id\":\"https:\/\/padelacoustics.com\/fi\/meista\/#breadcrumb\",\"itemListElement\":[{\"@type\":\"ListItem\",\"position\":1,\"name\":\"Home\",\"item\":\"https:\/\/padelacoustics.com\/fi\/\"},{\"@type\":\"ListItem\",\"position\":2,\"name\":\"Meist\u00e4\"}]},{\"@type\":\"WebSite\",\"@id\":\"https:\/\/padelacoustics.com\/fi\/#website\",\"url\":\"https:\/\/padelacoustics.com\/fi\/\",\"name\":\"Padelakustik\",\"description\":\"Akustikl\u00f6sningar till din padelhall\",\"potentialAction\":[{\"@type\":\"SearchAction\",\"target\":{\"@type\":\"EntryPoint\",\"urlTemplate\":\"https:\/\/padelacoustics.com\/fi\/?s={search_term_string}\"},\"query-input\":{\"@type\":\"PropertyValueSpecification\",\"valueRequired\":true,\"valueName\":\"search_term_string\"}}],\"inLanguage\":\"en-US\"}]}<\/script>\n<!-- \/ Yoast SEO plugin. -->","yoast_head_json":{"title":"Meist\u00e4 - Padelakustik","robots":{"index":"index","follow":"follow","max-snippet":"max-snippet:-1","max-image-preview":"max-image-preview:large","max-video-preview":"max-video-preview:-1"},"canonical":"https:\/\/padelacoustics.com\/fi\/meista\/","og_locale":"en_US","og_type":"article","og_title":"Meist\u00e4 - Padelakustik","og_url":"https:\/\/padelacoustics.com\/fi\/meista\/","og_site_name":"Padelakustik","article_modified_time":"2023-03-24T09:21:14+00:00","twitter_card":"summary_large_image","schema":{"@context":"https:\/\/schema.org","@graph":[{"@type":"WebPage","@id":"https:\/\/padelacoustics.com\/fi\/meista\/","url":"https:\/\/padelacoustics.com\/fi\/meista\/","name":"Meist\u00e4 - Padelakustik","isPartOf":{"@id":"https:\/\/padelacoustics.com\/fi\/#website"},"datePublished":"2022-08-04T10:24:33+00:00","dateModified":"2023-03-24T09:21:14+00:00","breadcrumb":{"@id":"https:\/\/padelacoustics.com\/fi\/meista\/#breadcrumb"},"inLanguage":"en-US","potentialAction":[{"@type":"ReadAction","target":["https:\/\/padelacoustics.com\/fi\/meista\/"]}]},{"@type":"BreadcrumbList","@id":"https:\/\/padelacoustics.com\/fi\/meista\/#breadcrumb","itemListElement":[{"@type":"ListItem","position":1,"name":"Home","item":"https:\/\/padelacoustics.com\/fi\/"},{"@type":"ListItem","position":2,"name":"Meist\u00e4"}]},{"@type":"WebSite","@id":"https:\/\/padelacoustics.com\/fi\/#website","url":"https:\/\/padelacoustics.com\/fi\/","name":"Padelakustik","description":"Akustikl\u00f6sningar till din padelhall","potentialAction":[{"@type":"SearchAction","target":{"@type":"EntryPoint","urlTemplate":"https:\/\/padelacoustics.com\/fi\/?s={search_term_string}"},"query-input":{"@type":"PropertyValueSpecification","valueRequired":true,"valueName":"search_term_string"}}],"inLanguage":"en-US"}]}},"_links":{"self":[{"href":"https:\/\/padelacoustics.com\/fi\/wp-json\/wp\/v2\/pages\/33","targetHints":{"allow":["GET"]}}],"collection":[{"href":"https:\/\/padelacoustics.com\/fi\/wp-json\/wp\/v2\/pages"}],"about":[{"href":"https:\/\/padelacoustics.com\/fi\/wp-json\/wp\/v2\/types\/page"}],"author":[{"embeddable":true,"href":"https:\/\/padelacoustics.com\/fi\/wp-json\/wp\/v2\/users\/1"}],"replies":[{"embeddable":true,"href":"https:\/\/padelacoustics.com\/fi\/wp-json\/wp\/v2\/comments?post=33"}],"version-history":[{"count":24,"href":"https:\/\/padelacoustics.com\/fi\/wp-json\/wp\/v2\/pages\/33\/revisions"}],"predecessor-version":[{"id":800,"href":"https:\/\/padelacoustics.com\/fi\/wp-json\/wp\/v2\/pages\/33\/revisions\/800"}],"wp:attachment":[{"href":"https:\/\/padelacoustics.com\/fi\/wp-json\/wp\/v2\/media?parent=33"}],"curies":[{"name":"wp","href":"https:\/\/api.w.org\/{rel}","templated":true}]}}