{"id":335,"date":"2022-11-02T13:23:44","date_gmt":"2022-11-02T13:23:44","guid":{"rendered":"https:\/\/merlin.templweb.com\/?page_id=335"},"modified":"2023-02-24T14:33:48","modified_gmt":"2023-02-24T14:33:48","slug":"lattialevy-lux","status":"publish","type":"page","link":"https:\/\/padelacoustics.com\/fi\/lattialevy-lux\/","title":{"rendered":"Textilplatta Lux"},"content":{"rendered":"<div \n    class=\"align wp-block-two-columns py-12\">\n    <div class=\"overflow-hidden\">\n        <div\n            class=\" border-none  relative mx-auto max-w-7xl px-4 py-6 sm:px-6 lg:px-8\">\n                            <div class=\"mx-auto text-base\">\n                    <h1\n                        class=\"mt-2 text-3xl font-extrabold leading-8 tracking-tight text-gray-900 sm:text-4xl\">\n                        Lattialevy Lux\n                        <\/h1>\n                <\/div>\n                        <div class=\"mt-4 flex items-baseline justify-start gap-6\">\n                \n                            <\/div>\n            <div class=\"mt-4 lg:grid lg:grid-cols-2 lg:gap-16\">\n                <div class=\"relative lg:col-start-2 lg:row-start-1\">\n                    <div class=\"relative mx-auto max-w-prose lg:max-w-none\">\n                        <div class=\"container\">\n                                                            <img decoding=\"async\" class=\"rounded-lg object-cover object-center shadow-lg lg:h-full\"\n                                    src=\"https:\/\/padelacoustics.com\/fi\/app\/uploads\/2022\/11\/Lux-Gra\u030a-1.jpeg\" alt=\"Lux-Gra\u030a-1\">\n                                                    <\/div>\n                    <\/div>\n                <\/div>\n                <div class=\"mt-8 lg:mt-0\">\n                    <div class=\"mx-auto max-w-prose text-base lg:max-w-none\">\n                                                                                                                        <div\n                                        class=\"prose mx-auto mt-5 text-gray-500 lg:col-start-1 lg:row-start-1 lg:max-w-none\">\n                                        <span class=\"wysiwyg-text\"><p class=\"p1\">Lattialevyt eiv\u00e4t ole ainoastaan edullinen, vaan my\u00f6s k\u00e4tev\u00e4 ratkaisu. Levyt asennetaan nopeasti ja helposti ilman n\u00e4kyvi\u00e4 saumoja tarraliimalla tai kaksipuolisella teipill\u00e4. Lattialevy on vankempi, paremmin kulutusta kest\u00e4v\u00e4 ja pitk\u00e4ik\u00e4isempi kuin esimerkiksi neulahuopamatto. Levyn j\u00e4yk\u00e4n kumipohjan ja nukan tihe\u00e4n nylonmateriaalin koostumuksen ansiosta ne vaimentavat \u00e4\u00e4nt\u00e4 l\u00e4hes kaksi kertaa tehokkaammin.<span class=\"Apple-converted-space\">\u00a0<\/span><\/p>\n<\/span>\n                                    <\/div>\n                                                                                                                                <div\n                                        class=\"prose mx-auto mt-5 text-gray-500 lg:col-start-1 lg:row-start-1 lg:max-w-none\">\n                                        <span class=\"wysiwyg-text\"><p class=\"p1\">Jos lattialevyj\u00e4 t\u00e4ytyy vaihtaa, lattia on helppo irrottaa ja vaihtaa yksitt\u00e4iset laatat, sill\u00e4 tarraliima toimii kuin teippi. Liima rullataan, jolloin se kuivuu ja pysyy tahmeana ja tarttuvana, ja laatat asetetaan siten, ett\u00e4 niiden pohjassa oleva nuoli osoittaa samaan suuntaan tai vaihtoehtoisesti shakkikuvion muotoon.<\/p>\n<\/span>\n                                    <\/div>\n                                                                                                        <\/div>\n                <\/div>\n            <\/div>\n        <\/div>\n    <\/div>\n<\/div>\n\n\n<div  class=\"align wp-block-feature-grid max-w-7xl mx-auto py-4 px-4 sm:px-6 lg:px-8\">\n                          <dl\n              class=\"mt-12 space-y-10 sm:space-y-0 sm:grid sm:grid-cols-2 sm:gap-x-6 sm:gap-y-12 lg:grid-cols-4 lg:gap-x-8\">\n                                <div class=\"relative\">\n                      <dt>\n                          <svg class=\"absolute h-6 w-6 text-black\" xmlns=\"http:\/\/www.w3.org\/2000\/svg\"\n                              fill=\"none\" viewBox=\"0 0 24 24\" stroke-width=\"2\" stroke=\"currentColor\" aria-hidden=\"true\">\n                              <path stroke-linecap=\"round\" stroke-linejoin=\"round\" d=\"M5 13l4 4L19 7\" \/>\n                          <\/svg>\n                                                        <p class=\"ml-9 text-lg leading-6 font-medium text-gray-900\">\n                                  Kulutuskest\u00e4vyys:\n                              <\/p>\n                                                <\/dt>\n                                                <dd class=\"mt-2 ml-9 text-base text-gray-500\">\n                              <p>Korkein kulutuskest\u00e4vyys, luokka 33<\/p>\n\n                          <\/dd>\n                                        <\/div>\n                                <div class=\"relative\">\n                      <dt>\n                          <svg class=\"absolute h-6 w-6 text-black\" xmlns=\"http:\/\/www.w3.org\/2000\/svg\"\n                              fill=\"none\" viewBox=\"0 0 24 24\" stroke-width=\"2\" stroke=\"currentColor\" aria-hidden=\"true\">\n                              <path stroke-linecap=\"round\" stroke-linejoin=\"round\" d=\"M5 13l4 4L19 7\" \/>\n                          <\/svg>\n                                                        <p class=\"ml-9 text-lg leading-6 font-medium text-gray-900\">\n                                  Paloluokka:\n                              <\/p>\n                                                <\/dt>\n                                                <dd class=\"mt-2 ml-9 text-base text-gray-500\">\n                              <p><span style=\"font-weight: 400;\">Bfl-s1<\/span><\/p>\n\n                          <\/dd>\n                                        <\/div>\n                                <div class=\"relative\">\n                      <dt>\n                          <svg class=\"absolute h-6 w-6 text-black\" xmlns=\"http:\/\/www.w3.org\/2000\/svg\"\n                              fill=\"none\" viewBox=\"0 0 24 24\" stroke-width=\"2\" stroke=\"currentColor\" aria-hidden=\"true\">\n                              <path stroke-linecap=\"round\" stroke-linejoin=\"round\" d=\"M5 13l4 4L19 7\" \/>\n                          <\/svg>\n                                                        <p class=\"ml-9 text-lg leading-6 font-medium text-gray-900\">\n                                  Koko:\n                              <\/p>\n                                                <\/dt>\n                                                <dd class=\"mt-2 ml-9 text-base text-gray-500\">\n                              <p><span style=\"font-weight: 400;\">50 x 50 cm tai 100 x 100 cm<\/span><\/p>\n\n                          <\/dd>\n                                        <\/div>\n                                <div class=\"relative\">\n                      <dt>\n                          <svg class=\"absolute h-6 w-6 text-black\" xmlns=\"http:\/\/www.w3.org\/2000\/svg\"\n                              fill=\"none\" viewBox=\"0 0 24 24\" stroke-width=\"2\" stroke=\"currentColor\" aria-hidden=\"true\">\n                              <path stroke-linecap=\"round\" stroke-linejoin=\"round\" d=\"M5 13l4 4L19 7\" \/>\n                          <\/svg>\n                                                        <p class=\"ml-9 text-lg leading-6 font-medium text-gray-900\">\n                                  \u00c4\u00e4nenvaimennus:\n                              <\/p>\n                                                <\/dt>\n                                                <dd class=\"mt-2 ml-9 text-base text-gray-500\">\n                              <p>Erinomainen \u00e4\u00e4nt\u00e4 vaimentava vaikutus<\/p>\n\n                          <\/dd>\n                                        <\/div>\n                                <div class=\"relative\">\n                      <dt>\n                          <svg class=\"absolute h-6 w-6 text-black\" xmlns=\"http:\/\/www.w3.org\/2000\/svg\"\n                              fill=\"none\" viewBox=\"0 0 24 24\" stroke-width=\"2\" stroke=\"currentColor\" aria-hidden=\"true\">\n                              <path stroke-linecap=\"round\" stroke-linejoin=\"round\" d=\"M5 13l4 4L19 7\" \/>\n                          <\/svg>\n                                                        <p class=\"ml-9 text-lg leading-6 font-medium text-gray-900\">\n                                  Materiaali:\n                              <\/p>\n                                                <\/dt>\n                                                <dd class=\"mt-2 ml-9 text-base text-gray-500\">\n                              <p><span style=\"font-weight: 400;\">Tuftainen Pil\u00e9 loop <\/span><\/p>\n\n                          <\/dd>\n                                        <\/div>\n                      <\/div>\n","protected":false},"excerpt":{"rendered":"","protected":false},"author":1,"featured_media":0,"parent":0,"menu_order":0,"comment_status":"closed","ping_status":"closed","template":"","meta":{"_acf_changed":false,"footnotes":""},"class_list":["post-335","page","type-page","status-publish","hentry"],"acf":[],"yoast_head":"<!-- This site is optimized with the Yoast SEO plugin v25.1 - https:\/\/yoast.com\/wordpress\/plugins\/seo\/ -->\n<title>Lattialevy Lux - Padelakustik<\/title>\n<meta name=\"robots\" content=\"index, follow, max-snippet:-1, max-image-preview:large, max-video-preview:-1\" \/>\n<link rel=\"canonical\" href=\"https:\/\/padelacoustics.com\/fi\/lattialevy-lux\/\" \/>\n<meta property=\"og:locale\" content=\"en_US\" \/>\n<meta property=\"og:type\" content=\"article\" \/>\n<meta property=\"og:title\" content=\"Lattialevy Lux - Padelakustik\" \/>\n<meta property=\"og:url\" content=\"https:\/\/padelacoustics.com\/fi\/lattialevy-lux\/\" \/>\n<meta property=\"og:site_name\" content=\"Padelakustik\" \/>\n<meta property=\"article:modified_time\" content=\"2023-02-24T14:33:48+00:00\" \/>\n<meta name=\"twitter:card\" content=\"summary_large_image\" \/>\n<script type=\"application\/ld+json\" class=\"yoast-schema-graph\">{\"@context\":\"https:\/\/schema.org\",\"@graph\":[{\"@type\":\"WebPage\",\"@id\":\"https:\/\/padelacoustics.com\/fi\/lattialevy-lux\/\",\"url\":\"https:\/\/padelacoustics.com\/fi\/lattialevy-lux\/\",\"name\":\"Lattialevy Lux - Padelakustik\",\"isPartOf\":{\"@id\":\"https:\/\/padelacoustics.com\/fi\/#website\"},\"datePublished\":\"2022-11-02T13:23:44+00:00\",\"dateModified\":\"2023-02-24T14:33:48+00:00\",\"breadcrumb\":{\"@id\":\"https:\/\/padelacoustics.com\/fi\/lattialevy-lux\/#breadcrumb\"},\"inLanguage\":\"en-US\",\"potentialAction\":[{\"@type\":\"ReadAction\",\"target\":[\"https:\/\/padelacoustics.com\/fi\/lattialevy-lux\/\"]}]},{\"@type\":\"BreadcrumbList\",\"@id\":\"https:\/\/padelacoustics.com\/fi\/lattialevy-lux\/#breadcrumb\",\"itemListElement\":[{\"@type\":\"ListItem\",\"position\":1,\"name\":\"Home\",\"item\":\"https:\/\/padelacoustics.com\/fi\/\"},{\"@type\":\"ListItem\",\"position\":2,\"name\":\"Textilplatta Lux\"}]},{\"@type\":\"WebSite\",\"@id\":\"https:\/\/padelacoustics.com\/fi\/#website\",\"url\":\"https:\/\/padelacoustics.com\/fi\/\",\"name\":\"Padelakustik\",\"description\":\"Akustikl\u00f6sningar till din padelhall\",\"potentialAction\":[{\"@type\":\"SearchAction\",\"target\":{\"@type\":\"EntryPoint\",\"urlTemplate\":\"https:\/\/padelacoustics.com\/fi\/?s={search_term_string}\"},\"query-input\":{\"@type\":\"PropertyValueSpecification\",\"valueRequired\":true,\"valueName\":\"search_term_string\"}}],\"inLanguage\":\"en-US\"}]}<\/script>\n<!-- \/ Yoast SEO plugin. -->","yoast_head_json":{"title":"Lattialevy Lux - Padelakustik","robots":{"index":"index","follow":"follow","max-snippet":"max-snippet:-1","max-image-preview":"max-image-preview:large","max-video-preview":"max-video-preview:-1"},"canonical":"https:\/\/padelacoustics.com\/fi\/lattialevy-lux\/","og_locale":"en_US","og_type":"article","og_title":"Lattialevy Lux - Padelakustik","og_url":"https:\/\/padelacoustics.com\/fi\/lattialevy-lux\/","og_site_name":"Padelakustik","article_modified_time":"2023-02-24T14:33:48+00:00","twitter_card":"summary_large_image","schema":{"@context":"https:\/\/schema.org","@graph":[{"@type":"WebPage","@id":"https:\/\/padelacoustics.com\/fi\/lattialevy-lux\/","url":"https:\/\/padelacoustics.com\/fi\/lattialevy-lux\/","name":"Lattialevy Lux - Padelakustik","isPartOf":{"@id":"https:\/\/padelacoustics.com\/fi\/#website"},"datePublished":"2022-11-02T13:23:44+00:00","dateModified":"2023-02-24T14:33:48+00:00","breadcrumb":{"@id":"https:\/\/padelacoustics.com\/fi\/lattialevy-lux\/#breadcrumb"},"inLanguage":"en-US","potentialAction":[{"@type":"ReadAction","target":["https:\/\/padelacoustics.com\/fi\/lattialevy-lux\/"]}]},{"@type":"BreadcrumbList","@id":"https:\/\/padelacoustics.com\/fi\/lattialevy-lux\/#breadcrumb","itemListElement":[{"@type":"ListItem","position":1,"name":"Home","item":"https:\/\/padelacoustics.com\/fi\/"},{"@type":"ListItem","position":2,"name":"Textilplatta Lux"}]},{"@type":"WebSite","@id":"https:\/\/padelacoustics.com\/fi\/#website","url":"https:\/\/padelacoustics.com\/fi\/","name":"Padelakustik","description":"Akustikl\u00f6sningar till din padelhall","potentialAction":[{"@type":"SearchAction","target":{"@type":"EntryPoint","urlTemplate":"https:\/\/padelacoustics.com\/fi\/?s={search_term_string}"},"query-input":{"@type":"PropertyValueSpecification","valueRequired":true,"valueName":"search_term_string"}}],"inLanguage":"en-US"}]}},"_links":{"self":[{"href":"https:\/\/padelacoustics.com\/fi\/wp-json\/wp\/v2\/pages\/335","targetHints":{"allow":["GET"]}}],"collection":[{"href":"https:\/\/padelacoustics.com\/fi\/wp-json\/wp\/v2\/pages"}],"about":[{"href":"https:\/\/padelacoustics.com\/fi\/wp-json\/wp\/v2\/types\/page"}],"author":[{"embeddable":true,"href":"https:\/\/padelacoustics.com\/fi\/wp-json\/wp\/v2\/users\/1"}],"replies":[{"embeddable":true,"href":"https:\/\/padelacoustics.com\/fi\/wp-json\/wp\/v2\/comments?post=335"}],"version-history":[{"count":14,"href":"https:\/\/padelacoustics.com\/fi\/wp-json\/wp\/v2\/pages\/335\/revisions"}],"predecessor-version":[{"id":688,"href":"https:\/\/padelacoustics.com\/fi\/wp-json\/wp\/v2\/pages\/335\/revisions\/688"}],"wp:attachment":[{"href":"https:\/\/padelacoustics.com\/fi\/wp-json\/wp\/v2\/media?parent=335"}],"curies":[{"name":"wp","href":"https:\/\/api.w.org\/{rel}","templated":true}]}}