{"id":342,"date":"2022-11-02T13:36:55","date_gmt":"2022-11-02T13:36:55","guid":{"rendered":"https:\/\/merlin.templweb.com\/?page_id=342"},"modified":"2023-02-24T15:28:35","modified_gmt":"2023-02-24T15:28:35","slug":"akustiikkakangas","status":"publish","type":"page","link":"https:\/\/padelacoustics.com\/fi\/akustiikkakangas\/","title":{"rendered":"Akustiktyg"},"content":{"rendered":"<div \n    class=\"align wp-block-two-columns py-12\">\n    <div class=\"overflow-hidden\">\n        <div\n            class=\" border-none  relative mx-auto max-w-7xl px-4 py-6 sm:px-6 lg:px-8\">\n                            <div class=\"mx-auto text-base\">\n                    <h1\n                        class=\"mt-2 text-3xl font-extrabold leading-8 tracking-tight text-gray-900 sm:text-4xl\">\n                        Akustiikkakangas\n                        <\/h1>\n                <\/div>\n                        <div class=\"mt-4 flex items-baseline justify-start gap-6\">\n                \n                            <\/div>\n            <div class=\"mt-4 lg:grid lg:grid-cols-2 lg:gap-16\">\n                <div class=\"relative lg:col-start-2 lg:row-start-1\">\n                    <div class=\"relative mx-auto max-w-prose lg:max-w-none\">\n                        <div class=\"container\">\n                                                            <img decoding=\"async\" class=\"rounded-lg object-cover object-center shadow-lg lg:h-full\"\n                                    src=\"https:\/\/padelacoustics.com\/fi\/app\/uploads\/2022\/08\/Akustiktyg-Molton-mo\u0308rk-gra\u030a.jpeg\" alt=\"Akustiktyg-Molton-mo\u0308rk-gra\u030a\">\n                                                    <\/div>\n                    <\/div>\n                <\/div>\n                <div class=\"mt-8 lg:mt-0\">\n                    <div class=\"mx-auto max-w-prose text-base lg:max-w-none\">\n                                                                                                                        <div\n                                        class=\"prose mx-auto mt-5 text-gray-500 lg:col-start-1 lg:row-start-1 lg:max-w-none\">\n                                        <span class=\"wysiwyg-text\"><p class=\"p1\">Pystysuorat lasipaneelit luovat tilaan &#8220;pieni\u00e4 huoneita&#8221; ja aiheuttavat \u00e4\u00e4nen kimpoamisen sek\u00e4 ep\u00e4miellytt\u00e4v\u00e4n pitk\u00e4n j\u00e4lkikaiun. Akustiikkakangas on kustannustehokkain tapa vaimentaa t\u00e4t\u00e4 melua ja luoda padelhalliin miellytt\u00e4v\u00e4 ymp\u00e4rist\u00f6. Tekstiilin molemmat puolet ovat harjattuja (karhennettuja). T\u00e4m\u00e4 saa \u00e4\u00e4niaallot muuttumaan l\u00e4mm\u00f6ksi niiden kulkiessa kankaan l\u00e4pi, mik\u00e4 luo \u00e4\u00e4nt\u00e4 vaimentavan vaikutuksen.<span class=\"Apple-converted-space\">\u00a0<\/span><\/p>\n<\/span>\n                                    <\/div>\n                                                                                                                                <div\n                                        class=\"prose mx-auto mt-5 text-gray-500 lg:col-start-1 lg:row-start-1 lg:max-w-none\">\n                                        <span class=\"wysiwyg-text\"><p class=\"p1\">K\u00e4yt\u00e4mme p\u00e4\u00e4asiassa laskostettuja kankaita, jotka ripustetaan seinien ymp\u00e4rill\u00e4 oleviin kattokiskoihin optimaalisen lopputuloksen ja vaimennetun \u00e4\u00e4niymp\u00e4rist\u00f6n aikaansaamiseksi. Jos akustiikkakankaat sijoitetaan strategisesti kenttien v\u00e4liin p\u00e4\u00e4ttyen noin 3\u20134,5 m lattian yl\u00e4puolelle, ne toimivat my\u00f6s pallon pys\u00e4ytt\u00e4jin\u00e4 ja est\u00e4v\u00e4t viereisilt\u00e4 kentilt\u00e4 tulevan h\u00e4ik\u00e4isev\u00e4n valon. Autamme sinua asiakkaana sek\u00e4 antamalla neuvoja ett\u00e4 projektinhallinnassa aina ensimm\u00e4isest\u00e4 yhteydenotosta valmiiseen lopputulokseen!<\/p>\n<\/span>\n                                    <\/div>\n                                                                                                        <\/div>\n                <\/div>\n            <\/div>\n        <\/div>\n    <\/div>\n<\/div>\n\n\n<div  class=\"align wp-block-feature-grid max-w-7xl mx-auto py-4 px-4 sm:px-6 lg:px-8\">\n                          <dl\n              class=\"mt-12 space-y-10 sm:space-y-0 sm:grid sm:grid-cols-2 sm:gap-x-6 sm:gap-y-12 lg:grid-cols-4 lg:gap-x-8\">\n                                <div class=\"relative\">\n                      <dt>\n                          <svg class=\"absolute h-6 w-6 text-black\" xmlns=\"http:\/\/www.w3.org\/2000\/svg\"\n                              fill=\"none\" viewBox=\"0 0 24 24\" stroke-width=\"2\" stroke=\"currentColor\" aria-hidden=\"true\">\n                              <path stroke-linecap=\"round\" stroke-linejoin=\"round\" d=\"M5 13l4 4L19 7\" \/>\n                          <\/svg>\n                                                        <p class=\"ml-9 text-lg leading-6 font-medium text-gray-900\">\n                                  \u00c4\u00e4nenvaimennus:\n                              <\/p>\n                                                <\/dt>\n                                                <dd class=\"mt-2 ml-9 text-base text-gray-500\">\n                              <p>V\u00e4hent\u00e4\u00e4 \u00e4\u00e4nt\u00e4 tehokkaasti<\/p>\n\n                          <\/dd>\n                                        <\/div>\n                                <div class=\"relative\">\n                      <dt>\n                          <svg class=\"absolute h-6 w-6 text-black\" xmlns=\"http:\/\/www.w3.org\/2000\/svg\"\n                              fill=\"none\" viewBox=\"0 0 24 24\" stroke-width=\"2\" stroke=\"currentColor\" aria-hidden=\"true\">\n                              <path stroke-linecap=\"round\" stroke-linejoin=\"round\" d=\"M5 13l4 4L19 7\" \/>\n                          <\/svg>\n                                                        <p class=\"ml-9 text-lg leading-6 font-medium text-gray-900\">\n                                  Paino:\n                              <\/p>\n                                                <\/dt>\n                                                <dd class=\"mt-2 ml-9 text-base text-gray-500\">\n                              <p>300gr\/m2<\/p>\n\n                          <\/dd>\n                                        <\/div>\n                                <div class=\"relative\">\n                      <dt>\n                          <svg class=\"absolute h-6 w-6 text-black\" xmlns=\"http:\/\/www.w3.org\/2000\/svg\"\n                              fill=\"none\" viewBox=\"0 0 24 24\" stroke-width=\"2\" stroke=\"currentColor\" aria-hidden=\"true\">\n                              <path stroke-linecap=\"round\" stroke-linejoin=\"round\" d=\"M5 13l4 4L19 7\" \/>\n                          <\/svg>\n                                                        <p class=\"ml-9 text-lg leading-6 font-medium text-gray-900\">\n                                  Materiaali:\n                              <\/p>\n                                                <\/dt>\n                                                <dd class=\"mt-2 ml-9 text-base text-gray-500\">\n                              <p><span style=\"font-weight: 400;\">100% Puuvilla<\/span><\/p>\n\n                          <\/dd>\n                                        <\/div>\n                                <div class=\"relative\">\n                      <dt>\n                          <svg class=\"absolute h-6 w-6 text-black\" xmlns=\"http:\/\/www.w3.org\/2000\/svg\"\n                              fill=\"none\" viewBox=\"0 0 24 24\" stroke-width=\"2\" stroke=\"currentColor\" aria-hidden=\"true\">\n                              <path stroke-linecap=\"round\" stroke-linejoin=\"round\" d=\"M5 13l4 4L19 7\" \/>\n                          <\/svg>\n                                                        <p class=\"ml-9 text-lg leading-6 font-medium text-gray-900\">\n                                  Pintakerros:\n                              <\/p>\n                                                <\/dt>\n                                                <dd class=\"mt-2 ml-9 text-base text-gray-500\">\n                              <p>Harjattu molemmilta puolilta lis\u00e4\u00e4m\u00e4\u00e4n \u00e4\u00e4nenvaimennusta<\/p>\n\n                          <\/dd>\n                                        <\/div>\n                                <div class=\"relative\">\n                      <dt>\n                          <svg class=\"absolute h-6 w-6 text-black\" xmlns=\"http:\/\/www.w3.org\/2000\/svg\"\n                              fill=\"none\" viewBox=\"0 0 24 24\" stroke-width=\"2\" stroke=\"currentColor\" aria-hidden=\"true\">\n                              <path stroke-linecap=\"round\" stroke-linejoin=\"round\" d=\"M5 13l4 4L19 7\" \/>\n                          <\/svg>\n                                                        <p class=\"ml-9 text-lg leading-6 font-medium text-gray-900\">\n                                  V\u00e4ri:\n                              <\/p>\n                                                <\/dt>\n                                                <dd class=\"mt-2 ml-9 text-base text-gray-500\">\n                              <p>Vaaleanharmaa, keskiharmaa, antrasiitti, musta jne<\/p>\n\n                          <\/dd>\n                                        <\/div>\n                                <div class=\"relative\">\n                      <dt>\n                          <svg class=\"absolute h-6 w-6 text-black\" xmlns=\"http:\/\/www.w3.org\/2000\/svg\"\n                              fill=\"none\" viewBox=\"0 0 24 24\" stroke-width=\"2\" stroke=\"currentColor\" aria-hidden=\"true\">\n                              <path stroke-linecap=\"round\" stroke-linejoin=\"round\" d=\"M5 13l4 4L19 7\" \/>\n                          <\/svg>\n                                                        <p class=\"ml-9 text-lg leading-6 font-medium text-gray-900\">\n                                  Palosuojaus:\n                              <\/p>\n                                                <\/dt>\n                                                <dd class=\"mt-2 ml-9 text-base text-gray-500\">\n                              <p><span style=\"font-weight: 400;\">DIN 4102 B1 + M1<\/span><\/p>\n\n                          <\/dd>\n                                        <\/div>\n                      <\/div>\n","protected":false},"excerpt":{"rendered":"","protected":false},"author":1,"featured_media":0,"parent":0,"menu_order":0,"comment_status":"closed","ping_status":"closed","template":"","meta":{"_acf_changed":false,"footnotes":""},"class_list":["post-342","page","type-page","status-publish","hentry"],"acf":[],"yoast_head":"<!-- This site is optimized with the Yoast SEO plugin v25.1 - https:\/\/yoast.com\/wordpress\/plugins\/seo\/ -->\n<title>Akustiikkakangas - Padelakustik<\/title>\n<meta name=\"robots\" content=\"index, follow, max-snippet:-1, max-image-preview:large, max-video-preview:-1\" \/>\n<link rel=\"canonical\" href=\"https:\/\/padelacoustics.com\/fi\/akustiikkakangas\/\" \/>\n<meta property=\"og:locale\" content=\"en_US\" \/>\n<meta property=\"og:type\" content=\"article\" \/>\n<meta property=\"og:title\" content=\"Akustiikkakangas - Padelakustik\" \/>\n<meta property=\"og:url\" content=\"https:\/\/padelacoustics.com\/fi\/akustiikkakangas\/\" \/>\n<meta property=\"og:site_name\" content=\"Padelakustik\" \/>\n<meta property=\"article:modified_time\" content=\"2023-02-24T15:28:35+00:00\" \/>\n<meta name=\"twitter:card\" content=\"summary_large_image\" \/>\n<script type=\"application\/ld+json\" class=\"yoast-schema-graph\">{\"@context\":\"https:\/\/schema.org\",\"@graph\":[{\"@type\":\"WebPage\",\"@id\":\"https:\/\/padelacoustics.com\/fi\/akustiikkakangas\/\",\"url\":\"https:\/\/padelacoustics.com\/fi\/akustiikkakangas\/\",\"name\":\"Akustiikkakangas - Padelakustik\",\"isPartOf\":{\"@id\":\"https:\/\/padelacoustics.com\/fi\/#website\"},\"datePublished\":\"2022-11-02T13:36:55+00:00\",\"dateModified\":\"2023-02-24T15:28:35+00:00\",\"breadcrumb\":{\"@id\":\"https:\/\/padelacoustics.com\/fi\/akustiikkakangas\/#breadcrumb\"},\"inLanguage\":\"en-US\",\"potentialAction\":[{\"@type\":\"ReadAction\",\"target\":[\"https:\/\/padelacoustics.com\/fi\/akustiikkakangas\/\"]}]},{\"@type\":\"BreadcrumbList\",\"@id\":\"https:\/\/padelacoustics.com\/fi\/akustiikkakangas\/#breadcrumb\",\"itemListElement\":[{\"@type\":\"ListItem\",\"position\":1,\"name\":\"Home\",\"item\":\"https:\/\/padelacoustics.com\/fi\/\"},{\"@type\":\"ListItem\",\"position\":2,\"name\":\"Akustiktyg\"}]},{\"@type\":\"WebSite\",\"@id\":\"https:\/\/padelacoustics.com\/fi\/#website\",\"url\":\"https:\/\/padelacoustics.com\/fi\/\",\"name\":\"Padelakustik\",\"description\":\"Akustikl\u00f6sningar till din padelhall\",\"potentialAction\":[{\"@type\":\"SearchAction\",\"target\":{\"@type\":\"EntryPoint\",\"urlTemplate\":\"https:\/\/padelacoustics.com\/fi\/?s={search_term_string}\"},\"query-input\":{\"@type\":\"PropertyValueSpecification\",\"valueRequired\":true,\"valueName\":\"search_term_string\"}}],\"inLanguage\":\"en-US\"}]}<\/script>\n<!-- \/ Yoast SEO plugin. -->","yoast_head_json":{"title":"Akustiikkakangas - Padelakustik","robots":{"index":"index","follow":"follow","max-snippet":"max-snippet:-1","max-image-preview":"max-image-preview:large","max-video-preview":"max-video-preview:-1"},"canonical":"https:\/\/padelacoustics.com\/fi\/akustiikkakangas\/","og_locale":"en_US","og_type":"article","og_title":"Akustiikkakangas - Padelakustik","og_url":"https:\/\/padelacoustics.com\/fi\/akustiikkakangas\/","og_site_name":"Padelakustik","article_modified_time":"2023-02-24T15:28:35+00:00","twitter_card":"summary_large_image","schema":{"@context":"https:\/\/schema.org","@graph":[{"@type":"WebPage","@id":"https:\/\/padelacoustics.com\/fi\/akustiikkakangas\/","url":"https:\/\/padelacoustics.com\/fi\/akustiikkakangas\/","name":"Akustiikkakangas - Padelakustik","isPartOf":{"@id":"https:\/\/padelacoustics.com\/fi\/#website"},"datePublished":"2022-11-02T13:36:55+00:00","dateModified":"2023-02-24T15:28:35+00:00","breadcrumb":{"@id":"https:\/\/padelacoustics.com\/fi\/akustiikkakangas\/#breadcrumb"},"inLanguage":"en-US","potentialAction":[{"@type":"ReadAction","target":["https:\/\/padelacoustics.com\/fi\/akustiikkakangas\/"]}]},{"@type":"BreadcrumbList","@id":"https:\/\/padelacoustics.com\/fi\/akustiikkakangas\/#breadcrumb","itemListElement":[{"@type":"ListItem","position":1,"name":"Home","item":"https:\/\/padelacoustics.com\/fi\/"},{"@type":"ListItem","position":2,"name":"Akustiktyg"}]},{"@type":"WebSite","@id":"https:\/\/padelacoustics.com\/fi\/#website","url":"https:\/\/padelacoustics.com\/fi\/","name":"Padelakustik","description":"Akustikl\u00f6sningar till din padelhall","potentialAction":[{"@type":"SearchAction","target":{"@type":"EntryPoint","urlTemplate":"https:\/\/padelacoustics.com\/fi\/?s={search_term_string}"},"query-input":{"@type":"PropertyValueSpecification","valueRequired":true,"valueName":"search_term_string"}}],"inLanguage":"en-US"}]}},"_links":{"self":[{"href":"https:\/\/padelacoustics.com\/fi\/wp-json\/wp\/v2\/pages\/342","targetHints":{"allow":["GET"]}}],"collection":[{"href":"https:\/\/padelacoustics.com\/fi\/wp-json\/wp\/v2\/pages"}],"about":[{"href":"https:\/\/padelacoustics.com\/fi\/wp-json\/wp\/v2\/types\/page"}],"author":[{"embeddable":true,"href":"https:\/\/padelacoustics.com\/fi\/wp-json\/wp\/v2\/users\/1"}],"replies":[{"embeddable":true,"href":"https:\/\/padelacoustics.com\/fi\/wp-json\/wp\/v2\/comments?post=342"}],"version-history":[{"count":17,"href":"https:\/\/padelacoustics.com\/fi\/wp-json\/wp\/v2\/pages\/342\/revisions"}],"predecessor-version":[{"id":702,"href":"https:\/\/padelacoustics.com\/fi\/wp-json\/wp\/v2\/pages\/342\/revisions\/702"}],"wp:attachment":[{"href":"https:\/\/padelacoustics.com\/fi\/wp-json\/wp\/v2\/media?parent=342"}],"curies":[{"name":"wp","href":"https:\/\/api.w.org\/{rel}","templated":true}]}}