{"id":35,"date":"2022-08-04T10:25:00","date_gmt":"2022-08-04T10:25:00","guid":{"rendered":"http:\/\/padelakustik2022.test\/?page_id=35"},"modified":"2023-02-24T14:53:22","modified_gmt":"2023-02-24T14:53:22","slug":"akustiikkalevy-120","status":"publish","type":"page","link":"https:\/\/padelacoustics.com\/fi\/akustiikkalevy-120\/","title":{"rendered":"Akustikplatta 120"},"content":{"rendered":"<div \n    class=\"align wp-block-two-columns py-12\">\n    <div class=\"overflow-hidden\">\n        <div\n            class=\" border-none  relative mx-auto max-w-7xl px-4 py-6 sm:px-6 lg:px-8\">\n                            <div class=\"mx-auto text-base\">\n                    <h1\n                        class=\"mt-2 text-3xl font-extrabold leading-8 tracking-tight text-gray-900 sm:text-4xl\">\n                        Akustiikkalevy 120 \n                        <\/h1>\n                <\/div>\n                        <div class=\"mt-4 flex items-baseline justify-start gap-6\">\n                \n                            <\/div>\n            <div class=\"mt-4 lg:grid lg:grid-cols-2 lg:gap-16\">\n                <div class=\"relative lg:col-start-2 lg:row-start-1\">\n                    <div class=\"relative mx-auto max-w-prose lg:max-w-none\">\n                        <div class=\"container\">\n                                                            <img decoding=\"async\" class=\"rounded-lg object-cover object-center shadow-lg lg:h-full\"\n                                    src=\"https:\/\/padelacoustics.com\/fi\/app\/uploads\/2022\/08\/AKustikplatta-120-Gra\u030a.jpeg\" alt=\"AKustikplatta-120-Gra\u030a\">\n                                                    <\/div>\n                    <\/div>\n                <\/div>\n                <div class=\"mt-8 lg:mt-0\">\n                    <div class=\"mx-auto max-w-prose text-base lg:max-w-none\">\n                                                                                                                        <div\n                                        class=\"prose mx-auto mt-5 text-gray-500 lg:col-start-1 lg:row-start-1 lg:max-w-none\">\n                                        <span class=\"wysiwyg-text\"><p class=\"p1\">Akustiikkalevy 120 on alan kustannustehokkain tuote, jota asennetaan Ruotsissa eniten urheiluhallien ja stadionien kattoihin. Rahalle saa yksinkertaisesti vastineeksi paljon \u00e4\u00e4nenvaimennusta. T\u00e4m\u00e4 tuote t\u00e4ytt\u00e4\u00e4 korkeimmat palovaatimukset, vaimentaa \u00e4\u00e4nt\u00e4 tehokkaasti ja on nopea ja helppo asentaa.<\/p>\n<\/span>\n                                    <\/div>\n                                                                                                                                <div\n                                        class=\"prose mx-auto mt-5 text-gray-500 lg:col-start-1 lg:row-start-1 lg:max-w-none\">\n                                        <span class=\"wysiwyg-text\"><p class=\"p1\">Padel- ja urheiluhalleissa Akustiikkalevy 120 sijoitetaan budjetista riippuen joko koko kattoon tai haluttuihin v\u00e4litiloihin. Akustiikkalevy on 50 mm paksu ja sen takana on ilmav\u00e4li (ilmav\u00e4li on yht\u00e4 paksu kuin laatta), jolloin se vaimentaa \u00e4\u00e4nt\u00e4 paremmin kuin (samasta materiaalista valmistettu) suoraan sein\u00e4\u00e4 vasten asennettu 100 mm:n akustiikkalevy. Paksumpi eriste on aina parempi, mutta \u00e4l\u00e4 unohda ilmav\u00e4li\u00e4.<\/p>\n<\/span>\n                                    <\/div>\n                                                                                                                                <div\n                                        class=\"prose mx-auto mt-5 text-gray-500 lg:col-start-1 lg:row-start-1 lg:max-w-none\">\n                                        <span class=\"wysiwyg-text\"><p class=\"p1\">Jos halleissa on kantava metallikatto, ruuvataan laatat suoraan kiinni kattoon eristysruuveja ja 50 mm:n aluslevyj\u00e4 k\u00e4ytt\u00e4en. Nelj\u00e4 aluslevyill\u00e4 varustettua ruuvia kannattelevat hienosti 120 x 120 cm kokoista akustiikkalevy\u00e4. Aaltopeltikatoissa on se etu, ett\u00e4 vaikka levyt asennettaisiin suoraan kattoon, pinnasta noin 50 %:n taakse j\u00e4\u00e4 ilmav\u00e4li, koska katto on &#8220;aallonmuotoinen&#8221;.<\/p>\n<\/span>\n                                    <\/div>\n                                                                                                        <\/div>\n                <\/div>\n            <\/div>\n        <\/div>\n    <\/div>\n<\/div>\n\n\n<div  class=\"align wp-block-feature-grid max-w-7xl mx-auto py-4 px-4 sm:px-6 lg:px-8\">\n                          <dl\n              class=\"mt-12 space-y-10 sm:space-y-0 sm:grid sm:grid-cols-2 sm:gap-x-6 sm:gap-y-12 lg:grid-cols-4 lg:gap-x-8\">\n                                <div class=\"relative\">\n                      <dt>\n                          <svg class=\"absolute h-6 w-6 text-black\" xmlns=\"http:\/\/www.w3.org\/2000\/svg\"\n                              fill=\"none\" viewBox=\"0 0 24 24\" stroke-width=\"2\" stroke=\"currentColor\" aria-hidden=\"true\">\n                              <path stroke-linecap=\"round\" stroke-linejoin=\"round\" d=\"M5 13l4 4L19 7\" \/>\n                          <\/svg>\n                                                        <p class=\"ml-9 text-lg leading-6 font-medium text-gray-900\">\n                                  Mitata:\n                              <\/p>\n                                                <\/dt>\n                                                <dd class=\"mt-2 ml-9 text-base text-gray-500\">\n                              <p><span style=\"font-weight: 400;\">1200 x 1200mm \/ 1200 x 600mm<\/span><\/p>\n\n                          <\/dd>\n                                        <\/div>\n                                <div class=\"relative\">\n                      <dt>\n                          <svg class=\"absolute h-6 w-6 text-black\" xmlns=\"http:\/\/www.w3.org\/2000\/svg\"\n                              fill=\"none\" viewBox=\"0 0 24 24\" stroke-width=\"2\" stroke=\"currentColor\" aria-hidden=\"true\">\n                              <path stroke-linecap=\"round\" stroke-linejoin=\"round\" d=\"M5 13l4 4L19 7\" \/>\n                          <\/svg>\n                                                        <p class=\"ml-9 text-lg leading-6 font-medium text-gray-900\">\n                                  Asennus:\n                              <\/p>\n                                                <\/dt>\n                                                <dd class=\"mt-2 ml-9 text-base text-gray-500\">\n                              <p>Kattoasennukseen<\/p>\n\n                          <\/dd>\n                                        <\/div>\n                                <div class=\"relative\">\n                      <dt>\n                          <svg class=\"absolute h-6 w-6 text-black\" xmlns=\"http:\/\/www.w3.org\/2000\/svg\"\n                              fill=\"none\" viewBox=\"0 0 24 24\" stroke-width=\"2\" stroke=\"currentColor\" aria-hidden=\"true\">\n                              <path stroke-linecap=\"round\" stroke-linejoin=\"round\" d=\"M5 13l4 4L19 7\" \/>\n                          <\/svg>\n                                                        <p class=\"ml-9 text-lg leading-6 font-medium text-gray-900\">\n                                  \u00c4\u00e4nen absorptio:\n                              <\/p>\n                                                <\/dt>\n                                                <dd class=\"mt-2 ml-9 text-base text-gray-500\">\n                              <p>Korkea \u00e4\u00e4nenvaimennus:<\/p>\n\n                          <\/dd>\n                                        <\/div>\n                                <div class=\"relative\">\n                      <dt>\n                          <svg class=\"absolute h-6 w-6 text-black\" xmlns=\"http:\/\/www.w3.org\/2000\/svg\"\n                              fill=\"none\" viewBox=\"0 0 24 24\" stroke-width=\"2\" stroke=\"currentColor\" aria-hidden=\"true\">\n                              <path stroke-linecap=\"round\" stroke-linejoin=\"round\" d=\"M5 13l4 4L19 7\" \/>\n                          <\/svg>\n                                                        <p class=\"ml-9 text-lg leading-6 font-medium text-gray-900\">\n                                  Paksuus:\n                              <\/p>\n                                                <\/dt>\n                                                <dd class=\"mt-2 ml-9 text-base text-gray-500\">\n                              <p><span style=\"font-weight: 400;\">50mm \/ 100mm<\/span><\/p>\n\n                          <\/dd>\n                                        <\/div>\n                                <div class=\"relative\">\n                      <dt>\n                          <svg class=\"absolute h-6 w-6 text-black\" xmlns=\"http:\/\/www.w3.org\/2000\/svg\"\n                              fill=\"none\" viewBox=\"0 0 24 24\" stroke-width=\"2\" stroke=\"currentColor\" aria-hidden=\"true\">\n                              <path stroke-linecap=\"round\" stroke-linejoin=\"round\" d=\"M5 13l4 4L19 7\" \/>\n                          <\/svg>\n                                                        <p class=\"ml-9 text-lg leading-6 font-medium text-gray-900\">\n                                  V\u00e4ri:\n                              <\/p>\n                                                <\/dt>\n                                                <dd class=\"mt-2 ml-9 text-base text-gray-500\">\n                              <p>Luonnollinen, valkoinen, harmaa tai musta<\/p>\n\n                          <\/dd>\n                                        <\/div>\n                                <div class=\"relative\">\n                      <dt>\n                          <svg class=\"absolute h-6 w-6 text-black\" xmlns=\"http:\/\/www.w3.org\/2000\/svg\"\n                              fill=\"none\" viewBox=\"0 0 24 24\" stroke-width=\"2\" stroke=\"currentColor\" aria-hidden=\"true\">\n                              <path stroke-linecap=\"round\" stroke-linejoin=\"round\" d=\"M5 13l4 4L19 7\" \/>\n                          <\/svg>\n                                                        <p class=\"ml-9 text-lg leading-6 font-medium text-gray-900\">\n                                  Materiaali:\n                              <\/p>\n                                                <\/dt>\n                                                <dd class=\"mt-2 ml-9 text-base text-gray-500\">\n                              <p>Kivivillaa + lasikuitukangasta<\/p>\n\n                          <\/dd>\n                                        <\/div>\n                                <div class=\"relative\">\n                      <dt>\n                          <svg class=\"absolute h-6 w-6 text-black\" xmlns=\"http:\/\/www.w3.org\/2000\/svg\"\n                              fill=\"none\" viewBox=\"0 0 24 24\" stroke-width=\"2\" stroke=\"currentColor\" aria-hidden=\"true\">\n                              <path stroke-linecap=\"round\" stroke-linejoin=\"round\" d=\"M5 13l4 4L19 7\" \/>\n                          <\/svg>\n                                                        <p class=\"ml-9 text-lg leading-6 font-medium text-gray-900\">\n                                  Paloluokka:\n                              <\/p>\n                                                <\/dt>\n                                                <dd class=\"mt-2 ml-9 text-base text-gray-500\">\n                              <p><span style=\"font-weight: 400;\">A1, EN 13501-1<\/span><\/p>\n\n                          <\/dd>\n                                        <\/div>\n                      <\/div>\n","protected":false},"excerpt":{"rendered":"","protected":false},"author":1,"featured_media":0,"parent":0,"menu_order":0,"comment_status":"closed","ping_status":"closed","template":"","meta":{"_acf_changed":false,"footnotes":""},"class_list":["post-35","page","type-page","status-publish","hentry"],"acf":[],"yoast_head":"<!-- This site is optimized with the Yoast SEO plugin v25.1 - https:\/\/yoast.com\/wordpress\/plugins\/seo\/ -->\n<title>Akustiikkalevy-120 - Padelakustik<\/title>\n<meta name=\"robots\" content=\"index, follow, max-snippet:-1, max-image-preview:large, max-video-preview:-1\" \/>\n<link rel=\"canonical\" href=\"https:\/\/padelacoustics.com\/fi\/akustiikkalevy-120\/\" \/>\n<meta property=\"og:locale\" content=\"en_US\" \/>\n<meta property=\"og:type\" content=\"article\" \/>\n<meta property=\"og:title\" content=\"Akustiikkalevy-120 - Padelakustik\" \/>\n<meta property=\"og:url\" content=\"https:\/\/padelacoustics.com\/fi\/akustiikkalevy-120\/\" \/>\n<meta property=\"og:site_name\" content=\"Padelakustik\" \/>\n<meta property=\"article:modified_time\" content=\"2023-02-24T14:53:22+00:00\" \/>\n<meta name=\"twitter:card\" content=\"summary_large_image\" \/>\n<script type=\"application\/ld+json\" class=\"yoast-schema-graph\">{\"@context\":\"https:\/\/schema.org\",\"@graph\":[{\"@type\":\"WebPage\",\"@id\":\"https:\/\/padelacoustics.com\/fi\/akustiikkalevy-120\/\",\"url\":\"https:\/\/padelacoustics.com\/fi\/akustiikkalevy-120\/\",\"name\":\"Akustiikkalevy-120 - Padelakustik\",\"isPartOf\":{\"@id\":\"https:\/\/padelacoustics.com\/fi\/#website\"},\"datePublished\":\"2022-08-04T10:25:00+00:00\",\"dateModified\":\"2023-02-24T14:53:22+00:00\",\"breadcrumb\":{\"@id\":\"https:\/\/padelacoustics.com\/fi\/akustiikkalevy-120\/#breadcrumb\"},\"inLanguage\":\"en-US\",\"potentialAction\":[{\"@type\":\"ReadAction\",\"target\":[\"https:\/\/padelacoustics.com\/fi\/akustiikkalevy-120\/\"]}]},{\"@type\":\"BreadcrumbList\",\"@id\":\"https:\/\/padelacoustics.com\/fi\/akustiikkalevy-120\/#breadcrumb\",\"itemListElement\":[{\"@type\":\"ListItem\",\"position\":1,\"name\":\"Home\",\"item\":\"https:\/\/padelacoustics.com\/fi\/\"},{\"@type\":\"ListItem\",\"position\":2,\"name\":\"Akustikplatta 120\"}]},{\"@type\":\"WebSite\",\"@id\":\"https:\/\/padelacoustics.com\/fi\/#website\",\"url\":\"https:\/\/padelacoustics.com\/fi\/\",\"name\":\"Padelakustik\",\"description\":\"Akustikl\u00f6sningar till din padelhall\",\"potentialAction\":[{\"@type\":\"SearchAction\",\"target\":{\"@type\":\"EntryPoint\",\"urlTemplate\":\"https:\/\/padelacoustics.com\/fi\/?s={search_term_string}\"},\"query-input\":{\"@type\":\"PropertyValueSpecification\",\"valueRequired\":true,\"valueName\":\"search_term_string\"}}],\"inLanguage\":\"en-US\"}]}<\/script>\n<!-- \/ Yoast SEO plugin. -->","yoast_head_json":{"title":"Akustiikkalevy-120 - Padelakustik","robots":{"index":"index","follow":"follow","max-snippet":"max-snippet:-1","max-image-preview":"max-image-preview:large","max-video-preview":"max-video-preview:-1"},"canonical":"https:\/\/padelacoustics.com\/fi\/akustiikkalevy-120\/","og_locale":"en_US","og_type":"article","og_title":"Akustiikkalevy-120 - Padelakustik","og_url":"https:\/\/padelacoustics.com\/fi\/akustiikkalevy-120\/","og_site_name":"Padelakustik","article_modified_time":"2023-02-24T14:53:22+00:00","twitter_card":"summary_large_image","schema":{"@context":"https:\/\/schema.org","@graph":[{"@type":"WebPage","@id":"https:\/\/padelacoustics.com\/fi\/akustiikkalevy-120\/","url":"https:\/\/padelacoustics.com\/fi\/akustiikkalevy-120\/","name":"Akustiikkalevy-120 - Padelakustik","isPartOf":{"@id":"https:\/\/padelacoustics.com\/fi\/#website"},"datePublished":"2022-08-04T10:25:00+00:00","dateModified":"2023-02-24T14:53:22+00:00","breadcrumb":{"@id":"https:\/\/padelacoustics.com\/fi\/akustiikkalevy-120\/#breadcrumb"},"inLanguage":"en-US","potentialAction":[{"@type":"ReadAction","target":["https:\/\/padelacoustics.com\/fi\/akustiikkalevy-120\/"]}]},{"@type":"BreadcrumbList","@id":"https:\/\/padelacoustics.com\/fi\/akustiikkalevy-120\/#breadcrumb","itemListElement":[{"@type":"ListItem","position":1,"name":"Home","item":"https:\/\/padelacoustics.com\/fi\/"},{"@type":"ListItem","position":2,"name":"Akustikplatta 120"}]},{"@type":"WebSite","@id":"https:\/\/padelacoustics.com\/fi\/#website","url":"https:\/\/padelacoustics.com\/fi\/","name":"Padelakustik","description":"Akustikl\u00f6sningar till din padelhall","potentialAction":[{"@type":"SearchAction","target":{"@type":"EntryPoint","urlTemplate":"https:\/\/padelacoustics.com\/fi\/?s={search_term_string}"},"query-input":{"@type":"PropertyValueSpecification","valueRequired":true,"valueName":"search_term_string"}}],"inLanguage":"en-US"}]}},"_links":{"self":[{"href":"https:\/\/padelacoustics.com\/fi\/wp-json\/wp\/v2\/pages\/35","targetHints":{"allow":["GET"]}}],"collection":[{"href":"https:\/\/padelacoustics.com\/fi\/wp-json\/wp\/v2\/pages"}],"about":[{"href":"https:\/\/padelacoustics.com\/fi\/wp-json\/wp\/v2\/types\/page"}],"author":[{"embeddable":true,"href":"https:\/\/padelacoustics.com\/fi\/wp-json\/wp\/v2\/users\/1"}],"replies":[{"embeddable":true,"href":"https:\/\/padelacoustics.com\/fi\/wp-json\/wp\/v2\/comments?post=35"}],"version-history":[{"count":31,"href":"https:\/\/padelacoustics.com\/fi\/wp-json\/wp\/v2\/pages\/35\/revisions"}],"predecessor-version":[{"id":710,"href":"https:\/\/padelacoustics.com\/fi\/wp-json\/wp\/v2\/pages\/35\/revisions\/710"}],"wp:attachment":[{"href":"https:\/\/padelacoustics.com\/fi\/wp-json\/wp\/v2\/media?parent=35"}],"curies":[{"name":"wp","href":"https:\/\/api.w.org\/{rel}","templated":true}]}}