{"id":33,"date":"2022-08-04T10:24:33","date_gmt":"2022-08-04T10:24:33","guid":{"rendered":"http:\/\/padelakustik2022.test\/?page_id=33"},"modified":"2025-06-02T14:04:46","modified_gmt":"2025-06-02T14:04:46","slug":"cest-nous","status":"publish","type":"page","link":"https:\/\/padelacoustics.com\/fr\/cest-nous\/","title":{"rendered":"About us"},"content":{"rendered":"<div \n    class=\"align wp-block-two-columns py-12\">\n    <div class=\"overflow-hidden\">\n        <div\n            class=\" border-none  relative mx-auto max-w-7xl px-4 py-6 sm:px-6 lg:px-8\">\n                            <div class=\"mx-auto text-base\">\n                    <h2\n                        class=\"mt-2 text-3xl font-extrabold leading-8 tracking-tight text-gray-900 sm:text-4xl\">\n                        C\u2019est nous !\n                        <\/h2>\n                <\/div>\n                        <div class=\"mt-4 flex items-baseline justify-start gap-6\">\n                \n                            <\/div>\n            <div class=\"mt-4 lg:grid lg:grid-cols-2 lg:gap-16\">\n                <div class=\"relative lg:col-start-2 lg:row-start-1\">\n                    <div class=\"relative mx-auto max-w-prose lg:max-w-none\">\n                        <div class=\"container\">\n                                                    <\/div>\n                    <\/div>\n                <\/div>\n                <div class=\"mt-8 lg:mt-0\">\n                    <div class=\"mx-auto max-w-prose text-base lg:max-w-none\">\n                                                                                                                        <div\n                                        class=\"prose mx-auto mt-5 text-gray-500 lg:col-start-1 lg:row-start-1 lg:max-w-none\">\n                                        <span class=\"wysiwyg-text\"><p>Padelacoustics est une entreprise tr\u00e8s prosp\u00e8re et leader sur le march\u00e9, dont le si\u00e8ge est situ\u00e9 en Su\u00e8de, avec des \u00e9quipes op\u00e9rationnelles bas\u00e9es au BENELUX et au Royaume-Uni. Nous sommes sp\u00e9cialis\u00e9s dans la fourniture d\u2019une gamme vari\u00e9e de solutions acoustiques et d\u2019autres produits adapt\u00e9s \u00e0 diff\u00e9rents types d\u2019espaces. Forts d\u2019une vaste exp\u00e9rience dans l\u2019insonorisation de studios et de grands espaces \u00e9v\u00e9nementiels, nous travaillons d\u00e9sormais \u00e0 100 % \u00e0 l\u2019am\u00e9lioration des environnements acoustiques des salles de padel et de sport.<\/p>\n<p>&nbsp;<\/p>\n<\/span>\n                                    <\/div>\n                                                                                                                                <div\n                                        class=\"prose mx-auto mt-5 text-gray-500 lg:col-start-1 lg:row-start-1 lg:max-w-none\">\n                                        <span class=\"wysiwyg-text\"><p>Nous concevons, livrons et installons nos solutions partout dans le monde, avec plus de 150 salles de padel \u00e9quip\u00e9es. Europe, \u00c9tats-Unis, Moyen-Orient et Am\u00e9rique du Sud \u2013 aucun projet n\u2019est trop grand ni trop petit !<\/p>\n<\/span>\n                                    <\/div>\n                                                                                                                                <div\n                                        class=\"prose mx-auto mt-5 text-gray-500 lg:col-start-1 lg:row-start-1 lg:max-w-none\">\n                                        <span class=\"wysiwyg-text\"><p>Nous offrons non seulement de nombreuses ann\u00e9es d\u2019exp\u00e9rience en gestion de projets, mais aussi la capacit\u00e9 d\u2019adapter une solution acoustique aux besoins, au budget et aux locaux de nos clients. Nous vous accompagnerons pour atteindre vos objectifs acoustiques, de la commande initiale jusqu\u2019\u00e0 l\u2019installation finale, sans passer par des interm\u00e9diaires.<\/p>\n<\/span>\n                                    <\/div>\n                                                                                                                                <div\n                                        class=\"prose mx-auto mt-5 text-gray-500 lg:col-start-1 lg:row-start-1 lg:max-w-none\">\n                                        <span class=\"wysiwyg-text\"><p>Nous nous engageons \u00e9galement \u00e0 fournir des solutions durables et efficaces avec un impact environnemental minimal, en restant \u00e0 jour des derni\u00e8res avanc\u00e9es dans le domaine. Par exemple, plusieurs de nos tissus acoustiques sont certifi\u00e9s GRS et tiss\u00e9s \u00e0 partir de mat\u00e9riaux recycl\u00e9s. Nos tissus acoustiques sont \u00e9galement test\u00e9s en laboratoire par des experts selon les normes ISO 354 et ISO 11654 afin de garantir leur qualit\u00e9 en mati\u00e8re d\u2019att\u00e9nuation de la r\u00e9verb\u00e9ration et de l\u2019\u00e9cho.<\/p>\n<\/span>\n                                    <\/div>\n                                                                                                                                <div\n                                        class=\"prose mx-auto mt-5 text-gray-500 lg:col-start-1 lg:row-start-1 lg:max-w-none\">\n                                        <span class=\"wysiwyg-text\"><p>L\u2019entreprise est d\u00e9tenue et dirig\u00e9e par le PDG Filip Jenv\u00e9n et le directeur des op\u00e9rations M\u00e5ns Brorsson.<\/p>\n<\/span>\n                                    <\/div>\n                                                                                                        <\/div>\n                <\/div>\n            <\/div>\n        <\/div>\n    <\/div>\n<\/div>\n","protected":false},"excerpt":{"rendered":"","protected":false},"author":1,"featured_media":0,"parent":0,"menu_order":0,"comment_status":"closed","ping_status":"closed","template":"","meta":{"_acf_changed":false,"footnotes":""},"class_list":["post-33","page","type-page","status-publish","hentry"],"acf":[],"yoast_head":"<!-- This site is optimized with the Yoast SEO plugin v25.1 - https:\/\/yoast.com\/wordpress\/plugins\/seo\/ -->\n<title>About us - Padelakustik<\/title>\n<meta name=\"robots\" content=\"noindex, follow, max-snippet:-1, max-image-preview:large, max-video-preview:-1\" \/>\n<meta property=\"og:locale\" content=\"en_US\" \/>\n<meta property=\"og:type\" content=\"article\" \/>\n<meta property=\"og:title\" content=\"About us - Padelakustik\" \/>\n<meta property=\"og:url\" content=\"https:\/\/padelacoustics.com\/fr\/cest-nous\/\" \/>\n<meta property=\"og:site_name\" content=\"Padelakustik\" \/>\n<meta property=\"article:modified_time\" content=\"2025-06-02T14:04:46+00:00\" \/>\n<meta name=\"twitter:card\" content=\"summary_large_image\" \/>\n<script type=\"application\/ld+json\" class=\"yoast-schema-graph\">{\"@context\":\"https:\/\/schema.org\",\"@graph\":[{\"@type\":\"WebPage\",\"@id\":\"https:\/\/padelacoustics.com\/fr\/cest-nous\/\",\"url\":\"https:\/\/padelacoustics.com\/fr\/cest-nous\/\",\"name\":\"About us - Padelakustik\",\"isPartOf\":{\"@id\":\"https:\/\/padelacoustics.com\/fr\/#website\"},\"datePublished\":\"2022-08-04T10:24:33+00:00\",\"dateModified\":\"2025-06-02T14:04:46+00:00\",\"breadcrumb\":{\"@id\":\"https:\/\/padelacoustics.com\/fr\/cest-nous\/#breadcrumb\"},\"inLanguage\":\"en-US\",\"potentialAction\":[{\"@type\":\"ReadAction\",\"target\":[\"https:\/\/padelacoustics.com\/fr\/cest-nous\/\"]}]},{\"@type\":\"BreadcrumbList\",\"@id\":\"https:\/\/padelacoustics.com\/fr\/cest-nous\/#breadcrumb\",\"itemListElement\":[{\"@type\":\"ListItem\",\"position\":1,\"name\":\"Home\",\"item\":\"https:\/\/padelacoustics.com\/fr\/\"},{\"@type\":\"ListItem\",\"position\":2,\"name\":\"About us\"}]},{\"@type\":\"WebSite\",\"@id\":\"https:\/\/padelacoustics.com\/fr\/#website\",\"url\":\"https:\/\/padelacoustics.com\/fr\/\",\"name\":\"Padelakustik\",\"description\":\"Acoustic solutions for your padel club\",\"potentialAction\":[{\"@type\":\"SearchAction\",\"target\":{\"@type\":\"EntryPoint\",\"urlTemplate\":\"https:\/\/padelacoustics.com\/fr\/?s={search_term_string}\"},\"query-input\":{\"@type\":\"PropertyValueSpecification\",\"valueRequired\":true,\"valueName\":\"search_term_string\"}}],\"inLanguage\":\"en-US\"}]}<\/script>\n<!-- \/ Yoast SEO plugin. -->","yoast_head_json":{"title":"About us - Padelakustik","robots":{"index":"noindex","follow":"follow","max-snippet":"max-snippet:-1","max-image-preview":"max-image-preview:large","max-video-preview":"max-video-preview:-1"},"og_locale":"en_US","og_type":"article","og_title":"About us - Padelakustik","og_url":"https:\/\/padelacoustics.com\/fr\/cest-nous\/","og_site_name":"Padelakustik","article_modified_time":"2025-06-02T14:04:46+00:00","twitter_card":"summary_large_image","schema":{"@context":"https:\/\/schema.org","@graph":[{"@type":"WebPage","@id":"https:\/\/padelacoustics.com\/fr\/cest-nous\/","url":"https:\/\/padelacoustics.com\/fr\/cest-nous\/","name":"About us - Padelakustik","isPartOf":{"@id":"https:\/\/padelacoustics.com\/fr\/#website"},"datePublished":"2022-08-04T10:24:33+00:00","dateModified":"2025-06-02T14:04:46+00:00","breadcrumb":{"@id":"https:\/\/padelacoustics.com\/fr\/cest-nous\/#breadcrumb"},"inLanguage":"en-US","potentialAction":[{"@type":"ReadAction","target":["https:\/\/padelacoustics.com\/fr\/cest-nous\/"]}]},{"@type":"BreadcrumbList","@id":"https:\/\/padelacoustics.com\/fr\/cest-nous\/#breadcrumb","itemListElement":[{"@type":"ListItem","position":1,"name":"Home","item":"https:\/\/padelacoustics.com\/fr\/"},{"@type":"ListItem","position":2,"name":"About us"}]},{"@type":"WebSite","@id":"https:\/\/padelacoustics.com\/fr\/#website","url":"https:\/\/padelacoustics.com\/fr\/","name":"Padelakustik","description":"Acoustic solutions for your padel club","potentialAction":[{"@type":"SearchAction","target":{"@type":"EntryPoint","urlTemplate":"https:\/\/padelacoustics.com\/fr\/?s={search_term_string}"},"query-input":{"@type":"PropertyValueSpecification","valueRequired":true,"valueName":"search_term_string"}}],"inLanguage":"en-US"}]}},"_links":{"self":[{"href":"https:\/\/padelacoustics.com\/fr\/wp-json\/wp\/v2\/pages\/33","targetHints":{"allow":["GET"]}}],"collection":[{"href":"https:\/\/padelacoustics.com\/fr\/wp-json\/wp\/v2\/pages"}],"about":[{"href":"https:\/\/padelacoustics.com\/fr\/wp-json\/wp\/v2\/types\/page"}],"author":[{"embeddable":true,"href":"https:\/\/padelacoustics.com\/fr\/wp-json\/wp\/v2\/users\/1"}],"replies":[{"embeddable":true,"href":"https:\/\/padelacoustics.com\/fr\/wp-json\/wp\/v2\/comments?post=33"}],"version-history":[{"count":40,"href":"https:\/\/padelacoustics.com\/fr\/wp-json\/wp\/v2\/pages\/33\/revisions"}],"predecessor-version":[{"id":1372,"href":"https:\/\/padelacoustics.com\/fr\/wp-json\/wp\/v2\/pages\/33\/revisions\/1372"}],"wp:attachment":[{"href":"https:\/\/padelacoustics.com\/fr\/wp-json\/wp\/v2\/media?parent=33"}],"curies":[{"name":"wp","href":"https:\/\/api.w.org\/{rel}","templated":true}]}}