{"id":335,"date":"2022-11-02T13:23:44","date_gmt":"2022-11-02T13:23:44","guid":{"rendered":"https:\/\/merlin.templweb.com\/?page_id=335"},"modified":"2025-06-02T14:13:23","modified_gmt":"2025-06-02T14:13:23","slug":"dalles-de-moquette-lux","status":"publish","type":"page","link":"https:\/\/padelacoustics.com\/fr\/dalles-de-moquette-lux\/","title":{"rendered":"Textilplatta Lux"},"content":{"rendered":"<div \n    class=\"align wp-block-two-columns py-12\">\n    <div class=\"overflow-hidden\">\n        <div\n            class=\" border-none  relative mx-auto max-w-7xl px-4 py-6 sm:px-6 lg:px-8\">\n                            <div class=\"mx-auto text-base\">\n                    <h1\n                        class=\"mt-2 text-3xl font-extrabold leading-8 tracking-tight text-gray-900 sm:text-4xl\">\n                        Dalles de moquette Lux\n                        <\/h1>\n                <\/div>\n                        <div class=\"mt-4 flex items-baseline justify-start gap-6\">\n                \n                            <\/div>\n            <div class=\"mt-4 lg:grid lg:grid-cols-2 lg:gap-16\">\n                <div class=\"relative lg:col-start-2 lg:row-start-1\">\n                    <div class=\"relative mx-auto max-w-prose lg:max-w-none\">\n                        <div class=\"container\">\n                                                            <img decoding=\"async\" class=\"rounded-lg object-cover object-center shadow-lg lg:h-full\"\n                                    src=\"https:\/\/padelacoustics.com\/fr\/app\/uploads\/2025\/06\/Lux-Gra-1.jpg\" alt=\"Lux Gra\u030a 1\">\n                                                    <\/div>\n                    <\/div>\n                <\/div>\n                <div class=\"mt-8 lg:mt-0\">\n                    <div class=\"mx-auto max-w-prose text-base lg:max-w-none\">\n                                                                                                                        <div\n                                        class=\"prose mx-auto mt-5 text-gray-500 lg:col-start-1 lg:row-start-1 lg:max-w-none\">\n                                        <span class=\"wysiwyg-text\"><p data-start=\"40\" data-end=\"514\">Les dalles de moquette offrent un bon compromis entre prix abordable et praticit\u00e9. Elles peuvent \u00eatre pos\u00e9es rapidement et facilement sans joints visibles gr\u00e2ce \u00e0 l\u2019utilisation de tapefix ou de ruban adh\u00e9sif double-face. Les dalles textiles sont plus durables et ont une plus longue dur\u00e9e de vie que les tapis en feutre aiguillet\u00e9 \u00e9quivalents. Elles sont \u00e9galement tr\u00e8s efficaces pour att\u00e9nuer le bruit gr\u00e2ce \u00e0 leur support en caoutchouc et leur mat\u00e9riau en nylon dense.<\/p>\n<p data-start=\"40\" data-end=\"514\">\n<p data-start=\"516\" data-end=\"843\" data-is-last-node=\"\" data-is-only-node=\"\">\n<\/span>\n                                    <\/div>\n                                                                                                                                <div\n                                        class=\"prose mx-auto mt-5 text-gray-500 lg:col-start-1 lg:row-start-1 lg:max-w-none\">\n                                        <span class=\"wysiwyg-text\"><p>Elles sont aussi faciles \u00e0 retirer et \u00e0 remplacer, car elles peuvent \u00eatre soulev\u00e9es individuellement du sol selon les besoins. Appliquez simplement la colle au dos, qui reste adh\u00e9sive une fois s\u00e8che. Pour un motif uniforme, posez les dalles dans le m\u00eame sens que les fl\u00e8ches au dos, ou alternez-les pour un motif en damier.<\/p>\n<\/span>\n                                    <\/div>\n                                                                                                        <\/div>\n                <\/div>\n            <\/div>\n        <\/div>\n    <\/div>\n<\/div>\n\n\n<div  class=\"align wp-block-feature-grid max-w-7xl mx-auto py-4 px-4 sm:px-6 lg:px-8\">\n                          <dl\n              class=\"mt-12 space-y-10 sm:space-y-0 sm:grid sm:grid-cols-2 sm:gap-x-6 sm:gap-y-12 lg:grid-cols-4 lg:gap-x-8\">\n                                <div class=\"relative\">\n                      <dt>\n                          <svg class=\"absolute h-6 w-6 text-black\" xmlns=\"http:\/\/www.w3.org\/2000\/svg\"\n                              fill=\"none\" viewBox=\"0 0 24 24\" stroke-width=\"2\" stroke=\"currentColor\" aria-hidden=\"true\">\n                              <path stroke-linecap=\"round\" stroke-linejoin=\"round\" d=\"M5 13l4 4L19 7\" \/>\n                          <\/svg>\n                                                        <p class=\"ml-9 text-lg leading-6 font-medium text-gray-900\">\n                                  R\u00e9sistance \u00e0 l\u2019usure :\n                              <\/p>\n                                                <\/dt>\n                                                <dd class=\"mt-2 ml-9 text-base text-gray-500\">\n                              <p><span style=\"font-weight: 400;\">R\u00e9sistance \u00e0 l\u2019usure la plus \u00e9lev\u00e9e, classe 33<\/span><\/p>\n\n                          <\/dd>\n                                        <\/div>\n                                <div class=\"relative\">\n                      <dt>\n                          <svg class=\"absolute h-6 w-6 text-black\" xmlns=\"http:\/\/www.w3.org\/2000\/svg\"\n                              fill=\"none\" viewBox=\"0 0 24 24\" stroke-width=\"2\" stroke=\"currentColor\" aria-hidden=\"true\">\n                              <path stroke-linecap=\"round\" stroke-linejoin=\"round\" d=\"M5 13l4 4L19 7\" \/>\n                          <\/svg>\n                                                        <p class=\"ml-9 text-lg leading-6 font-medium text-gray-900\">\n                                  Protection contre le feu :\n                              <\/p>\n                                                <\/dt>\n                                                <dd class=\"mt-2 ml-9 text-base text-gray-500\">\n                              <p><span style=\"font-weight: 400;\">Bfl-s1<\/span><\/p>\n\n                          <\/dd>\n                                        <\/div>\n                                <div class=\"relative\">\n                      <dt>\n                          <svg class=\"absolute h-6 w-6 text-black\" xmlns=\"http:\/\/www.w3.org\/2000\/svg\"\n                              fill=\"none\" viewBox=\"0 0 24 24\" stroke-width=\"2\" stroke=\"currentColor\" aria-hidden=\"true\">\n                              <path stroke-linecap=\"round\" stroke-linejoin=\"round\" d=\"M5 13l4 4L19 7\" \/>\n                          <\/svg>\n                                                        <p class=\"ml-9 text-lg leading-6 font-medium text-gray-900\">\n                                  Dimensions :\n                              <\/p>\n                                                <\/dt>\n                                                <dd class=\"mt-2 ml-9 text-base text-gray-500\">\n                              <p><span style=\"font-weight: 400;\">50 x 50 cm or 100 x 100 cm<\/span><\/p>\n\n                          <\/dd>\n                                        <\/div>\n                                <div class=\"relative\">\n                      <dt>\n                          <svg class=\"absolute h-6 w-6 text-black\" xmlns=\"http:\/\/www.w3.org\/2000\/svg\"\n                              fill=\"none\" viewBox=\"0 0 24 24\" stroke-width=\"2\" stroke=\"currentColor\" aria-hidden=\"true\">\n                              <path stroke-linecap=\"round\" stroke-linejoin=\"round\" d=\"M5 13l4 4L19 7\" \/>\n                          <\/svg>\n                                                        <p class=\"ml-9 text-lg leading-6 font-medium text-gray-900\">\n                                  R\u00e9duction du bruit :\n                              <\/p>\n                                                <\/dt>\n                                                <dd class=\"mt-2 ml-9 text-base text-gray-500\">\n                              <p>Excellente r\u00e9duction du bruit<\/p>\n\n                          <\/dd>\n                                        <\/div>\n                                <div class=\"relative\">\n                      <dt>\n                          <svg class=\"absolute h-6 w-6 text-black\" xmlns=\"http:\/\/www.w3.org\/2000\/svg\"\n                              fill=\"none\" viewBox=\"0 0 24 24\" stroke-width=\"2\" stroke=\"currentColor\" aria-hidden=\"true\">\n                              <path stroke-linecap=\"round\" stroke-linejoin=\"round\" d=\"M5 13l4 4L19 7\" \/>\n                          <\/svg>\n                                                        <p class=\"ml-9 text-lg leading-6 font-medium text-gray-900\">\n                                  Mat\u00e9riau :\n                              <\/p>\n                                                <\/dt>\n                                                <dd class=\"mt-2 ml-9 text-base text-gray-500\">\n                              <p>Boucl\u00e9 tuft\u00e9 Pil\u00e9<\/p>\n\n                          <\/dd>\n                                        <\/div>\n                      <\/div>\n","protected":false},"excerpt":{"rendered":"","protected":false},"author":1,"featured_media":0,"parent":0,"menu_order":0,"comment_status":"closed","ping_status":"closed","template":"","meta":{"_acf_changed":false,"footnotes":""},"class_list":["post-335","page","type-page","status-publish","hentry"],"acf":[],"yoast_head":"<!-- This site is optimized with the Yoast SEO plugin v25.1 - https:\/\/yoast.com\/wordpress\/plugins\/seo\/ -->\n<title>Carpet tiles Lux - Padelakustik<\/title>\n<meta name=\"robots\" content=\"noindex, follow, max-snippet:-1, max-image-preview:large, max-video-preview:-1\" \/>\n<meta property=\"og:locale\" content=\"en_US\" \/>\n<meta property=\"og:type\" content=\"article\" \/>\n<meta property=\"og:title\" content=\"Carpet tiles Lux - Padelakustik\" \/>\n<meta property=\"og:url\" content=\"https:\/\/padelacoustics.com\/fr\/dalles-de-moquette-lux\/\" \/>\n<meta property=\"og:site_name\" content=\"Padelakustik\" \/>\n<meta property=\"article:modified_time\" content=\"2025-06-02T14:13:23+00:00\" \/>\n<meta name=\"twitter:card\" content=\"summary_large_image\" \/>\n<script type=\"application\/ld+json\" class=\"yoast-schema-graph\">{\"@context\":\"https:\/\/schema.org\",\"@graph\":[{\"@type\":\"WebPage\",\"@id\":\"https:\/\/padelacoustics.com\/fr\/dalles-de-moquette-lux\/\",\"url\":\"https:\/\/padelacoustics.com\/fr\/dalles-de-moquette-lux\/\",\"name\":\"Carpet tiles Lux - Padelakustik\",\"isPartOf\":{\"@id\":\"https:\/\/padelacoustics.com\/fr\/#website\"},\"datePublished\":\"2022-11-02T13:23:44+00:00\",\"dateModified\":\"2025-06-02T14:13:23+00:00\",\"breadcrumb\":{\"@id\":\"https:\/\/padelacoustics.com\/fr\/dalles-de-moquette-lux\/#breadcrumb\"},\"inLanguage\":\"en-US\",\"potentialAction\":[{\"@type\":\"ReadAction\",\"target\":[\"https:\/\/padelacoustics.com\/fr\/dalles-de-moquette-lux\/\"]}]},{\"@type\":\"BreadcrumbList\",\"@id\":\"https:\/\/padelacoustics.com\/fr\/dalles-de-moquette-lux\/#breadcrumb\",\"itemListElement\":[{\"@type\":\"ListItem\",\"position\":1,\"name\":\"Home\",\"item\":\"https:\/\/padelacoustics.com\/fr\/\"},{\"@type\":\"ListItem\",\"position\":2,\"name\":\"Textilplatta Lux\"}]},{\"@type\":\"WebSite\",\"@id\":\"https:\/\/padelacoustics.com\/fr\/#website\",\"url\":\"https:\/\/padelacoustics.com\/fr\/\",\"name\":\"Padelakustik\",\"description\":\"Acoustic solutions for your padel club\",\"potentialAction\":[{\"@type\":\"SearchAction\",\"target\":{\"@type\":\"EntryPoint\",\"urlTemplate\":\"https:\/\/padelacoustics.com\/fr\/?s={search_term_string}\"},\"query-input\":{\"@type\":\"PropertyValueSpecification\",\"valueRequired\":true,\"valueName\":\"search_term_string\"}}],\"inLanguage\":\"en-US\"}]}<\/script>\n<!-- \/ Yoast SEO plugin. -->","yoast_head_json":{"title":"Carpet tiles Lux - Padelakustik","robots":{"index":"noindex","follow":"follow","max-snippet":"max-snippet:-1","max-image-preview":"max-image-preview:large","max-video-preview":"max-video-preview:-1"},"og_locale":"en_US","og_type":"article","og_title":"Carpet tiles Lux - Padelakustik","og_url":"https:\/\/padelacoustics.com\/fr\/dalles-de-moquette-lux\/","og_site_name":"Padelakustik","article_modified_time":"2025-06-02T14:13:23+00:00","twitter_card":"summary_large_image","schema":{"@context":"https:\/\/schema.org","@graph":[{"@type":"WebPage","@id":"https:\/\/padelacoustics.com\/fr\/dalles-de-moquette-lux\/","url":"https:\/\/padelacoustics.com\/fr\/dalles-de-moquette-lux\/","name":"Carpet tiles Lux - Padelakustik","isPartOf":{"@id":"https:\/\/padelacoustics.com\/fr\/#website"},"datePublished":"2022-11-02T13:23:44+00:00","dateModified":"2025-06-02T14:13:23+00:00","breadcrumb":{"@id":"https:\/\/padelacoustics.com\/fr\/dalles-de-moquette-lux\/#breadcrumb"},"inLanguage":"en-US","potentialAction":[{"@type":"ReadAction","target":["https:\/\/padelacoustics.com\/fr\/dalles-de-moquette-lux\/"]}]},{"@type":"BreadcrumbList","@id":"https:\/\/padelacoustics.com\/fr\/dalles-de-moquette-lux\/#breadcrumb","itemListElement":[{"@type":"ListItem","position":1,"name":"Home","item":"https:\/\/padelacoustics.com\/fr\/"},{"@type":"ListItem","position":2,"name":"Textilplatta Lux"}]},{"@type":"WebSite","@id":"https:\/\/padelacoustics.com\/fr\/#website","url":"https:\/\/padelacoustics.com\/fr\/","name":"Padelakustik","description":"Acoustic solutions for your padel club","potentialAction":[{"@type":"SearchAction","target":{"@type":"EntryPoint","urlTemplate":"https:\/\/padelacoustics.com\/fr\/?s={search_term_string}"},"query-input":{"@type":"PropertyValueSpecification","valueRequired":true,"valueName":"search_term_string"}}],"inLanguage":"en-US"}]}},"_links":{"self":[{"href":"https:\/\/padelacoustics.com\/fr\/wp-json\/wp\/v2\/pages\/335","targetHints":{"allow":["GET"]}}],"collection":[{"href":"https:\/\/padelacoustics.com\/fr\/wp-json\/wp\/v2\/pages"}],"about":[{"href":"https:\/\/padelacoustics.com\/fr\/wp-json\/wp\/v2\/types\/page"}],"author":[{"embeddable":true,"href":"https:\/\/padelacoustics.com\/fr\/wp-json\/wp\/v2\/users\/1"}],"replies":[{"embeddable":true,"href":"https:\/\/padelacoustics.com\/fr\/wp-json\/wp\/v2\/comments?post=335"}],"version-history":[{"count":40,"href":"https:\/\/padelacoustics.com\/fr\/wp-json\/wp\/v2\/pages\/335\/revisions"}],"predecessor-version":[{"id":1368,"href":"https:\/\/padelacoustics.com\/fr\/wp-json\/wp\/v2\/pages\/335\/revisions\/1368"}],"wp:attachment":[{"href":"https:\/\/padelacoustics.com\/fr\/wp-json\/wp\/v2\/media?parent=335"}],"curies":[{"name":"wp","href":"https:\/\/api.w.org\/{rel}","templated":true}]}}