{"id":345,"date":"2022-11-02T13:41:27","date_gmt":"2022-11-02T13:41:27","guid":{"rendered":"https:\/\/merlin.templweb.com\/?page_id=345"},"modified":"2025-06-02T14:06:50","modified_gmt":"2025-06-02T14:06:50","slug":"courtside-moquette-aiguilletee","status":"publish","type":"page","link":"https:\/\/padelacoustics.com\/fr\/courtside-moquette-aiguilletee\/","title":{"rendered":"Courtside needlefelt carpet"},"content":{"rendered":"<div \n    class=\"align wp-block-two-columns py-12\">\n    <div class=\"overflow-hidden\">\n        <div\n            class=\" border-none  relative mx-auto max-w-7xl px-4 py-6 sm:px-6 lg:px-8\">\n                            <div class=\"mx-auto text-base\">\n                    <h1\n                        class=\"mt-2 text-3xl font-extrabold leading-8 tracking-tight text-gray-900 sm:text-4xl\">\n                        Courtside moquette aiguillet\u00e9e\n                        <\/h1>\n                <\/div>\n                        <div class=\"mt-4 flex items-baseline justify-start gap-6\">\n                \n                            <\/div>\n            <div class=\"mt-4 lg:grid lg:grid-cols-2 lg:gap-16\">\n                <div class=\"relative lg:col-start-2 lg:row-start-1\">\n                    <div class=\"relative mx-auto max-w-prose lg:max-w-none\">\n                        <div class=\"container\">\n                                                            <img decoding=\"async\" class=\"rounded-lg object-cover object-center shadow-lg lg:h-full\"\n                                    src=\"https:\/\/padelacoustics.com\/fr\/app\/uploads\/2022\/12\/Produktbild_1-2500-scaled-2.jpg\" alt=\"Produktbild_1-2500\">\n                                                    <\/div>\n                    <\/div>\n                <\/div>\n                <div class=\"mt-8 lg:mt-0\">\n                    <div class=\"mx-auto max-w-prose text-base lg:max-w-none\">\n                                                                                                                        <div\n                                        class=\"prose mx-auto mt-5 text-gray-500 lg:col-start-1 lg:row-start-1 lg:max-w-none\">\n                                        <span class=\"wysiwyg-text\"><p data-start=\"40\" data-end=\"166\">Courtside est une moquette aiguillet\u00e9e r\u00e9sistante \u00e0 l\u2019usure, d\u2019une profondeur g\u00e9n\u00e9reuse de 9 mm, avec une qualit\u00e9 velours.<\/p>\n<p data-start=\"40\" data-end=\"166\">\n<p data-start=\"168\" data-end=\"291\">Ce tapis est id\u00e9al pour \u00eatre utilis\u00e9 autour de la zone de jeu, notamment dans les zones o\u00f9 les chutes sont plus fr\u00e9quentes.<\/p>\n<p data-start=\"293\" data-end=\"471\" data-is-last-node=\"\" data-is-only-node=\"\">\n<p data-start=\"293\" data-end=\"471\" data-is-last-node=\"\" data-is-only-node=\"\">Les combinaisons de couleurs populaires incluent le gris chin\u00e9, qui masque les traces et la salet\u00e9, ainsi que notre variante rouge WPT, souvent plac\u00e9e autour des courts centraux.<\/p>\n<p>&nbsp;<\/p>\n<\/span>\n                                    <\/div>\n                                                                                                        <\/div>\n                <\/div>\n            <\/div>\n        <\/div>\n    <\/div>\n<\/div>\n\n\n<div  class=\"align wp-block-feature-grid max-w-7xl mx-auto py-4 px-4 sm:px-6 lg:px-8\">\n                          <dl\n              class=\"mt-12 space-y-10 sm:space-y-0 sm:grid sm:grid-cols-2 sm:gap-x-6 sm:gap-y-12 lg:grid-cols-4 lg:gap-x-8\">\n                                <div class=\"relative\">\n                      <dt>\n                          <svg class=\"absolute h-6 w-6 text-black\" xmlns=\"http:\/\/www.w3.org\/2000\/svg\"\n                              fill=\"none\" viewBox=\"0 0 24 24\" stroke-width=\"2\" stroke=\"currentColor\" aria-hidden=\"true\">\n                              <path stroke-linecap=\"round\" stroke-linejoin=\"round\" d=\"M5 13l4 4L19 7\" \/>\n                          <\/svg>\n                                                        <p class=\"ml-9 text-lg leading-6 font-medium text-gray-900\">\n                                  Mat\u00e9riau :\n                              <\/p>\n                                                <\/dt>\n                                                <dd class=\"mt-2 ml-9 text-base text-gray-500\">\n                              <p>VG avec un support en caoutchouc naturel<\/p>\n<p>&nbsp;<\/p>\n\n                          <\/dd>\n                                        <\/div>\n                                <div class=\"relative\">\n                      <dt>\n                          <svg class=\"absolute h-6 w-6 text-black\" xmlns=\"http:\/\/www.w3.org\/2000\/svg\"\n                              fill=\"none\" viewBox=\"0 0 24 24\" stroke-width=\"2\" stroke=\"currentColor\" aria-hidden=\"true\">\n                              <path stroke-linecap=\"round\" stroke-linejoin=\"round\" d=\"M5 13l4 4L19 7\" \/>\n                          <\/svg>\n                                                        <p class=\"ml-9 text-lg leading-6 font-medium text-gray-900\">\n                                  Hauteur :\n                              <\/p>\n                                                <\/dt>\n                                                <dd class=\"mt-2 ml-9 text-base text-gray-500\">\n                              <p>9mm<\/p>\n\n                          <\/dd>\n                                        <\/div>\n                                <div class=\"relative\">\n                      <dt>\n                          <svg class=\"absolute h-6 w-6 text-black\" xmlns=\"http:\/\/www.w3.org\/2000\/svg\"\n                              fill=\"none\" viewBox=\"0 0 24 24\" stroke-width=\"2\" stroke=\"currentColor\" aria-hidden=\"true\">\n                              <path stroke-linecap=\"round\" stroke-linejoin=\"round\" d=\"M5 13l4 4L19 7\" \/>\n                          <\/svg>\n                                                        <p class=\"ml-9 text-lg leading-6 font-medium text-gray-900\">\n                                  R\u00e9sistance \u00e0 l\u2019usure :\n                              <\/p>\n                                                <\/dt>\n                                                <dd class=\"mt-2 ml-9 text-base text-gray-500\">\n                              <p>Classe 23 (Usage intensif)<\/p>\n\n                          <\/dd>\n                                        <\/div>\n                                <div class=\"relative\">\n                      <dt>\n                          <svg class=\"absolute h-6 w-6 text-black\" xmlns=\"http:\/\/www.w3.org\/2000\/svg\"\n                              fill=\"none\" viewBox=\"0 0 24 24\" stroke-width=\"2\" stroke=\"currentColor\" aria-hidden=\"true\">\n                              <path stroke-linecap=\"round\" stroke-linejoin=\"round\" d=\"M5 13l4 4L19 7\" \/>\n                          <\/svg>\n                                                        <p class=\"ml-9 text-lg leading-6 font-medium text-gray-900\">\n                                  Ignifuge :\n                              <\/p>\n                                                <\/dt>\n                                                <dd class=\"mt-2 ml-9 text-base text-gray-500\">\n                              <p>Efl<\/p>\n\n                          <\/dd>\n                                        <\/div>\n                      <\/div>\n","protected":false},"excerpt":{"rendered":"","protected":false},"author":1,"featured_media":0,"parent":0,"menu_order":0,"comment_status":"closed","ping_status":"closed","template":"","meta":{"_acf_changed":false,"footnotes":""},"class_list":["post-345","page","type-page","status-publish","hentry"],"acf":[],"yoast_head":"<!-- This site is optimized with the Yoast SEO plugin v25.1 - https:\/\/yoast.com\/wordpress\/plugins\/seo\/ -->\n<title>Courtside needlefelt carpet - Padelakustik<\/title>\n<meta name=\"robots\" content=\"noindex, follow, max-snippet:-1, max-image-preview:large, max-video-preview:-1\" \/>\n<meta property=\"og:locale\" content=\"en_US\" \/>\n<meta property=\"og:type\" content=\"article\" \/>\n<meta property=\"og:title\" content=\"Courtside needlefelt carpet - Padelakustik\" \/>\n<meta property=\"og:url\" content=\"https:\/\/padelacoustics.com\/fr\/courtside-moquette-aiguilletee\/\" \/>\n<meta property=\"og:site_name\" content=\"Padelakustik\" \/>\n<meta property=\"article:modified_time\" content=\"2025-06-02T14:06:50+00:00\" \/>\n<meta name=\"twitter:card\" content=\"summary_large_image\" \/>\n<script type=\"application\/ld+json\" class=\"yoast-schema-graph\">{\"@context\":\"https:\/\/schema.org\",\"@graph\":[{\"@type\":\"WebPage\",\"@id\":\"https:\/\/padelacoustics.com\/fr\/courtside-moquette-aiguilletee\/\",\"url\":\"https:\/\/padelacoustics.com\/fr\/courtside-moquette-aiguilletee\/\",\"name\":\"Courtside needlefelt carpet - Padelakustik\",\"isPartOf\":{\"@id\":\"https:\/\/padelacoustics.com\/fr\/#website\"},\"datePublished\":\"2022-11-02T13:41:27+00:00\",\"dateModified\":\"2025-06-02T14:06:50+00:00\",\"breadcrumb\":{\"@id\":\"https:\/\/padelacoustics.com\/fr\/courtside-moquette-aiguilletee\/#breadcrumb\"},\"inLanguage\":\"en-US\",\"potentialAction\":[{\"@type\":\"ReadAction\",\"target\":[\"https:\/\/padelacoustics.com\/fr\/courtside-moquette-aiguilletee\/\"]}]},{\"@type\":\"BreadcrumbList\",\"@id\":\"https:\/\/padelacoustics.com\/fr\/courtside-moquette-aiguilletee\/#breadcrumb\",\"itemListElement\":[{\"@type\":\"ListItem\",\"position\":1,\"name\":\"Home\",\"item\":\"https:\/\/padelacoustics.com\/fr\/\"},{\"@type\":\"ListItem\",\"position\":2,\"name\":\"Courtside needlefelt carpet\"}]},{\"@type\":\"WebSite\",\"@id\":\"https:\/\/padelacoustics.com\/fr\/#website\",\"url\":\"https:\/\/padelacoustics.com\/fr\/\",\"name\":\"Padelakustik\",\"description\":\"Acoustic solutions for your padel club\",\"potentialAction\":[{\"@type\":\"SearchAction\",\"target\":{\"@type\":\"EntryPoint\",\"urlTemplate\":\"https:\/\/padelacoustics.com\/fr\/?s={search_term_string}\"},\"query-input\":{\"@type\":\"PropertyValueSpecification\",\"valueRequired\":true,\"valueName\":\"search_term_string\"}}],\"inLanguage\":\"en-US\"}]}<\/script>\n<!-- \/ Yoast SEO plugin. -->","yoast_head_json":{"title":"Courtside needlefelt carpet - Padelakustik","robots":{"index":"noindex","follow":"follow","max-snippet":"max-snippet:-1","max-image-preview":"max-image-preview:large","max-video-preview":"max-video-preview:-1"},"og_locale":"en_US","og_type":"article","og_title":"Courtside needlefelt carpet - Padelakustik","og_url":"https:\/\/padelacoustics.com\/fr\/courtside-moquette-aiguilletee\/","og_site_name":"Padelakustik","article_modified_time":"2025-06-02T14:06:50+00:00","twitter_card":"summary_large_image","schema":{"@context":"https:\/\/schema.org","@graph":[{"@type":"WebPage","@id":"https:\/\/padelacoustics.com\/fr\/courtside-moquette-aiguilletee\/","url":"https:\/\/padelacoustics.com\/fr\/courtside-moquette-aiguilletee\/","name":"Courtside needlefelt carpet - Padelakustik","isPartOf":{"@id":"https:\/\/padelacoustics.com\/fr\/#website"},"datePublished":"2022-11-02T13:41:27+00:00","dateModified":"2025-06-02T14:06:50+00:00","breadcrumb":{"@id":"https:\/\/padelacoustics.com\/fr\/courtside-moquette-aiguilletee\/#breadcrumb"},"inLanguage":"en-US","potentialAction":[{"@type":"ReadAction","target":["https:\/\/padelacoustics.com\/fr\/courtside-moquette-aiguilletee\/"]}]},{"@type":"BreadcrumbList","@id":"https:\/\/padelacoustics.com\/fr\/courtside-moquette-aiguilletee\/#breadcrumb","itemListElement":[{"@type":"ListItem","position":1,"name":"Home","item":"https:\/\/padelacoustics.com\/fr\/"},{"@type":"ListItem","position":2,"name":"Courtside needlefelt carpet"}]},{"@type":"WebSite","@id":"https:\/\/padelacoustics.com\/fr\/#website","url":"https:\/\/padelacoustics.com\/fr\/","name":"Padelakustik","description":"Acoustic solutions for your padel club","potentialAction":[{"@type":"SearchAction","target":{"@type":"EntryPoint","urlTemplate":"https:\/\/padelacoustics.com\/fr\/?s={search_term_string}"},"query-input":{"@type":"PropertyValueSpecification","valueRequired":true,"valueName":"search_term_string"}}],"inLanguage":"en-US"}]}},"_links":{"self":[{"href":"https:\/\/padelacoustics.com\/fr\/wp-json\/wp\/v2\/pages\/345","targetHints":{"allow":["GET"]}}],"collection":[{"href":"https:\/\/padelacoustics.com\/fr\/wp-json\/wp\/v2\/pages"}],"about":[{"href":"https:\/\/padelacoustics.com\/fr\/wp-json\/wp\/v2\/types\/page"}],"author":[{"embeddable":true,"href":"https:\/\/padelacoustics.com\/fr\/wp-json\/wp\/v2\/users\/1"}],"replies":[{"embeddable":true,"href":"https:\/\/padelacoustics.com\/fr\/wp-json\/wp\/v2\/comments?post=345"}],"version-history":[{"count":43,"href":"https:\/\/padelacoustics.com\/fr\/wp-json\/wp\/v2\/pages\/345\/revisions"}],"predecessor-version":[{"id":1370,"href":"https:\/\/padelacoustics.com\/fr\/wp-json\/wp\/v2\/pages\/345\/revisions\/1370"}],"wp:attachment":[{"href":"https:\/\/padelacoustics.com\/fr\/wp-json\/wp\/v2\/media?parent=345"}],"curies":[{"name":"wp","href":"https:\/\/api.w.org\/{rel}","templated":true}]}}