{"id":947,"date":"2023-10-04T11:03:00","date_gmt":"2023-10-04T11:03:00","guid":{"rendered":"https:\/\/edithe.templweb.com\/\/?page_id=947"},"modified":"2025-06-03T08:01:16","modified_gmt":"2025-06-03T08:01:16","slug":"actualites","status":"publish","type":"page","link":"https:\/\/padelacoustics.com\/fr\/actualites\/","title":{"rendered":"News"},"content":{"rendered":"<div class=\"align wp-block-hero relative z-10\">\n    <div\n        class=\"relative flex  md:h-[75vh]  mx-auto py-8 lg:py-12\">\n        <div aria-hidden=\"true\" class=\"absolute inset-0 flex flex-col\">\n            <div class=\"relative w-full flex-1 bg-gray-800\">\n                <div class=\"absolute inset-0 overflow-hidden\">\n                                            <img decoding=\"async\" src=\"https:\/\/padelacoustics.com\/fr\/app\/uploads\/2023\/10\/6-Padium-UK.jpg-scaled.jpg\" alt=\"\"\n                            class=\"h-full w-full object-cover object-center \">\n                                    <\/div>\n                                    <div class=\"absolute inset-0 bg-black opacity-60\"><\/div>\n                            <\/div>\n        <\/div>\n        <div class=\"relative mx-auto max-w-7xl w-full pt-16 pb-20 flex items-center text-center lg:text-left\">\n            <div class=\"px-4 lg:max-w-6xl sm:px-8 xl:pr-16\">\n                                    <h1\n                        class=\"text-3xl tracking-tight font-bold text-white drop-shadow-lg sm:text-3xl md:text-6xl lg:text-5xl xl:text-6xl\">\n                        <span class=\"block xl:inline\">\n                            Padium UK \u2013 Comment nous avons cr\u00e9\u00e9 l\u2019environnement sonore optimal dans un club de padel int\u00e9rieur au centre de Londres.\n                        <\/span>\n                    <\/h1>\n                                                            <\/div>\n        <\/div>\n    <\/div>\n<\/div>\n\n\n<div \n    class=\"align wp-block-category py-12\">\n    <div class=\"mx-auto max-w-7xl\">\n                                    <div class=\"grid lg:grid-cols-2 sm:grid-cols-1 gap-6 lg:gap-32 items-center pb-8 place-content-evenly\">\n                    <div class=\"px-4 xl:px-8  sm:order-1 \">\n                        <div class=\"sm:aspect-w-2 aspect-h-1 lg:aspect-w-1 \">\n                                                            <img decoding=\"async\" class=\"object-center object-cover rounded-lg shadow-lg\"\n                                    src=\"https:\/\/padelacoustics.com\/fr\/app\/uploads\/2023\/10\/16-2-2200x2200-Padium-UK.jpg\" alt=\"16-2 2200x2200 - Padium UK\">\n                                                    <\/div>\n                                            <\/div>\n                    <div class=\"p-4 lg:p-8 sm:relative \">\n                                                    <h2 class=\"mt-2 mb-4 text-black text-3xl font-bold md:text-4xl\">\n                                Les rideaux : une solution \u00e0 de multiples d\u00e9fis.\n                            <\/h2>\n                                                                            <span class=\"text-gray-500 max-w-prose wysiwyg-text\">\n                                <p data-start=\"0\" data-end=\"441\">Pendant le travail sur le projet, l\u2019\u00e9quipe de design a rapidement remarqu\u00e9 qu\u2019elle devait r\u00e9soudre certains probl\u00e8mes qui, par la suite, se sont av\u00e9r\u00e9s partager une solution commune. Les parois blanches et brillantes de la structure de la tente ne refl\u00e9taient pas l\u2019ambiance haut de gamme que notre client recherchait. De plus, aucune solution acoustique n\u2019avait encore \u00e9t\u00e9 trouv\u00e9e \u2013 un probl\u00e8me majeur dans tous les types d\u2019ar\u00e8nes de padel.<\/p>\n<p data-start=\"0\" data-end=\"441\">\n<p data-start=\"0\" data-end=\"441\">\n<p data-start=\"443\" data-end=\"821\">C\u2019est l\u00e0 que nous sommes intervenus ! Les rideaux acoustiques pliss\u00e9s que nous avons install\u00e9s le long des murs ont apport\u00e9 une touche sombre et luxueuse \u00e0 l\u2019ensemble du lieu, tout en \u00e9liminant totalement la r\u00e9verb\u00e9ration et l\u2019\u00e9cho. Pas besoin de peinture suppl\u00e9mentaire ni de panneaux de plafond co\u00fbteux : ces rideaux \u00e9conomiques ont permis d\u2019unifier l\u2019espace \u00e0 la perfection !<\/p>\n<p data-start=\"443\" data-end=\"821\">\n<p data-start=\"443\" data-end=\"821\">\n<p data-start=\"823\" data-end=\"859\" data-is-last-node=\"\" data-is-only-node=\"\">\u2013 Filip Jenv\u00e9n \/ PDG, Padelacoustics<\/p>\n<p>&nbsp;<\/p>\n\n                            <\/span>\n                                            <\/div>\n                <\/div>\n                            <div class=\"grid lg:grid-cols-2 sm:grid-cols-1 gap-6 lg:gap-32 items-center pb-8 place-content-evenly\">\n                    <div class=\"px-4 xl:px-8 \">\n                        <div class=\"sm:aspect-w-2 aspect-h-1 lg:aspect-w-1 \">\n                                                            <img decoding=\"async\" class=\"object-center object-cover rounded-lg shadow-lg\"\n                                    src=\"https:\/\/padelacoustics.com\/fr\/app\/uploads\/2023\/10\/97-2200x2200-Baren-Padium-UK.jpg\" alt=\"97 2200x2200 Baren - Padium UK\">\n                                                    <\/div>\n                                            <\/div>\n                    <div class=\"p-4 lg:p-8 sm:relative  sm:order-last \">\n                                                    <h2 class=\"mt-2 mb-4 text-black text-3xl font-bold md:text-4xl\">\n                                Un salon spacieux au deuxi\u00e8me \u00e9tage et un bar !\n                            <\/h2>\n                                                                            <span class=\"text-gray-500 max-w-prose wysiwyg-text\">\n                                <p data-start=\"0\" data-end=\"278\">Dot\u00e9 d\u2019un balcon de 220 m\u00b2 au c\u0153ur du club, avec vue sur tous les terrains, Padium est con\u00e7u strat\u00e9giquement pour accueillir des \u00e9v\u00e9nements et des comp\u00e9titions. Le bar se trouve au premier \u00e9tage, \u00e0 c\u00f4t\u00e9 de la boutique, offrant aux clients un accueil chaleureux et professionnel.<\/p>\n<p data-start=\"0\" data-end=\"278\">\n<p data-start=\"280\" data-end=\"409\" data-is-last-node=\"\" data-is-only-node=\"\">\u00c0 noter : la boutique met en avant des marques su\u00e9doises telles que NOCCO et Bj\u00f6rn Borg. Et oui \u2013 les propri\u00e9taires sont su\u00e9dois.<\/p>\n\n                            <\/span>\n                                            <\/div>\n                <\/div>\n                        <\/div>\n<\/div>\n\n\n<div class=\"align wp-block-hero relative z-10\">\n    <div\n        class=\"relative flex  md:h-[75vh]  mx-auto py-8 lg:py-12\">\n        <div aria-hidden=\"true\" class=\"absolute inset-0 flex flex-col\">\n            <div class=\"relative w-full flex-1 bg-gray-800\">\n                <div class=\"absolute inset-0 overflow-hidden\">\n                                            <img decoding=\"async\" src=\"https:\/\/padelacoustics.com\/fr\/app\/uploads\/2023\/10\/14-Padium-UK.jpg-scaled.jpg\" alt=\"\"\n                            class=\"h-full w-full object-cover object-center \">\n                                    <\/div>\n                                    <div class=\"absolute inset-0 bg-black opacity-60\"><\/div>\n                            <\/div>\n        <\/div>\n        <div class=\"relative mx-auto max-w-7xl w-full pt-16 pb-20 flex items-center text-center lg:text-left\">\n            <div class=\"px-4 lg:max-w-6xl sm:px-8 xl:pr-16\">\n                                    <h1\n                        class=\"text-3xl tracking-tight font-bold text-white drop-shadow-lg sm:text-3xl md:text-6xl lg:text-5xl xl:text-6xl\">\n                        <span class=\"block xl:inline\">\n                            Lorsque l\u2019on cherche \u00e0 cr\u00e9er un club de padel avec une touche premium en plus, les rideaux pliss\u00e9s autour des murs sont une \u00e9vidence pour nos clients. Trouver un produit qui r\u00e9sout les probl\u00e8mes acoustiques, ajoute de la couleur aux murs et apporte une touche de luxe \u00e0 l\u2019ensemble du lieu, c\u2019est un v\u00e9ritable atout !\n                        <\/span>\n                    <\/h1>\n                                                    <div class=\"mt-3 max-w-md text-lg text-white drop-shadow-lg sm:text-xl md:mt-5 md:max-w-3xl\">\n                        <p>&#8211; M\u00e5ns Brorsson \/ Chef de projet<\/p>\n\n                    <\/div>\n                                            <\/div>\n        <\/div>\n    <\/div>\n<\/div>\n\n\n<div \n    class=\"align wp-block-category py-12\">\n    <div class=\"mx-auto max-w-7xl\">\n                                    <div class=\"grid lg:grid-cols-2 sm:grid-cols-1 gap-6 lg:gap-32 items-center pb-8 place-content-evenly\">\n                    <div class=\"px-4 xl:px-8  sm:order-1 \">\n                        <div class=\"sm:aspect-w-2 aspect-h-1 lg:aspect-w-1 \">\n                                                            <img decoding=\"async\" class=\"object-center object-cover rounded-lg shadow-lg\"\n                                    src=\"https:\/\/padelacoustics.com\/fr\/app\/uploads\/2023\/10\/13-1-2200x2200-Padium-UK.jpg\" alt=\"13-1 2200x2200 - Padium UK\">\n                                                    <\/div>\n                                            <\/div>\n                    <div class=\"p-4 lg:p-8 sm:relative \">\n                                                    <h2 class=\"mt-2 mb-4 text-black text-3xl font-bold md:text-4xl\">\n                                Sept terrains premium avec une hauteur sous plafond d\u2019environ 10 m\u00e8tres.\n                            <\/h2>\n                                                                            <span class=\"text-gray-500 max-w-prose wysiwyg-text\">\n                                <p data-start=\"0\" data-end=\"275\">Jouer au padel en int\u00e9rieur toute l\u2019ann\u00e9e en plein centre de Londres est un r\u00eave devenu r\u00e9alit\u00e9 pour beaucoup. Le club compte sept terrains au total, dont un court central b\u00e9n\u00e9ficiant d\u2019un espace suppl\u00e9mentaire sur les c\u00f4t\u00e9s pour les courses et les jeux en dehors des lignes.<\/p>\n<p data-start=\"0\" data-end=\"275\">\n<p data-start=\"277\" data-end=\"507\" data-is-last-node=\"\" data-is-only-node=\"\">Padium brille dans son ensemble et respire la perfection, des vestiaires \u00ab grand miroir \u00bb chaleureux et subtilement \u00e9clair\u00e9s, jusqu\u2019au salon spacieux avec ses canap\u00e9s confortables, ses lumi\u00e8res tamis\u00e9es et sa v\u00e9g\u00e9tation abondante.<\/p>\n<p>&nbsp;<\/p>\n\n                            <\/span>\n                                            <\/div>\n                <\/div>\n                            <div class=\"grid lg:grid-cols-2 sm:grid-cols-1 gap-6 lg:gap-32 items-center pb-8 place-content-evenly\">\n                    <div class=\"px-4 xl:px-8 \">\n                        <div class=\"sm:aspect-w-2 aspect-h-1 lg:aspect-w-1 \">\n                                                            <img decoding=\"async\" class=\"object-center object-cover rounded-lg shadow-lg\"\n                                    src=\"https:\/\/padelacoustics.com\/fr\/app\/uploads\/2023\/10\/11-Utomhus-Padium-UK-scaled.jpg\" alt=\"11 Utomhus - Padium UK\">\n                                                    <\/div>\n                                            <\/div>\n                    <div class=\"p-4 lg:p-8 sm:relative  sm:order-last \">\n                                                    <h2 class=\"mt-2 mb-4 text-black text-3xl font-bold md:text-4xl\">\n                                Padel en plein air au pied des gratte-ciel !\n                            <\/h2>\n                                                                            <span class=\"text-gray-500 max-w-prose wysiwyg-text\">\n                                <p data-start=\"0\" data-end=\"332\">Pouvoir jouer au padel en plein air, au pied des gratte-ciel en plein c\u0153ur de Londres, ce n\u2019est pas seulement incroyable, c\u2019est fou ! \u00c0 quelques pas de la nouvelle Elizabeth Line, avec son arr\u00eat dans le quartier dynamique de Canary Wharf, Padium b\u00e9n\u00e9ficie d\u2019un emplacement central au milieu des structures embl\u00e9matiques de la ville.<\/p>\n<p data-start=\"0\" data-end=\"332\">\n<p data-start=\"334\" data-end=\"643\" data-is-last-node=\"\" data-is-only-node=\"\">Lors de la construction, il a fallu couler la dalle de fondation \u00e0 30 m\u00e8tres de hauteur pour s\u2019adapter aux conditions du sol. Sous le b\u00e2timent se trouve d\u00e9sormais un vide de 30 m\u00e8tres. Et afin de r\u00e9partir uniform\u00e9ment le poids du toit sur la dalle de fondation, le b\u00e2timent a d\u00fb \u00eatre divis\u00e9 en trois sections.<\/p>\n\n                            <\/span>\n                                            <\/div>\n                <\/div>\n                        <\/div>\n<\/div>\n\n\n<div class=\"align wp-block-hero relative z-10\">\n    <div\n        class=\"relative flex  md:h-[75vh]  mx-auto py-8 lg:py-12\">\n        <div aria-hidden=\"true\" class=\"absolute inset-0 flex flex-col\">\n            <div class=\"relative w-full flex-1 bg-gray-800\">\n                <div class=\"absolute inset-0 overflow-hidden\">\n                                            <img decoding=\"async\" src=\"https:\/\/padelacoustics.com\/fr\/app\/uploads\/2023\/10\/119-Folk-Padium-UK-scaled.jpg\" alt=\"\"\n                            class=\"h-full w-full object-cover object-center \">\n                                    <\/div>\n                                    <div class=\"absolute inset-0 bg-black opacity-60\"><\/div>\n                            <\/div>\n        <\/div>\n        <div class=\"relative mx-auto max-w-7xl w-full pt-16 pb-20 flex items-center text-center lg:text-left\">\n            <div class=\"px-4 lg:max-w-6xl sm:px-8 xl:pr-16\">\n                                    <h1\n                        class=\"text-3xl tracking-tight font-bold text-white drop-shadow-lg sm:text-3xl md:text-6xl lg:text-5xl xl:text-6xl\">\n                        <span class=\"block xl:inline\">\n                            R\u00e9unir des personnes, du sport et des \u00e9v\u00e9nements exige un lieu soigneusement con\u00e7u o\u00f9 l\u2019acoustique joue un r\u00f4le essentiel !\n                        <\/span>\n                    <\/h1>\n                                                            <\/div>\n        <\/div>\n    <\/div>\n<\/div>\n","protected":false},"excerpt":{"rendered":"","protected":false},"author":4,"featured_media":0,"parent":0,"menu_order":0,"comment_status":"closed","ping_status":"closed","template":"","meta":{"_acf_changed":false,"footnotes":""},"class_list":["post-947","page","type-page","status-publish","hentry"],"acf":[],"yoast_head":"<!-- This site is optimized with the Yoast SEO plugin v25.1 - https:\/\/yoast.com\/wordpress\/plugins\/seo\/ -->\n<title>News - Padelakustik<\/title>\n<meta name=\"robots\" content=\"noindex, follow, max-snippet:-1, max-image-preview:large, max-video-preview:-1\" \/>\n<meta property=\"og:locale\" content=\"en_US\" \/>\n<meta property=\"og:type\" content=\"article\" \/>\n<meta property=\"og:title\" content=\"News - Padelakustik\" \/>\n<meta property=\"og:url\" content=\"https:\/\/padelacoustics.com\/fr\/actualites\/\" \/>\n<meta property=\"og:site_name\" content=\"Padelakustik\" \/>\n<meta property=\"article:modified_time\" content=\"2025-06-03T08:01:16+00:00\" \/>\n<meta name=\"twitter:card\" content=\"summary_large_image\" \/>\n<script type=\"application\/ld+json\" class=\"yoast-schema-graph\">{\"@context\":\"https:\/\/schema.org\",\"@graph\":[{\"@type\":\"WebPage\",\"@id\":\"https:\/\/padelacoustics.com\/fr\/actualites\/\",\"url\":\"https:\/\/padelacoustics.com\/fr\/actualites\/\",\"name\":\"News - Padelakustik\",\"isPartOf\":{\"@id\":\"https:\/\/padelacoustics.com\/fr\/#website\"},\"datePublished\":\"2023-10-04T11:03:00+00:00\",\"dateModified\":\"2025-06-03T08:01:16+00:00\",\"breadcrumb\":{\"@id\":\"https:\/\/padelacoustics.com\/fr\/actualites\/#breadcrumb\"},\"inLanguage\":\"en-US\",\"potentialAction\":[{\"@type\":\"ReadAction\",\"target\":[\"https:\/\/padelacoustics.com\/fr\/actualites\/\"]}]},{\"@type\":\"BreadcrumbList\",\"@id\":\"https:\/\/padelacoustics.com\/fr\/actualites\/#breadcrumb\",\"itemListElement\":[{\"@type\":\"ListItem\",\"position\":1,\"name\":\"Home\",\"item\":\"https:\/\/padelacoustics.com\/fr\/\"},{\"@type\":\"ListItem\",\"position\":2,\"name\":\"News\"}]},{\"@type\":\"WebSite\",\"@id\":\"https:\/\/padelacoustics.com\/fr\/#website\",\"url\":\"https:\/\/padelacoustics.com\/fr\/\",\"name\":\"Padelakustik\",\"description\":\"Acoustic solutions for your padel club\",\"potentialAction\":[{\"@type\":\"SearchAction\",\"target\":{\"@type\":\"EntryPoint\",\"urlTemplate\":\"https:\/\/padelacoustics.com\/fr\/?s={search_term_string}\"},\"query-input\":{\"@type\":\"PropertyValueSpecification\",\"valueRequired\":true,\"valueName\":\"search_term_string\"}}],\"inLanguage\":\"en-US\"}]}<\/script>\n<!-- \/ Yoast SEO plugin. -->","yoast_head_json":{"title":"News - Padelakustik","robots":{"index":"noindex","follow":"follow","max-snippet":"max-snippet:-1","max-image-preview":"max-image-preview:large","max-video-preview":"max-video-preview:-1"},"og_locale":"en_US","og_type":"article","og_title":"News - Padelakustik","og_url":"https:\/\/padelacoustics.com\/fr\/actualites\/","og_site_name":"Padelakustik","article_modified_time":"2025-06-03T08:01:16+00:00","twitter_card":"summary_large_image","schema":{"@context":"https:\/\/schema.org","@graph":[{"@type":"WebPage","@id":"https:\/\/padelacoustics.com\/fr\/actualites\/","url":"https:\/\/padelacoustics.com\/fr\/actualites\/","name":"News - Padelakustik","isPartOf":{"@id":"https:\/\/padelacoustics.com\/fr\/#website"},"datePublished":"2023-10-04T11:03:00+00:00","dateModified":"2025-06-03T08:01:16+00:00","breadcrumb":{"@id":"https:\/\/padelacoustics.com\/fr\/actualites\/#breadcrumb"},"inLanguage":"en-US","potentialAction":[{"@type":"ReadAction","target":["https:\/\/padelacoustics.com\/fr\/actualites\/"]}]},{"@type":"BreadcrumbList","@id":"https:\/\/padelacoustics.com\/fr\/actualites\/#breadcrumb","itemListElement":[{"@type":"ListItem","position":1,"name":"Home","item":"https:\/\/padelacoustics.com\/fr\/"},{"@type":"ListItem","position":2,"name":"News"}]},{"@type":"WebSite","@id":"https:\/\/padelacoustics.com\/fr\/#website","url":"https:\/\/padelacoustics.com\/fr\/","name":"Padelakustik","description":"Acoustic solutions for your padel club","potentialAction":[{"@type":"SearchAction","target":{"@type":"EntryPoint","urlTemplate":"https:\/\/padelacoustics.com\/fr\/?s={search_term_string}"},"query-input":{"@type":"PropertyValueSpecification","valueRequired":true,"valueName":"search_term_string"}}],"inLanguage":"en-US"}]}},"_links":{"self":[{"href":"https:\/\/padelacoustics.com\/fr\/wp-json\/wp\/v2\/pages\/947","targetHints":{"allow":["GET"]}}],"collection":[{"href":"https:\/\/padelacoustics.com\/fr\/wp-json\/wp\/v2\/pages"}],"about":[{"href":"https:\/\/padelacoustics.com\/fr\/wp-json\/wp\/v2\/types\/page"}],"author":[{"embeddable":true,"href":"https:\/\/padelacoustics.com\/fr\/wp-json\/wp\/v2\/users\/4"}],"replies":[{"embeddable":true,"href":"https:\/\/padelacoustics.com\/fr\/wp-json\/wp\/v2\/comments?post=947"}],"version-history":[{"count":127,"href":"https:\/\/padelacoustics.com\/fr\/wp-json\/wp\/v2\/pages\/947\/revisions"}],"predecessor-version":[{"id":1380,"href":"https:\/\/padelacoustics.com\/fr\/wp-json\/wp\/v2\/pages\/947\/revisions\/1380"}],"wp:attachment":[{"href":"https:\/\/padelacoustics.com\/fr\/wp-json\/wp\/v2\/media?parent=947"}],"curies":[{"name":"wp","href":"https:\/\/api.w.org\/{rel}","templated":true}]}}