{"id":978,"date":"2023-11-17T10:33:21","date_gmt":"2023-11-17T10:33:21","guid":{"rendered":"https:\/\/padelacoustics.com\/no\/?page_id=978"},"modified":"2025-06-03T07:48:50","modified_gmt":"2025-06-03T07:48:50","slug":"nyheter","status":"publish","type":"page","link":"https:\/\/padelacoustics.com\/no\/nyheter\/","title":{"rendered":"Nyheter"},"content":{"rendered":"<div class=\"align wp-block-hero relative z-10\">\n    <div\n        class=\"relative flex  md:h-[75vh]  mx-auto py-8 lg:py-12\">\n        <div aria-hidden=\"true\" class=\"absolute inset-0 flex flex-col\">\n            <div class=\"relative w-full flex-1 bg-gray-800\">\n                <div class=\"absolute inset-0 overflow-hidden\">\n                                            <img decoding=\"async\" src=\"https:\/\/padelacoustics.com\/no\/app\/uploads\/2023\/10\/6-Padium-UK.jpg-scaled.jpg\" alt=\"\"\n                            class=\"h-full w-full object-cover object-center \">\n                                    <\/div>\n                                    <div class=\"absolute inset-0 bg-black opacity-60\"><\/div>\n                            <\/div>\n        <\/div>\n        <div class=\"relative mx-auto max-w-7xl w-full pt-16 pb-20 flex items-center text-center lg:text-left\">\n            <div class=\"px-4 lg:max-w-6xl sm:px-8 xl:pr-16\">\n                                    <h1\n                        class=\"text-3xl tracking-tight font-bold text-white drop-shadow-lg sm:text-3xl md:text-6xl lg:text-5xl xl:text-6xl\">\n                        <span class=\"block xl:inline\">\n                            Padium UK &#8211; Hvordan vi skapte det optimale lydmilj\u00f8et i en innend\u00f8rs padelklubb i sentrale London.\n                        <\/span>\n                    <\/h1>\n                                                            <\/div>\n        <\/div>\n    <\/div>\n<\/div>\n\n\n<div \n    class=\"align wp-block-category py-12\">\n    <div class=\"mx-auto max-w-7xl\">\n                                    <div class=\"grid lg:grid-cols-2 sm:grid-cols-1 gap-6 lg:gap-32 items-center pb-8 place-content-evenly\">\n                    <div class=\"px-4 xl:px-8  sm:order-1 \">\n                        <div class=\"sm:aspect-w-2 aspect-h-1 lg:aspect-w-1 \">\n                                                            <img decoding=\"async\" class=\"object-center object-cover rounded-lg shadow-lg\"\n                                    src=\"https:\/\/padelacoustics.com\/no\/app\/uploads\/2023\/10\/16-2-2200x2200-Padium-UK.jpg\" alt=\"16-2 2200x2200 - Padium UK\">\n                                                    <\/div>\n                                            <\/div>\n                    <div class=\"p-4 lg:p-8 sm:relative \">\n                                                    <h2 class=\"mt-2 mb-4 text-black text-3xl font-bold md:text-4xl\">\n                                Gardiner: En l\u00f8sning p\u00e5 flere utfordringer.\n                            <\/h2>\n                                                                            <span class=\"text-gray-500 max-w-prose wysiwyg-text\">\n                                <p>Mens de jobbet med prosjektet, merket designteamet tidlig at de m\u00e5tte h\u00e5ndtere visse problemer som senere delte en felles l\u00f8sning. De blanke hvite veggene i teltstrukturen for baldakinen formidlet ikke den eksklusive atmosf\u00e6ren v\u00e5re kunder \u00f8nsket. Videre hadde de enn\u00e5 ikke funnet en l\u00f8sning for akustikken, som er et betydelig problem i alle typer padel-arenaer.<\/p>\n<p>&nbsp;<\/p>\n<p>Dette er hvor vi kom inn! De foldede akustiske gardinene vi hengte rundt veggene, la til en m\u00f8rk og luksuri\u00f8s touch til hele arenaen, og eliminerte all st\u00f8yende gjenklang og ekko. Ingen behov for ekstra maling eller dyre takpaneler; disse kostnadseffektive gardinene brakte alt sammen!<\/p>\n<p>&nbsp;<\/p>\n<p>\u2013 Filip Jenv\u00e9n \/ CEO, Padelacoustics<\/p>\n\n                            <\/span>\n                                            <\/div>\n                <\/div>\n                            <div class=\"grid lg:grid-cols-2 sm:grid-cols-1 gap-6 lg:gap-32 items-center pb-8 place-content-evenly\">\n                    <div class=\"px-4 xl:px-8 \">\n                        <div class=\"sm:aspect-w-2 aspect-h-1 lg:aspect-w-1 \">\n                                                            <img decoding=\"async\" class=\"object-center object-cover rounded-lg shadow-lg\"\n                                    src=\"https:\/\/padelacoustics.com\/no\/app\/uploads\/2023\/10\/97-2200x2200-Baren-Padium-UK.jpg\" alt=\"97 2200x2200 Baren - Padium UK\">\n                                                    <\/div>\n                                            <\/div>\n                    <div class=\"p-4 lg:p-8 sm:relative  sm:order-last \">\n                                                    <h2 class=\"mt-2 mb-4 text-black text-3xl font-bold md:text-4xl\">\n                                En romslig andre etasje salong og en bar!\n                            <\/h2>\n                                                                            <span class=\"text-gray-500 max-w-prose wysiwyg-text\">\n                                <p>Med en 220 m2 stor balkong midt i klubben, med utsikt over alle banene, er Padium strategisk utformet for \u00e5 arrangere arrangementer og konkurranser. Baren ligger p\u00e5 f\u00f8rste etasje, ved siden av butikken, og gir kundene en profesjonell og varm velkomst.<\/p>\n<p>&nbsp;<\/p>\n<p>Vennligst legg merke til butikkens svenske merker, som NOCCO og Bj\u00f6rn Borg. Og ja &#8211; eierne er fra Sverige.<\/p>\n\n                            <\/span>\n                                            <\/div>\n                <\/div>\n                        <\/div>\n<\/div>\n\n\n<div class=\"align wp-block-hero relative z-10\">\n    <div\n        class=\"relative flex  md:h-[75vh]  mx-auto py-8 lg:py-12\">\n        <div aria-hidden=\"true\" class=\"absolute inset-0 flex flex-col\">\n            <div class=\"relative w-full flex-1 bg-gray-800\">\n                <div class=\"absolute inset-0 overflow-hidden\">\n                                            <img decoding=\"async\" src=\"https:\/\/padelacoustics.com\/no\/app\/uploads\/2023\/10\/14-Padium-UK.jpg-scaled.jpg\" alt=\"\"\n                            class=\"h-full w-full object-cover object-center \">\n                                    <\/div>\n                                    <div class=\"absolute inset-0 bg-black opacity-60\"><\/div>\n                            <\/div>\n        <\/div>\n        <div class=\"relative mx-auto max-w-7xl w-full pt-16 pb-20 flex items-center text-center lg:text-left\">\n            <div class=\"px-4 lg:max-w-6xl sm:px-8 xl:pr-16\">\n                                    <h1\n                        class=\"text-3xl tracking-tight font-bold text-white drop-shadow-lg sm:text-3xl md:text-6xl lg:text-5xl xl:text-6xl\">\n                        <span class=\"block xl:inline\">\n                             N\u00e5r m\u00e5let er \u00e5 skape en Padel Club med den ekstra luksuri\u00f8se ber\u00f8ringen, er foldede gardiner rundt veggene en no-brainer for v\u00e5re kunder. \u00c5 finne et produkt som l\u00f8ser akustikkproblemer, legger til farge p\u00e5 veggene og gir den ekstra luksuri\u00f8se ber\u00f8ringen til hele stedet, er en spillveksler!\n                        <\/span>\n                    <\/h1>\n                                                    <div class=\"mt-3 max-w-md text-lg text-white drop-shadow-lg sm:text-xl md:mt-5 md:max-w-3xl\">\n                        <p>\u2013 M\u00e5ns Brorsson \/ Project leader<\/p>\n\n                    <\/div>\n                                            <\/div>\n        <\/div>\n    <\/div>\n<\/div>\n\n\n<div \n    class=\"align wp-block-category py-12\">\n    <div class=\"mx-auto max-w-7xl\">\n                                    <div class=\"grid lg:grid-cols-2 sm:grid-cols-1 gap-6 lg:gap-32 items-center pb-8 place-content-evenly\">\n                    <div class=\"px-4 xl:px-8  sm:order-1 \">\n                        <div class=\"sm:aspect-w-2 aspect-h-1 lg:aspect-w-1 \">\n                                                            <img decoding=\"async\" class=\"object-center object-cover rounded-lg shadow-lg\"\n                                    src=\"https:\/\/padelacoustics.com\/no\/app\/uploads\/2023\/10\/13-1-2200x2200-Padium-UK.jpg\" alt=\"13-1 2200x2200 - Padium UK\">\n                                                    <\/div>\n                                            <\/div>\n                    <div class=\"p-4 lg:p-8 sm:relative \">\n                                                    <h2 class=\"mt-2 mb-4 text-black text-3xl font-bold md:text-4xl\">\n                                Sju premiumbaner med en takh\u00f8yde p\u00e5 omtrent 10 meter.\n                            <\/h2>\n                                                                            <span class=\"text-gray-500 max-w-prose wysiwyg-text\">\n                                <p>Innend\u00f8rs padel \u00e5ret rundt i sentrale London er en dr\u00f8m som g\u00e5r i oppfyllelse for mange. Totalt syv baner, hvorav en av dem er en hovedbane med ekstra plass p\u00e5 sidene for\u00a0\u00e5 spille utenfor banen.<\/p>\n<p>&nbsp;<\/p>\n<p>Padium skinner i sin helhet og utstr\u00e5ler perfeksjon, fra de koselige og svakt opplyste &#8216;store speil&#8217; garderobene til den romslige loungen med komfortable sofaer, stiplet lys og mange gr\u00f8nne planter.<\/p>\n\n                            <\/span>\n                                            <\/div>\n                <\/div>\n                            <div class=\"grid lg:grid-cols-2 sm:grid-cols-1 gap-6 lg:gap-32 items-center pb-8 place-content-evenly\">\n                    <div class=\"px-4 xl:px-8 \">\n                        <div class=\"sm:aspect-w-2 aspect-h-1 lg:aspect-w-1 \">\n                                                            <img decoding=\"async\" class=\"object-center object-cover rounded-lg shadow-lg\"\n                                    src=\"https:\/\/padelacoustics.com\/no\/app\/uploads\/2023\/10\/11-Utomhus-Padium-UK-scaled.jpg\" alt=\"11 Utomhus - Padium UK\">\n                                                    <\/div>\n                                            <\/div>\n                    <div class=\"p-4 lg:p-8 sm:relative  sm:order-last \">\n                                                    <h2 class=\"mt-2 mb-4 text-black text-3xl font-bold md:text-4xl\">\n                                Utepadel ved skyskraperne!\n                            <\/h2>\n                                                                            <span class=\"text-gray-500 max-w-prose wysiwyg-text\">\n                                <p>\u00c5 kunne spille padel utend\u00f8rs ved skyskraperne i hjertet av London er ikke bare fantastisk, det er galskap! Bare en kort spasertur unna den nye Elizabeth Line, med stopp i det pulserende omr\u00e5det Canary Wharf, er Padium sentralt plassert midt blant byens ikoniske strukturer.<\/p>\n<p>&nbsp;<\/p>\n<p>Under byggeprosessen m\u00e5tte de st\u00f8pe fundamentplaten 30 meter over bakken for \u00e5 h\u00e5ndtere grunnforholdene. Under bygningen er det n\u00e5 en 30 meter dyp kl\u00f8ft. Og for \u00e5 fordele vekten av taket jevnt p\u00e5 fundamentplaten, m\u00e5tte bygningen deles inn i tre seksjoner.<\/p>\n\n                            <\/span>\n                                            <\/div>\n                <\/div>\n                        <\/div>\n<\/div>\n\n\n<div class=\"align wp-block-hero relative z-10\">\n    <div\n        class=\"relative flex  md:h-[75vh]  mx-auto py-8 lg:py-12\">\n        <div aria-hidden=\"true\" class=\"absolute inset-0 flex flex-col\">\n            <div class=\"relative w-full flex-1 bg-gray-800\">\n                <div class=\"absolute inset-0 overflow-hidden\">\n                                            <img decoding=\"async\" src=\"https:\/\/padelacoustics.com\/no\/app\/uploads\/2023\/10\/119-Folk-Padium-UK-scaled.jpg\" alt=\"\"\n                            class=\"h-full w-full object-cover object-center \">\n                                    <\/div>\n                                    <div class=\"absolute inset-0 bg-black opacity-60\"><\/div>\n                            <\/div>\n        <\/div>\n        <div class=\"relative mx-auto max-w-7xl w-full pt-16 pb-20 flex items-center text-center lg:text-left\">\n            <div class=\"px-4 lg:max-w-6xl sm:px-8 xl:pr-16\">\n                                    <h1\n                        class=\"text-3xl tracking-tight font-bold text-white drop-shadow-lg sm:text-3xl md:text-6xl lg:text-5xl xl:text-6xl\">\n                        <span class=\"block xl:inline\">\n                            \u00c5 kombinere mennesker, sport og arrangementer krever en godt planlagt arena der akustikk spiller en betydelig rolle!\n                        <\/span>\n                    <\/h1>\n                                                            <\/div>\n        <\/div>\n    <\/div>\n<\/div>\n","protected":false},"excerpt":{"rendered":"","protected":false},"author":4,"featured_media":0,"parent":0,"menu_order":0,"comment_status":"closed","ping_status":"closed","template":"","meta":{"_acf_changed":false,"footnotes":""},"class_list":["post-978","page","type-page","status-publish","hentry"],"acf":[],"yoast_head":"<!-- This site is optimized with the Yoast SEO plugin v25.1 - https:\/\/yoast.com\/wordpress\/plugins\/seo\/ -->\n<title>Nyheter - Padelakustik<\/title>\n<meta name=\"robots\" content=\"index, follow, max-snippet:-1, max-image-preview:large, max-video-preview:-1\" \/>\n<link rel=\"canonical\" href=\"https:\/\/padelacoustics.com\/no\/nyheter\/\" \/>\n<meta property=\"og:locale\" content=\"en_US\" \/>\n<meta property=\"og:type\" content=\"article\" \/>\n<meta property=\"og:title\" content=\"Nyheter - Padelakustik\" \/>\n<meta property=\"og:url\" content=\"https:\/\/padelacoustics.com\/no\/nyheter\/\" \/>\n<meta property=\"og:site_name\" content=\"Padelakustik\" \/>\n<meta property=\"article:modified_time\" content=\"2025-06-03T07:48:50+00:00\" \/>\n<meta name=\"twitter:card\" content=\"summary_large_image\" \/>\n<script type=\"application\/ld+json\" class=\"yoast-schema-graph\">{\"@context\":\"https:\/\/schema.org\",\"@graph\":[{\"@type\":\"WebPage\",\"@id\":\"https:\/\/padelacoustics.com\/no\/nyheter\/\",\"url\":\"https:\/\/padelacoustics.com\/no\/nyheter\/\",\"name\":\"Nyheter - Padelakustik\",\"isPartOf\":{\"@id\":\"https:\/\/padelacoustics.com\/no\/#website\"},\"datePublished\":\"2023-11-17T10:33:21+00:00\",\"dateModified\":\"2025-06-03T07:48:50+00:00\",\"breadcrumb\":{\"@id\":\"https:\/\/padelacoustics.com\/no\/nyheter\/#breadcrumb\"},\"inLanguage\":\"en-US\",\"potentialAction\":[{\"@type\":\"ReadAction\",\"target\":[\"https:\/\/padelacoustics.com\/no\/nyheter\/\"]}]},{\"@type\":\"BreadcrumbList\",\"@id\":\"https:\/\/padelacoustics.com\/no\/nyheter\/#breadcrumb\",\"itemListElement\":[{\"@type\":\"ListItem\",\"position\":1,\"name\":\"Home\",\"item\":\"https:\/\/padelacoustics.com\/no\/\"},{\"@type\":\"ListItem\",\"position\":2,\"name\":\"Nyheter\"}]},{\"@type\":\"WebSite\",\"@id\":\"https:\/\/padelacoustics.com\/no\/#website\",\"url\":\"https:\/\/padelacoustics.com\/no\/\",\"name\":\"Padelakustik\",\"description\":\"Akustiske l\u00f8sninger for padellhallen din\",\"potentialAction\":[{\"@type\":\"SearchAction\",\"target\":{\"@type\":\"EntryPoint\",\"urlTemplate\":\"https:\/\/padelacoustics.com\/no\/?s={search_term_string}\"},\"query-input\":{\"@type\":\"PropertyValueSpecification\",\"valueRequired\":true,\"valueName\":\"search_term_string\"}}],\"inLanguage\":\"en-US\"}]}<\/script>\n<!-- \/ Yoast SEO plugin. -->","yoast_head_json":{"title":"Nyheter - Padelakustik","robots":{"index":"index","follow":"follow","max-snippet":"max-snippet:-1","max-image-preview":"max-image-preview:large","max-video-preview":"max-video-preview:-1"},"canonical":"https:\/\/padelacoustics.com\/no\/nyheter\/","og_locale":"en_US","og_type":"article","og_title":"Nyheter - Padelakustik","og_url":"https:\/\/padelacoustics.com\/no\/nyheter\/","og_site_name":"Padelakustik","article_modified_time":"2025-06-03T07:48:50+00:00","twitter_card":"summary_large_image","schema":{"@context":"https:\/\/schema.org","@graph":[{"@type":"WebPage","@id":"https:\/\/padelacoustics.com\/no\/nyheter\/","url":"https:\/\/padelacoustics.com\/no\/nyheter\/","name":"Nyheter - Padelakustik","isPartOf":{"@id":"https:\/\/padelacoustics.com\/no\/#website"},"datePublished":"2023-11-17T10:33:21+00:00","dateModified":"2025-06-03T07:48:50+00:00","breadcrumb":{"@id":"https:\/\/padelacoustics.com\/no\/nyheter\/#breadcrumb"},"inLanguage":"en-US","potentialAction":[{"@type":"ReadAction","target":["https:\/\/padelacoustics.com\/no\/nyheter\/"]}]},{"@type":"BreadcrumbList","@id":"https:\/\/padelacoustics.com\/no\/nyheter\/#breadcrumb","itemListElement":[{"@type":"ListItem","position":1,"name":"Home","item":"https:\/\/padelacoustics.com\/no\/"},{"@type":"ListItem","position":2,"name":"Nyheter"}]},{"@type":"WebSite","@id":"https:\/\/padelacoustics.com\/no\/#website","url":"https:\/\/padelacoustics.com\/no\/","name":"Padelakustik","description":"Akustiske l\u00f8sninger for padellhallen din","potentialAction":[{"@type":"SearchAction","target":{"@type":"EntryPoint","urlTemplate":"https:\/\/padelacoustics.com\/no\/?s={search_term_string}"},"query-input":{"@type":"PropertyValueSpecification","valueRequired":true,"valueName":"search_term_string"}}],"inLanguage":"en-US"}]}},"_links":{"self":[{"href":"https:\/\/padelacoustics.com\/no\/wp-json\/wp\/v2\/pages\/978","targetHints":{"allow":["GET"]}}],"collection":[{"href":"https:\/\/padelacoustics.com\/no\/wp-json\/wp\/v2\/pages"}],"about":[{"href":"https:\/\/padelacoustics.com\/no\/wp-json\/wp\/v2\/types\/page"}],"author":[{"embeddable":true,"href":"https:\/\/padelacoustics.com\/no\/wp-json\/wp\/v2\/users\/4"}],"replies":[{"embeddable":true,"href":"https:\/\/padelacoustics.com\/no\/wp-json\/wp\/v2\/comments?post=978"}],"version-history":[{"count":5,"href":"https:\/\/padelacoustics.com\/no\/wp-json\/wp\/v2\/pages\/978\/revisions"}],"predecessor-version":[{"id":990,"href":"https:\/\/padelacoustics.com\/no\/wp-json\/wp\/v2\/pages\/978\/revisions\/990"}],"wp:attachment":[{"href":"https:\/\/padelacoustics.com\/no\/wp-json\/wp\/v2\/media?parent=978"}],"curies":[{"name":"wp","href":"https:\/\/api.w.org\/{rel}","templated":true}]}}