{"id":33,"date":"2022-08-04T10:24:33","date_gmt":"2022-08-04T10:24:33","guid":{"rendered":"http:\/\/padelakustik2022.test\/?page_id=33"},"modified":"2023-04-12T07:47:54","modified_gmt":"2023-04-12T07:47:54","slug":"o-nas","status":"publish","type":"page","link":"https:\/\/padelacoustics.com\/pl\/o-nas\/","title":{"rendered":"O nas"},"content":{"rendered":"<div \n    class=\"align wp-block-two-columns py-12\">\n    <div class=\"overflow-hidden\">\n        <div\n            class=\" border-none  relative mx-auto max-w-7xl px-4 py-6 sm:px-6 lg:px-8\">\n                            <div class=\"mx-auto text-base\">\n                    <h2\n                        class=\"mt-2 text-3xl font-extrabold leading-8 tracking-tight text-gray-900 sm:text-4xl\">\n                        To my prowadzimy Padelakustik!\n                        <\/h2>\n                <\/div>\n                        <div class=\"mt-4 flex items-baseline justify-start gap-6\">\n                \n                            <\/div>\n            <div class=\"mt-4 lg:grid lg:grid-cols-2 lg:gap-16\">\n                <div class=\"relative lg:col-start-2 lg:row-start-1\">\n                    <div class=\"relative mx-auto max-w-prose lg:max-w-none\">\n                        <div class=\"container\">\n                                                    <\/div>\n                    <\/div>\n                <\/div>\n                <div class=\"mt-8 lg:mt-0\">\n                    <div class=\"mx-auto max-w-prose text-base lg:max-w-none\">\n                                                                                                                        <div\n                                        class=\"prose mx-auto mt-5 text-gray-500 lg:col-start-1 lg:row-start-1 lg:max-w-none\">\n                                        <span class=\"wysiwyg-text\"><p class=\"p1\">Padelakustik to wiod\u0105ca na rynku firma z siedzib\u0105 w J\u00f6nk\u00f6ping, kt\u00f3ra specjalizuje si\u0119 w stylowych rozwi\u0105zaniach akustycznych dla r\u00f3\u017cnego rodzaj\u00f3w przestrzeni. Posiadamy wieloletnie do\u015bwiadczenie w budowaniu studi\u00f3w oraz wyg\u0142uszaniu d\u017awi\u0119k\u00f3w w lokalach eventowych. Dzi\u0119ki temu mogli\u015bmy skoncentrowa\u0107 si\u0119 w 100% na polepszaniu akustyki w halach przeznaczonych do gry w padla oraz w innych halach sportowych.<\/p>\n<\/span>\n                                    <\/div>\n                                                                                                                                <div\n                                        class=\"prose mx-auto mt-5 text-gray-500 lg:col-start-1 lg:row-start-1 lg:max-w-none\">\n                                        <span class=\"wysiwyg-text\"><p class=\"p1\">Realizujemy projekty, dostawy i monta\u017c na terenie ca\u0142ej Europy. Wyg\u0142uszyli\u015bmy ju\u017c ponad 100 hal do gry w padla &#8211; od Haparandy na p\u00f3\u0142nocy Szwecji po Madryt w Hiszpanii. Nie ma projektu, kt\u00f3ry by\u0142by dla nas za du\u017cy lub za ma\u0142y!<\/p>\n<\/span>\n                                    <\/div>\n                                                                                                                                <div\n                                        class=\"prose mx-auto mt-5 text-gray-500 lg:col-start-1 lg:row-start-1 lg:max-w-none\">\n                                        <span class=\"wysiwyg-text\"><p>Naszym atutem jest mo\u017cliwo\u015b\u0107 prowadzenia projektu i udzielenia klientowi pomocy w wyborze odpowiedniego rozwi\u0105zania akustycznego, dopasowanego do jego bud\u017cetu, potrzeb oraz lokalu. Towarzyszymy Wam od samego pocz\u0105tku a\u017c do uzyskania ko\u0144cowego efektu, zapewniaj\u0105c poczucie bezpiecze\u0144stwa i dostarczaj\u0105c produkty bez udzia\u0142u jakichkolwiek po\u015brednik\u00f3w.<\/p>\n<\/span>\n                                    <\/div>\n                                                                                                                                <div\n                                        class=\"prose mx-auto mt-5 text-gray-500 lg:col-start-1 lg:row-start-1 lg:max-w-none\">\n                                        <span class=\"wysiwyg-text\"><p class=\"p1\">Istotnym elementem konceptu rozwoju naszej firmy jest ekologia. W\u0142a\u015bnie dlatego bezustannie poszukujemy produkt\u00f3w o jak najni\u017cszym negatywnym oddzia\u0142ywaniu na \u015brodowisko. Wiele naszych materia\u0142\u00f3w akustycznych posiada certyfikat GRS i jest wykonanych z materia\u0142\u00f3w z recyklingu. Ponadto s\u0105 one poddawane badaniom laboratoryjnym przez ekspert\u00f3w zgodnie z ISO 354 i ISO 11654 w celu zapewnienia odpowiedniej jako\u015bci wyg\u0142uszania pog\u0142osu i echa.<\/p>\n<\/span>\n                                    <\/div>\n                                                                                                                                <div\n                                        class=\"prose mx-auto mt-5 text-gray-500 lg:col-start-1 lg:row-start-1 lg:max-w-none\">\n                                        <span class=\"wysiwyg-text\"><p class=\"p1\">Firm\u0119 prowadz\u0105 Filip Jenv\u00e9n i M\u00e5ns Brorsson, kt\u00f3rzy s\u0105 tak\u017ce jej w\u0142a\u015bcicielami.<\/p>\n<\/span>\n                                    <\/div>\n                                                                                                        <\/div>\n                <\/div>\n            <\/div>\n        <\/div>\n    <\/div>\n<\/div>\n","protected":false},"excerpt":{"rendered":"","protected":false},"author":1,"featured_media":0,"parent":0,"menu_order":0,"comment_status":"closed","ping_status":"closed","template":"","meta":{"_acf_changed":false,"footnotes":""},"class_list":["post-33","page","type-page","status-publish","hentry"],"acf":[],"yoast_head":"<!-- This site is optimized with the Yoast SEO plugin v25.1 - https:\/\/yoast.com\/wordpress\/plugins\/seo\/ -->\n<title>O nas - Padelakustik<\/title>\n<meta name=\"robots\" content=\"index, follow, max-snippet:-1, max-image-preview:large, max-video-preview:-1\" \/>\n<link rel=\"canonical\" href=\"https:\/\/padelacoustics.com\/pl\/o-nas\/\" \/>\n<meta property=\"og:locale\" content=\"en_US\" \/>\n<meta property=\"og:type\" content=\"article\" \/>\n<meta property=\"og:title\" content=\"O nas - Padelakustik\" \/>\n<meta property=\"og:url\" content=\"https:\/\/padelacoustics.com\/pl\/o-nas\/\" \/>\n<meta property=\"og:site_name\" content=\"Padelakustik\" \/>\n<meta property=\"article:modified_time\" content=\"2023-04-12T07:47:54+00:00\" \/>\n<meta name=\"twitter:card\" content=\"summary_large_image\" \/>\n<script type=\"application\/ld+json\" class=\"yoast-schema-graph\">{\"@context\":\"https:\/\/schema.org\",\"@graph\":[{\"@type\":\"WebPage\",\"@id\":\"https:\/\/padelacoustics.com\/pl\/o-nas\/\",\"url\":\"https:\/\/padelacoustics.com\/pl\/o-nas\/\",\"name\":\"O nas - Padelakustik\",\"isPartOf\":{\"@id\":\"https:\/\/padelacoustics.com\/pl\/#website\"},\"datePublished\":\"2022-08-04T10:24:33+00:00\",\"dateModified\":\"2023-04-12T07:47:54+00:00\",\"breadcrumb\":{\"@id\":\"https:\/\/padelacoustics.com\/pl\/o-nas\/#breadcrumb\"},\"inLanguage\":\"en-US\",\"potentialAction\":[{\"@type\":\"ReadAction\",\"target\":[\"https:\/\/padelacoustics.com\/pl\/o-nas\/\"]}]},{\"@type\":\"BreadcrumbList\",\"@id\":\"https:\/\/padelacoustics.com\/pl\/o-nas\/#breadcrumb\",\"itemListElement\":[{\"@type\":\"ListItem\",\"position\":1,\"name\":\"Home\",\"item\":\"https:\/\/padelacoustics.com\/pl\/\"},{\"@type\":\"ListItem\",\"position\":2,\"name\":\"O nas\"}]},{\"@type\":\"WebSite\",\"@id\":\"https:\/\/padelacoustics.com\/pl\/#website\",\"url\":\"https:\/\/padelacoustics.com\/pl\/\",\"name\":\"Padelakustik\",\"description\":\"Akustikl\u00f6sningar till din padelhall\",\"potentialAction\":[{\"@type\":\"SearchAction\",\"target\":{\"@type\":\"EntryPoint\",\"urlTemplate\":\"https:\/\/padelacoustics.com\/pl\/?s={search_term_string}\"},\"query-input\":{\"@type\":\"PropertyValueSpecification\",\"valueRequired\":true,\"valueName\":\"search_term_string\"}}],\"inLanguage\":\"en-US\"}]}<\/script>\n<!-- \/ Yoast SEO plugin. -->","yoast_head_json":{"title":"O nas - Padelakustik","robots":{"index":"index","follow":"follow","max-snippet":"max-snippet:-1","max-image-preview":"max-image-preview:large","max-video-preview":"max-video-preview:-1"},"canonical":"https:\/\/padelacoustics.com\/pl\/o-nas\/","og_locale":"en_US","og_type":"article","og_title":"O nas - Padelakustik","og_url":"https:\/\/padelacoustics.com\/pl\/o-nas\/","og_site_name":"Padelakustik","article_modified_time":"2023-04-12T07:47:54+00:00","twitter_card":"summary_large_image","schema":{"@context":"https:\/\/schema.org","@graph":[{"@type":"WebPage","@id":"https:\/\/padelacoustics.com\/pl\/o-nas\/","url":"https:\/\/padelacoustics.com\/pl\/o-nas\/","name":"O nas - Padelakustik","isPartOf":{"@id":"https:\/\/padelacoustics.com\/pl\/#website"},"datePublished":"2022-08-04T10:24:33+00:00","dateModified":"2023-04-12T07:47:54+00:00","breadcrumb":{"@id":"https:\/\/padelacoustics.com\/pl\/o-nas\/#breadcrumb"},"inLanguage":"en-US","potentialAction":[{"@type":"ReadAction","target":["https:\/\/padelacoustics.com\/pl\/o-nas\/"]}]},{"@type":"BreadcrumbList","@id":"https:\/\/padelacoustics.com\/pl\/o-nas\/#breadcrumb","itemListElement":[{"@type":"ListItem","position":1,"name":"Home","item":"https:\/\/padelacoustics.com\/pl\/"},{"@type":"ListItem","position":2,"name":"O nas"}]},{"@type":"WebSite","@id":"https:\/\/padelacoustics.com\/pl\/#website","url":"https:\/\/padelacoustics.com\/pl\/","name":"Padelakustik","description":"Akustikl\u00f6sningar till din padelhall","potentialAction":[{"@type":"SearchAction","target":{"@type":"EntryPoint","urlTemplate":"https:\/\/padelacoustics.com\/pl\/?s={search_term_string}"},"query-input":{"@type":"PropertyValueSpecification","valueRequired":true,"valueName":"search_term_string"}}],"inLanguage":"en-US"}]}},"_links":{"self":[{"href":"https:\/\/padelacoustics.com\/pl\/wp-json\/wp\/v2\/pages\/33","targetHints":{"allow":["GET"]}}],"collection":[{"href":"https:\/\/padelacoustics.com\/pl\/wp-json\/wp\/v2\/pages"}],"about":[{"href":"https:\/\/padelacoustics.com\/pl\/wp-json\/wp\/v2\/types\/page"}],"author":[{"embeddable":true,"href":"https:\/\/padelacoustics.com\/pl\/wp-json\/wp\/v2\/users\/1"}],"replies":[{"embeddable":true,"href":"https:\/\/padelacoustics.com\/pl\/wp-json\/wp\/v2\/comments?post=33"}],"version-history":[{"count":28,"href":"https:\/\/padelacoustics.com\/pl\/wp-json\/wp\/v2\/pages\/33\/revisions"}],"predecessor-version":[{"id":903,"href":"https:\/\/padelacoustics.com\/pl\/wp-json\/wp\/v2\/pages\/33\/revisions\/903"}],"wp:attachment":[{"href":"https:\/\/padelacoustics.com\/pl\/wp-json\/wp\/v2\/media?parent=33"}],"curies":[{"name":"wp","href":"https:\/\/api.w.org\/{rel}","templated":true}]}}