{"id":342,"date":"2022-11-02T13:36:55","date_gmt":"2022-11-02T13:36:55","guid":{"rendered":"https:\/\/merlin.templweb.com\/?page_id=342"},"modified":"2023-04-12T07:35:23","modified_gmt":"2023-04-12T07:35:23","slug":"tkanina-akustyczna","status":"publish","type":"page","link":"https:\/\/padelacoustics.com\/pl\/tkanina-akustyczna\/","title":{"rendered":"Akustiktyg"},"content":{"rendered":"<div \n    class=\"align wp-block-two-columns py-12\">\n    <div class=\"overflow-hidden\">\n        <div\n            class=\" border-none  relative mx-auto max-w-7xl px-4 py-6 sm:px-6 lg:px-8\">\n                            <div class=\"mx-auto text-base\">\n                    <h1\n                        class=\"mt-2 text-3xl font-extrabold leading-8 tracking-tight text-gray-900 sm:text-4xl\">\n                        Tkanina akustyczna\n                        <\/h1>\n                <\/div>\n                        <div class=\"mt-4 flex items-baseline justify-start gap-6\">\n                \n                            <\/div>\n            <div class=\"mt-4 lg:grid lg:grid-cols-2 lg:gap-16\">\n                <div class=\"relative lg:col-start-2 lg:row-start-1\">\n                    <div class=\"relative mx-auto max-w-prose lg:max-w-none\">\n                        <div class=\"container\">\n                                                            <img decoding=\"async\" class=\"rounded-lg object-cover object-center shadow-lg lg:h-full\"\n                                    src=\"https:\/\/padelacoustics.com\/pl\/app\/uploads\/2022\/08\/Akustiktyg-Molton-mo\u0308rk-gra\u030a.jpeg\" alt=\"Akustiktyg-Molton-mo\u0308rk-gra\u030a\">\n                                                    <\/div>\n                    <\/div>\n                <\/div>\n                <div class=\"mt-8 lg:mt-0\">\n                    <div class=\"mx-auto max-w-prose text-base lg:max-w-none\">\n                                                                                                                        <div\n                                        class=\"prose mx-auto mt-5 text-gray-500 lg:col-start-1 lg:row-start-1 lg:max-w-none\">\n                                        <span class=\"wysiwyg-text\"><p class=\"p1\">Szklane \u015bciany lub innego rodzaju przegrody dziel\u0105 przestrze\u0144 na mniejsze sekcje, powoduj\u0105c odbijanie si\u0119 d\u017awi\u0119ku z nieprzyjemnie d\u0142ugim pog\u0142osem i echem. Materia\u0142y akustyczne stanowi\u0105 najbardziej korzystny cenowo spos\u00f3b na wyg\u0142uszenie d\u017awi\u0119ku i stworzenie przyjemnej przestrzeni do gry w padla. Materia\u0142 jest szczotkowany po obu stronach. Oznacza to, i\u017c przechodz\u0105c przez materia\u0142, fale d\u017awi\u0119kowe zamieniaj\u0105 si\u0119 w energi\u0119 ciepln\u0105, co z kolei przyczynia si\u0119 do ich wyg\u0142uszenia.<\/p>\n<\/span>\n                                    <\/div>\n                                                                                                                                <div\n                                        class=\"prose mx-auto mt-5 text-gray-500 lg:col-start-1 lg:row-start-1 lg:max-w-none\">\n                                        <span class=\"wysiwyg-text\"><p class=\"p1\">Stosujemy g\u0142\u00f3wnie materia\u0142y zginane, podwieszane na szynie na suficie, wok\u00f3\u0142 \u015bcian, aby uzyska\u0107 optymalny efekt wyt\u0142umienia d\u017awi\u0119k\u00f3w. Materia\u0142 umieszczony pomi\u0119dzy kortami na wysoko\u015bci ok. 3\u20134,5 m nad pod\u0142og\u0105, dzia\u0142a tak\u017ce jako bariera dla pi\u0142ek oraz ra\u017c\u0105cego \u015bwiat\u0142a z s\u0105siednich kort\u00f3w. S\u0142u\u017cymy naszym klientom rad\u0105 oraz pomagamy im w prowadzeniu projektu od pierwszego kontaktu a\u017c do uzyskania efektu ko\u0144cowego!<\/p>\n<\/span>\n                                    <\/div>\n                                                                                                        <\/div>\n                <\/div>\n            <\/div>\n        <\/div>\n    <\/div>\n<\/div>\n\n\n<div  class=\"align wp-block-feature-grid max-w-7xl mx-auto py-4 px-4 sm:px-6 lg:px-8\">\n                          <dl\n              class=\"mt-12 space-y-10 sm:space-y-0 sm:grid sm:grid-cols-2 sm:gap-x-6 sm:gap-y-12 lg:grid-cols-4 lg:gap-x-8\">\n                                <div class=\"relative\">\n                      <dt>\n                          <svg class=\"absolute h-6 w-6 text-black\" xmlns=\"http:\/\/www.w3.org\/2000\/svg\"\n                              fill=\"none\" viewBox=\"0 0 24 24\" stroke-width=\"2\" stroke=\"currentColor\" aria-hidden=\"true\">\n                              <path stroke-linecap=\"round\" stroke-linejoin=\"round\" d=\"M5 13l4 4L19 7\" \/>\n                          <\/svg>\n                                                        <p class=\"ml-9 text-lg leading-6 font-medium text-gray-900\">\n                                  T\u0142umienie d\u017awi\u0119ku:\n                              <\/p>\n                                                <\/dt>\n                                                <dd class=\"mt-2 ml-9 text-base text-gray-500\">\n                              <p>Skutecznie t\u0142umi d\u017awi\u0119k<\/p>\n\n                          <\/dd>\n                                        <\/div>\n                                <div class=\"relative\">\n                      <dt>\n                          <svg class=\"absolute h-6 w-6 text-black\" xmlns=\"http:\/\/www.w3.org\/2000\/svg\"\n                              fill=\"none\" viewBox=\"0 0 24 24\" stroke-width=\"2\" stroke=\"currentColor\" aria-hidden=\"true\">\n                              <path stroke-linecap=\"round\" stroke-linejoin=\"round\" d=\"M5 13l4 4L19 7\" \/>\n                          <\/svg>\n                                                        <p class=\"ml-9 text-lg leading-6 font-medium text-gray-900\">\n                                  Waga:\n                              <\/p>\n                                                <\/dt>\n                                                <dd class=\"mt-2 ml-9 text-base text-gray-500\">\n                              <p>300gr\/m2<\/p>\n\n                          <\/dd>\n                                        <\/div>\n                                <div class=\"relative\">\n                      <dt>\n                          <svg class=\"absolute h-6 w-6 text-black\" xmlns=\"http:\/\/www.w3.org\/2000\/svg\"\n                              fill=\"none\" viewBox=\"0 0 24 24\" stroke-width=\"2\" stroke=\"currentColor\" aria-hidden=\"true\">\n                              <path stroke-linecap=\"round\" stroke-linejoin=\"round\" d=\"M5 13l4 4L19 7\" \/>\n                          <\/svg>\n                                                        <p class=\"ml-9 text-lg leading-6 font-medium text-gray-900\">\n                                  Materia\u0142:\n                              <\/p>\n                                                <\/dt>\n                                                <dd class=\"mt-2 ml-9 text-base text-gray-500\">\n                              <p><span style=\"font-weight: 400;\">100% Bawe\u0142na<\/span><\/p>\n\n                          <\/dd>\n                                        <\/div>\n                                <div class=\"relative\">\n                      <dt>\n                          <svg class=\"absolute h-6 w-6 text-black\" xmlns=\"http:\/\/www.w3.org\/2000\/svg\"\n                              fill=\"none\" viewBox=\"0 0 24 24\" stroke-width=\"2\" stroke=\"currentColor\" aria-hidden=\"true\">\n                              <path stroke-linecap=\"round\" stroke-linejoin=\"round\" d=\"M5 13l4 4L19 7\" \/>\n                          <\/svg>\n                                                        <p class=\"ml-9 text-lg leading-6 font-medium text-gray-900\">\n                                  obr\u00f3bka powierzchniowa:\n                              <\/p>\n                                                <\/dt>\n                                                <dd class=\"mt-2 ml-9 text-base text-gray-500\">\n                              <p>Szczotkowane po obu stronach w celu zwi\u0119kszenia poch\u0142aniania d\u017awi\u0119ku<\/p>\n\n                          <\/dd>\n                                        <\/div>\n                                <div class=\"relative\">\n                      <dt>\n                          <svg class=\"absolute h-6 w-6 text-black\" xmlns=\"http:\/\/www.w3.org\/2000\/svg\"\n                              fill=\"none\" viewBox=\"0 0 24 24\" stroke-width=\"2\" stroke=\"currentColor\" aria-hidden=\"true\">\n                              <path stroke-linecap=\"round\" stroke-linejoin=\"round\" d=\"M5 13l4 4L19 7\" \/>\n                          <\/svg>\n                                                        <p class=\"ml-9 text-lg leading-6 font-medium text-gray-900\">\n                                  Kolor:\n                              <\/p>\n                                                <\/dt>\n                                                <dd class=\"mt-2 ml-9 text-base text-gray-500\">\n                              <p>Jasnoszary, \u015brednioszary, antracytowy, czarny i wiele innych<\/p>\n\n                          <\/dd>\n                                        <\/div>\n                                <div class=\"relative\">\n                      <dt>\n                          <svg class=\"absolute h-6 w-6 text-black\" xmlns=\"http:\/\/www.w3.org\/2000\/svg\"\n                              fill=\"none\" viewBox=\"0 0 24 24\" stroke-width=\"2\" stroke=\"currentColor\" aria-hidden=\"true\">\n                              <path stroke-linecap=\"round\" stroke-linejoin=\"round\" d=\"M5 13l4 4L19 7\" \/>\n                          <\/svg>\n                                                        <p class=\"ml-9 text-lg leading-6 font-medium text-gray-900\">\n                                  Ochrona przed p\u0142omieniem:\n                              <\/p>\n                                                <\/dt>\n                                                <dd class=\"mt-2 ml-9 text-base text-gray-500\">\n                              <p><span style=\"font-weight: 400;\">DIN 4102 B1 + M1<\/span><\/p>\n\n                          <\/dd>\n                                        <\/div>\n                      <\/div>\n","protected":false},"excerpt":{"rendered":"","protected":false},"author":1,"featured_media":0,"parent":0,"menu_order":0,"comment_status":"closed","ping_status":"closed","template":"","meta":{"_acf_changed":false,"footnotes":""},"class_list":["post-342","page","type-page","status-publish","hentry"],"acf":[],"yoast_head":"<!-- This site is optimized with the Yoast SEO plugin v25.1 - https:\/\/yoast.com\/wordpress\/plugins\/seo\/ -->\n<title>Tkanina akustyczna - Padelakustik<\/title>\n<meta name=\"robots\" content=\"index, follow, max-snippet:-1, max-image-preview:large, max-video-preview:-1\" \/>\n<link rel=\"canonical\" href=\"https:\/\/padelacoustics.com\/pl\/tkanina-akustyczna\/\" \/>\n<meta property=\"og:locale\" content=\"en_US\" \/>\n<meta property=\"og:type\" content=\"article\" \/>\n<meta property=\"og:title\" content=\"Tkanina akustyczna - Padelakustik\" \/>\n<meta property=\"og:url\" content=\"https:\/\/padelacoustics.com\/pl\/tkanina-akustyczna\/\" \/>\n<meta property=\"og:site_name\" content=\"Padelakustik\" \/>\n<meta property=\"article:modified_time\" content=\"2023-04-12T07:35:23+00:00\" \/>\n<meta name=\"twitter:card\" content=\"summary_large_image\" \/>\n<script type=\"application\/ld+json\" class=\"yoast-schema-graph\">{\"@context\":\"https:\/\/schema.org\",\"@graph\":[{\"@type\":\"WebPage\",\"@id\":\"https:\/\/padelacoustics.com\/pl\/tkanina-akustyczna\/\",\"url\":\"https:\/\/padelacoustics.com\/pl\/tkanina-akustyczna\/\",\"name\":\"Tkanina akustyczna - Padelakustik\",\"isPartOf\":{\"@id\":\"https:\/\/padelacoustics.com\/pl\/#website\"},\"datePublished\":\"2022-11-02T13:36:55+00:00\",\"dateModified\":\"2023-04-12T07:35:23+00:00\",\"breadcrumb\":{\"@id\":\"https:\/\/padelacoustics.com\/pl\/tkanina-akustyczna\/#breadcrumb\"},\"inLanguage\":\"en-US\",\"potentialAction\":[{\"@type\":\"ReadAction\",\"target\":[\"https:\/\/padelacoustics.com\/pl\/tkanina-akustyczna\/\"]}]},{\"@type\":\"BreadcrumbList\",\"@id\":\"https:\/\/padelacoustics.com\/pl\/tkanina-akustyczna\/#breadcrumb\",\"itemListElement\":[{\"@type\":\"ListItem\",\"position\":1,\"name\":\"Home\",\"item\":\"https:\/\/padelacoustics.com\/pl\/\"},{\"@type\":\"ListItem\",\"position\":2,\"name\":\"Akustiktyg\"}]},{\"@type\":\"WebSite\",\"@id\":\"https:\/\/padelacoustics.com\/pl\/#website\",\"url\":\"https:\/\/padelacoustics.com\/pl\/\",\"name\":\"Padelakustik\",\"description\":\"Akustikl\u00f6sningar till din padelhall\",\"potentialAction\":[{\"@type\":\"SearchAction\",\"target\":{\"@type\":\"EntryPoint\",\"urlTemplate\":\"https:\/\/padelacoustics.com\/pl\/?s={search_term_string}\"},\"query-input\":{\"@type\":\"PropertyValueSpecification\",\"valueRequired\":true,\"valueName\":\"search_term_string\"}}],\"inLanguage\":\"en-US\"}]}<\/script>\n<!-- \/ Yoast SEO plugin. -->","yoast_head_json":{"title":"Tkanina akustyczna - Padelakustik","robots":{"index":"index","follow":"follow","max-snippet":"max-snippet:-1","max-image-preview":"max-image-preview:large","max-video-preview":"max-video-preview:-1"},"canonical":"https:\/\/padelacoustics.com\/pl\/tkanina-akustyczna\/","og_locale":"en_US","og_type":"article","og_title":"Tkanina akustyczna - Padelakustik","og_url":"https:\/\/padelacoustics.com\/pl\/tkanina-akustyczna\/","og_site_name":"Padelakustik","article_modified_time":"2023-04-12T07:35:23+00:00","twitter_card":"summary_large_image","schema":{"@context":"https:\/\/schema.org","@graph":[{"@type":"WebPage","@id":"https:\/\/padelacoustics.com\/pl\/tkanina-akustyczna\/","url":"https:\/\/padelacoustics.com\/pl\/tkanina-akustyczna\/","name":"Tkanina akustyczna - Padelakustik","isPartOf":{"@id":"https:\/\/padelacoustics.com\/pl\/#website"},"datePublished":"2022-11-02T13:36:55+00:00","dateModified":"2023-04-12T07:35:23+00:00","breadcrumb":{"@id":"https:\/\/padelacoustics.com\/pl\/tkanina-akustyczna\/#breadcrumb"},"inLanguage":"en-US","potentialAction":[{"@type":"ReadAction","target":["https:\/\/padelacoustics.com\/pl\/tkanina-akustyczna\/"]}]},{"@type":"BreadcrumbList","@id":"https:\/\/padelacoustics.com\/pl\/tkanina-akustyczna\/#breadcrumb","itemListElement":[{"@type":"ListItem","position":1,"name":"Home","item":"https:\/\/padelacoustics.com\/pl\/"},{"@type":"ListItem","position":2,"name":"Akustiktyg"}]},{"@type":"WebSite","@id":"https:\/\/padelacoustics.com\/pl\/#website","url":"https:\/\/padelacoustics.com\/pl\/","name":"Padelakustik","description":"Akustikl\u00f6sningar till din padelhall","potentialAction":[{"@type":"SearchAction","target":{"@type":"EntryPoint","urlTemplate":"https:\/\/padelacoustics.com\/pl\/?s={search_term_string}"},"query-input":{"@type":"PropertyValueSpecification","valueRequired":true,"valueName":"search_term_string"}}],"inLanguage":"en-US"}]}},"_links":{"self":[{"href":"https:\/\/padelacoustics.com\/pl\/wp-json\/wp\/v2\/pages\/342","targetHints":{"allow":["GET"]}}],"collection":[{"href":"https:\/\/padelacoustics.com\/pl\/wp-json\/wp\/v2\/pages"}],"about":[{"href":"https:\/\/padelacoustics.com\/pl\/wp-json\/wp\/v2\/types\/page"}],"author":[{"embeddable":true,"href":"https:\/\/padelacoustics.com\/pl\/wp-json\/wp\/v2\/users\/1"}],"replies":[{"embeddable":true,"href":"https:\/\/padelacoustics.com\/pl\/wp-json\/wp\/v2\/comments?post=342"}],"version-history":[{"count":19,"href":"https:\/\/padelacoustics.com\/pl\/wp-json\/wp\/v2\/pages\/342\/revisions"}],"predecessor-version":[{"id":891,"href":"https:\/\/padelacoustics.com\/pl\/wp-json\/wp\/v2\/pages\/342\/revisions\/891"}],"wp:attachment":[{"href":"https:\/\/padelacoustics.com\/pl\/wp-json\/wp\/v2\/media?parent=342"}],"curies":[{"name":"wp","href":"https:\/\/api.w.org\/{rel}","templated":true}]}}