{"id":35,"date":"2022-08-04T10:25:00","date_gmt":"2022-08-04T10:25:00","guid":{"rendered":"http:\/\/padelakustik2022.test\/?page_id=35"},"modified":"2023-04-12T07:37:34","modified_gmt":"2023-04-12T07:37:34","slug":"plyta-akustyczna-120","status":"publish","type":"page","link":"https:\/\/padelacoustics.com\/pl\/plyta-akustyczna-120\/","title":{"rendered":"Akustikplatta 120"},"content":{"rendered":"<div \n    class=\"align wp-block-two-columns py-12\">\n    <div class=\"overflow-hidden\">\n        <div\n            class=\" border-none  relative mx-auto max-w-7xl px-4 py-6 sm:px-6 lg:px-8\">\n                            <div class=\"mx-auto text-base\">\n                    <h1\n                        class=\"mt-2 text-3xl font-extrabold leading-8 tracking-tight text-gray-900 sm:text-4xl\">\n                        P\u0142yta akustyczna 120 \n                        <\/h1>\n                <\/div>\n                        <div class=\"mt-4 flex items-baseline justify-start gap-6\">\n                \n                            <\/div>\n            <div class=\"mt-4 lg:grid lg:grid-cols-2 lg:gap-16\">\n                <div class=\"relative lg:col-start-2 lg:row-start-1\">\n                    <div class=\"relative mx-auto max-w-prose lg:max-w-none\">\n                        <div class=\"container\">\n                                                            <img decoding=\"async\" class=\"rounded-lg object-cover object-center shadow-lg lg:h-full\"\n                                    src=\"https:\/\/padelacoustics.com\/pl\/app\/uploads\/2022\/08\/AKustikplatta-120-Gra\u030a.jpeg\" alt=\"AKustikplatta-120-Gra\u030a\">\n                                                    <\/div>\n                    <\/div>\n                <\/div>\n                <div class=\"mt-8 lg:mt-0\">\n                    <div class=\"mx-auto max-w-prose text-base lg:max-w-none\">\n                                                                                                                        <div\n                                        class=\"prose mx-auto mt-5 text-gray-500 lg:col-start-1 lg:row-start-1 lg:max-w-none\">\n                                        <span class=\"wysiwyg-text\"><p class=\"p1\">P\u0142yta akustyczna 120 to najbardziej korzystny cenowo produkt na rynku, kt\u00f3ry stosuje si\u0119 na wi\u0119kszo\u015bci sufit\u00f3w w halach i arenach sportowych na terenie Szwecji. To po prostu znakomite wyg\u0142uszanie d\u017awi\u0119ku w korzystnej cenie. Omawiany produkt spe\u0142nia najbardziej rygorystyczne wymogi ochrony przeciwpo\u017carowej, skutecznie wyg\u0142usza d\u017awi\u0119ki, a ponadto jest bardzo \u0142atwy i szybki w monta\u017cu.<\/p>\n<\/span>\n                                    <\/div>\n                                                                                                                                <div\n                                        class=\"prose mx-auto mt-5 text-gray-500 lg:col-start-1 lg:row-start-1 lg:max-w-none\">\n                                        <span class=\"wysiwyg-text\"><p class=\"p1\">W przypadku hal do gry w padla oraz innych hal sportowych, p\u0142yty akustyczne 120 s\u0105 umieszczane na ca\u0142ym suficie lub w okre\u015blonych odst\u0119pach w zale\u017cno\u015bci od bud\u017cetu. P\u0142yta akustyczna 50 mm ze znajduj\u0105c\u0105 si\u0119 za ni\u0105 szczelin\u0105 powietrzn\u0105 (o takiej samej grubo\u015bci) zapewnia lepsze wyt\u0142umienie d\u017awi\u0119ku ni\u017c 100 mm p\u0142yta akustyczna (z tego samego materia\u0142u) montowana tu\u017c przy \u015bcianie. W\u0142a\u015bciwy monta\u017c wzgl\u0119dem \u015bciany (w celu uzyskania szczeliny powietrznej) jest r\u00f3wnie istotny co grubo\u015b\u0107 paneli.<\/p>\n<\/span>\n                                    <\/div>\n                                                                                                                                <div\n                                        class=\"prose mx-auto mt-5 text-gray-500 lg:col-start-1 lg:row-start-1 lg:max-w-none\">\n                                        <span class=\"wysiwyg-text\"><p class=\"p1\">W przypadku hal z no\u015bnym dachem z blachy, p\u0142yty s\u0105 montowane bezpo\u015brednio przy suficie za pomoc\u0105 izolowanych \u015brub i podk\u0142adek 50 mm. Cztery \u015bruby z podk\u0142adkami bez problemu utrzymuj\u0105 p\u0142yt\u0119 akustyczn\u0105 o wymiarach 120x120cm. Zalet\u0105 dach\u00f3w z blachy falistej jest uzyskanie szczeliny powietrznej na 50% powierzchni, pomimo monta\u017cu tu\u017c przy suficie ze wzgl\u0119du na falisty profil.<\/p>\n<\/span>\n                                    <\/div>\n                                                                                                        <\/div>\n                <\/div>\n            <\/div>\n        <\/div>\n    <\/div>\n<\/div>\n\n\n<div  class=\"align wp-block-feature-grid max-w-7xl mx-auto py-4 px-4 sm:px-6 lg:px-8\">\n                          <dl\n              class=\"mt-12 space-y-10 sm:space-y-0 sm:grid sm:grid-cols-2 sm:gap-x-6 sm:gap-y-12 lg:grid-cols-4 lg:gap-x-8\">\n                                <div class=\"relative\">\n                      <dt>\n                          <svg class=\"absolute h-6 w-6 text-black\" xmlns=\"http:\/\/www.w3.org\/2000\/svg\"\n                              fill=\"none\" viewBox=\"0 0 24 24\" stroke-width=\"2\" stroke=\"currentColor\" aria-hidden=\"true\">\n                              <path stroke-linecap=\"round\" stroke-linejoin=\"round\" d=\"M5 13l4 4L19 7\" \/>\n                          <\/svg>\n                                                        <p class=\"ml-9 text-lg leading-6 font-medium text-gray-900\">\n                                  Wymiary:\n                              <\/p>\n                                                <\/dt>\n                                                <dd class=\"mt-2 ml-9 text-base text-gray-500\">\n                              <p><span style=\"font-weight: 400;\">1200 x 1200mm \/ 1200 x 600mm<\/span><\/p>\n\n                          <\/dd>\n                                        <\/div>\n                                <div class=\"relative\">\n                      <dt>\n                          <svg class=\"absolute h-6 w-6 text-black\" xmlns=\"http:\/\/www.w3.org\/2000\/svg\"\n                              fill=\"none\" viewBox=\"0 0 24 24\" stroke-width=\"2\" stroke=\"currentColor\" aria-hidden=\"true\">\n                              <path stroke-linecap=\"round\" stroke-linejoin=\"round\" d=\"M5 13l4 4L19 7\" \/>\n                          <\/svg>\n                                                        <p class=\"ml-9 text-lg leading-6 font-medium text-gray-900\">\n                                  Montowanie:\n                              <\/p>\n                                                <\/dt>\n                                                <dd class=\"mt-2 ml-9 text-base text-gray-500\">\n                              <p>Do monta\u017cu sufitowego<\/p>\n\n                          <\/dd>\n                                        <\/div>\n                                <div class=\"relative\">\n                      <dt>\n                          <svg class=\"absolute h-6 w-6 text-black\" xmlns=\"http:\/\/www.w3.org\/2000\/svg\"\n                              fill=\"none\" viewBox=\"0 0 24 24\" stroke-width=\"2\" stroke=\"currentColor\" aria-hidden=\"true\">\n                              <path stroke-linecap=\"round\" stroke-linejoin=\"round\" d=\"M5 13l4 4L19 7\" \/>\n                          <\/svg>\n                                                        <p class=\"ml-9 text-lg leading-6 font-medium text-gray-900\">\n                                  Poch\u0142anianie d\u017awi\u0119ku:\n                              <\/p>\n                                                <\/dt>\n                                                <dd class=\"mt-2 ml-9 text-base text-gray-500\">\n                              <p>Wysoka absorpcja d\u017awi\u0119ku<\/p>\n\n                          <\/dd>\n                                        <\/div>\n                                <div class=\"relative\">\n                      <dt>\n                          <svg class=\"absolute h-6 w-6 text-black\" xmlns=\"http:\/\/www.w3.org\/2000\/svg\"\n                              fill=\"none\" viewBox=\"0 0 24 24\" stroke-width=\"2\" stroke=\"currentColor\" aria-hidden=\"true\">\n                              <path stroke-linecap=\"round\" stroke-linejoin=\"round\" d=\"M5 13l4 4L19 7\" \/>\n                          <\/svg>\n                                                        <p class=\"ml-9 text-lg leading-6 font-medium text-gray-900\">\n                                  Grubo\u015b\u0107:\n                              <\/p>\n                                                <\/dt>\n                                                <dd class=\"mt-2 ml-9 text-base text-gray-500\">\n                              <p><span style=\"font-weight: 400;\">50mm \/ 100mm<\/span><\/p>\n\n                          <\/dd>\n                                        <\/div>\n                                <div class=\"relative\">\n                      <dt>\n                          <svg class=\"absolute h-6 w-6 text-black\" xmlns=\"http:\/\/www.w3.org\/2000\/svg\"\n                              fill=\"none\" viewBox=\"0 0 24 24\" stroke-width=\"2\" stroke=\"currentColor\" aria-hidden=\"true\">\n                              <path stroke-linecap=\"round\" stroke-linejoin=\"round\" d=\"M5 13l4 4L19 7\" \/>\n                          <\/svg>\n                                                        <p class=\"ml-9 text-lg leading-6 font-medium text-gray-900\">\n                                  Kolor:\n                              <\/p>\n                                                <\/dt>\n                                                <dd class=\"mt-2 ml-9 text-base text-gray-500\">\n                              <p>Naturalny, bia\u0142y, szary lub czarny<\/p>\n\n                          <\/dd>\n                                        <\/div>\n                                <div class=\"relative\">\n                      <dt>\n                          <svg class=\"absolute h-6 w-6 text-black\" xmlns=\"http:\/\/www.w3.org\/2000\/svg\"\n                              fill=\"none\" viewBox=\"0 0 24 24\" stroke-width=\"2\" stroke=\"currentColor\" aria-hidden=\"true\">\n                              <path stroke-linecap=\"round\" stroke-linejoin=\"round\" d=\"M5 13l4 4L19 7\" \/>\n                          <\/svg>\n                                                        <p class=\"ml-9 text-lg leading-6 font-medium text-gray-900\">\n                                  Materia\u0142:\n                              <\/p>\n                                                <\/dt>\n                                                <dd class=\"mt-2 ml-9 text-base text-gray-500\">\n                              <p>We\u0142na kamienna + tkanina z w\u0142\u00f3kna szklanego<\/p>\n\n                          <\/dd>\n                                        <\/div>\n                                <div class=\"relative\">\n                      <dt>\n                          <svg class=\"absolute h-6 w-6 text-black\" xmlns=\"http:\/\/www.w3.org\/2000\/svg\"\n                              fill=\"none\" viewBox=\"0 0 24 24\" stroke-width=\"2\" stroke=\"currentColor\" aria-hidden=\"true\">\n                              <path stroke-linecap=\"round\" stroke-linejoin=\"round\" d=\"M5 13l4 4L19 7\" \/>\n                          <\/svg>\n                                                        <p class=\"ml-9 text-lg leading-6 font-medium text-gray-900\">\n                                  Klasa ogniowa:\n                              <\/p>\n                                                <\/dt>\n                                                <dd class=\"mt-2 ml-9 text-base text-gray-500\">\n                              <p><span style=\"font-weight: 400;\">A1, EN 13501-1<\/span><\/p>\n\n                          <\/dd>\n                                        <\/div>\n                      <\/div>\n","protected":false},"excerpt":{"rendered":"","protected":false},"author":1,"featured_media":0,"parent":0,"menu_order":0,"comment_status":"closed","ping_status":"closed","template":"","meta":{"_acf_changed":false,"footnotes":""},"class_list":["post-35","page","type-page","status-publish","hentry"],"acf":[],"yoast_head":"<!-- This site is optimized with the Yoast SEO plugin v25.1 - https:\/\/yoast.com\/wordpress\/plugins\/seo\/ -->\n<title>P\u0142yta akustyczna 120 - Padelakustik<\/title>\n<meta name=\"robots\" content=\"index, follow, max-snippet:-1, max-image-preview:large, max-video-preview:-1\" \/>\n<link rel=\"canonical\" href=\"https:\/\/padelacoustics.com\/pl\/plyta-akustyczna-120\/\" \/>\n<meta property=\"og:locale\" content=\"en_US\" \/>\n<meta property=\"og:type\" content=\"article\" \/>\n<meta property=\"og:title\" content=\"P\u0142yta akustyczna 120 - Padelakustik\" \/>\n<meta property=\"og:url\" content=\"https:\/\/padelacoustics.com\/pl\/plyta-akustyczna-120\/\" \/>\n<meta property=\"og:site_name\" content=\"Padelakustik\" \/>\n<meta property=\"article:modified_time\" content=\"2023-04-12T07:37:34+00:00\" \/>\n<meta name=\"twitter:card\" content=\"summary_large_image\" \/>\n<script type=\"application\/ld+json\" class=\"yoast-schema-graph\">{\"@context\":\"https:\/\/schema.org\",\"@graph\":[{\"@type\":\"WebPage\",\"@id\":\"https:\/\/padelacoustics.com\/pl\/plyta-akustyczna-120\/\",\"url\":\"https:\/\/padelacoustics.com\/pl\/plyta-akustyczna-120\/\",\"name\":\"P\u0142yta akustyczna 120 - Padelakustik\",\"isPartOf\":{\"@id\":\"https:\/\/padelacoustics.com\/pl\/#website\"},\"datePublished\":\"2022-08-04T10:25:00+00:00\",\"dateModified\":\"2023-04-12T07:37:34+00:00\",\"breadcrumb\":{\"@id\":\"https:\/\/padelacoustics.com\/pl\/plyta-akustyczna-120\/#breadcrumb\"},\"inLanguage\":\"en-US\",\"potentialAction\":[{\"@type\":\"ReadAction\",\"target\":[\"https:\/\/padelacoustics.com\/pl\/plyta-akustyczna-120\/\"]}]},{\"@type\":\"BreadcrumbList\",\"@id\":\"https:\/\/padelacoustics.com\/pl\/plyta-akustyczna-120\/#breadcrumb\",\"itemListElement\":[{\"@type\":\"ListItem\",\"position\":1,\"name\":\"Home\",\"item\":\"https:\/\/padelacoustics.com\/pl\/\"},{\"@type\":\"ListItem\",\"position\":2,\"name\":\"Akustikplatta 120\"}]},{\"@type\":\"WebSite\",\"@id\":\"https:\/\/padelacoustics.com\/pl\/#website\",\"url\":\"https:\/\/padelacoustics.com\/pl\/\",\"name\":\"Padelakustik\",\"description\":\"Akustikl\u00f6sningar till din padelhall\",\"potentialAction\":[{\"@type\":\"SearchAction\",\"target\":{\"@type\":\"EntryPoint\",\"urlTemplate\":\"https:\/\/padelacoustics.com\/pl\/?s={search_term_string}\"},\"query-input\":{\"@type\":\"PropertyValueSpecification\",\"valueRequired\":true,\"valueName\":\"search_term_string\"}}],\"inLanguage\":\"en-US\"}]}<\/script>\n<!-- \/ Yoast SEO plugin. -->","yoast_head_json":{"title":"P\u0142yta akustyczna 120 - Padelakustik","robots":{"index":"index","follow":"follow","max-snippet":"max-snippet:-1","max-image-preview":"max-image-preview:large","max-video-preview":"max-video-preview:-1"},"canonical":"https:\/\/padelacoustics.com\/pl\/plyta-akustyczna-120\/","og_locale":"en_US","og_type":"article","og_title":"P\u0142yta akustyczna 120 - Padelakustik","og_url":"https:\/\/padelacoustics.com\/pl\/plyta-akustyczna-120\/","og_site_name":"Padelakustik","article_modified_time":"2023-04-12T07:37:34+00:00","twitter_card":"summary_large_image","schema":{"@context":"https:\/\/schema.org","@graph":[{"@type":"WebPage","@id":"https:\/\/padelacoustics.com\/pl\/plyta-akustyczna-120\/","url":"https:\/\/padelacoustics.com\/pl\/plyta-akustyczna-120\/","name":"P\u0142yta akustyczna 120 - Padelakustik","isPartOf":{"@id":"https:\/\/padelacoustics.com\/pl\/#website"},"datePublished":"2022-08-04T10:25:00+00:00","dateModified":"2023-04-12T07:37:34+00:00","breadcrumb":{"@id":"https:\/\/padelacoustics.com\/pl\/plyta-akustyczna-120\/#breadcrumb"},"inLanguage":"en-US","potentialAction":[{"@type":"ReadAction","target":["https:\/\/padelacoustics.com\/pl\/plyta-akustyczna-120\/"]}]},{"@type":"BreadcrumbList","@id":"https:\/\/padelacoustics.com\/pl\/plyta-akustyczna-120\/#breadcrumb","itemListElement":[{"@type":"ListItem","position":1,"name":"Home","item":"https:\/\/padelacoustics.com\/pl\/"},{"@type":"ListItem","position":2,"name":"Akustikplatta 120"}]},{"@type":"WebSite","@id":"https:\/\/padelacoustics.com\/pl\/#website","url":"https:\/\/padelacoustics.com\/pl\/","name":"Padelakustik","description":"Akustikl\u00f6sningar till din padelhall","potentialAction":[{"@type":"SearchAction","target":{"@type":"EntryPoint","urlTemplate":"https:\/\/padelacoustics.com\/pl\/?s={search_term_string}"},"query-input":{"@type":"PropertyValueSpecification","valueRequired":true,"valueName":"search_term_string"}}],"inLanguage":"en-US"}]}},"_links":{"self":[{"href":"https:\/\/padelacoustics.com\/pl\/wp-json\/wp\/v2\/pages\/35","targetHints":{"allow":["GET"]}}],"collection":[{"href":"https:\/\/padelacoustics.com\/pl\/wp-json\/wp\/v2\/pages"}],"about":[{"href":"https:\/\/padelacoustics.com\/pl\/wp-json\/wp\/v2\/types\/page"}],"author":[{"embeddable":true,"href":"https:\/\/padelacoustics.com\/pl\/wp-json\/wp\/v2\/users\/1"}],"replies":[{"embeddable":true,"href":"https:\/\/padelacoustics.com\/pl\/wp-json\/wp\/v2\/comments?post=35"}],"version-history":[{"count":55,"href":"https:\/\/padelacoustics.com\/pl\/wp-json\/wp\/v2\/pages\/35\/revisions"}],"predecessor-version":[{"id":894,"href":"https:\/\/padelacoustics.com\/pl\/wp-json\/wp\/v2\/pages\/35\/revisions\/894"}],"wp:attachment":[{"href":"https:\/\/padelacoustics.com\/pl\/wp-json\/wp\/v2\/media?parent=35"}],"curies":[{"name":"wp","href":"https:\/\/api.w.org\/{rel}","templated":true}]}}